{"id":18967,"date":"2025-06-27T17:27:29","date_gmt":"2025-06-27T15:27:29","guid":{"rendered":"https:\/\/stage.poppersparadise.eu\/product\/radiant-red-dildo-s\/"},"modified":"2025-09-23T11:25:13","modified_gmt":"2025-09-23T09:25:13","slug":"gode-rouge-radieux-s","status":"publish","type":"product","link":"https:\/\/stage.poppersparadise.eu\/fr\/produit\/gode-rouge-radieux-s\/","title":{"rendered":"Gode rouge radieux - S"},"content":{"rendered":"<h2 class=\"font-bold text-h3 leading-[36px] pt-[21px] pb-[2px] [&amp;_a]:underline-offset-[6px] [&amp;_.underline]:underline-offset-[6px]\" dir=\"ltr\">D\u00e9couvrez l'\u00e9clat du cosmos avec Radiant Red<\/h2>\n<p class=\"text-body font-regular leading-[24px] pt-[9px] pb-[2px]\" dir=\"ltr\">Enflammez votre imagination et faites passer vos moments intimes au niveau sup\u00e9rieur avec le Radiant Red Dildo. Le design audacieux, inspir\u00e9 des \u00e9toiles, capture la beaut\u00e9 et l'attrait de l'univers, pour que vos exp\u00e9riences sortent de l'ordinaire. Par\u00e9 d'un m\u00e9lange intrigant de rouge vibrant et de tons sombres et profonds, Radiant Red repr\u00e9sente la splendeur infinie du cosmos.<\/p>\n<p class=\"text-body font-regular leading-[24px] pt-[9px] pb-[2px]\" dir=\"ltr\">Parfaitement con\u00e7ue pour les aventuriers et les amateurs de fantaisie, cette pi\u00e8ce exceptionnelle est bien plus qu'un simple accessoire : c'est votre porte d'entr\u00e9e vers un plaisir et une d\u00e9couverte in\u00e9gal\u00e9s. Qu'il s'agisse d'une exploration en solitaire ou d'un jeu de r\u00f4le, Radiant Red offre une exp\u00e9rience extraordinaire qui ressemble \u00e0 un autre monde.<\/p>\n<h3 class=\"font-bold text-h4 leading-[30px] pt-[15px] pb-[2px] [&amp;_a]:underline-offset-[6px] [&amp;_.underline]:underline-offset-[6px]\" dir=\"ltr\">Sp\u00e9cifications du produit<\/h3>\n<ul class=\"pt-[9px] pb-[2px] pl-[24px] list-disc [&amp;_ul]:pt-[5px] pt-[5px]\">\n<li class=\"text-body font-regular leading-[24px] my-[5px] [&amp;&gt;ol]:!pt-0 [&amp;&gt;ol]:!pb-0 [&amp;&gt;ul]:!pt-0 [&amp;&gt;ul]:!pb-0\" value=\"1\"><b><strong class=\"font-bold\">Longueur totale<\/strong><\/b>: Une impressionnante <strong>20.<\/strong><b><strong class=\"font-bold\">7 cm<\/strong><\/b> pour une exploration approfondie.<\/li>\n<li class=\"text-body font-regular leading-[24px] my-[5px] [&amp;&gt;ol]:!pt-0 [&amp;&gt;ol]:!pb-0 [&amp;&gt;ul]:!pt-0 [&amp;&gt;ul]:!pb-0\" value=\"2\"><b><strong class=\"font-bold\">Longueur d'insertion<\/strong><\/b>: <b><strong class=\"font-bold\">17,0 cm<\/strong><\/b> au plaisir sur mesure pour une satisfaction in\u00e9gal\u00e9e.<\/li>\n<li class=\"text-body font-regular leading-[24px] my-[5px] [&amp;&gt;ol]:!pt-0 [&amp;&gt;ol]:!pb-0 [&amp;&gt;ul]:!pt-0 [&amp;&gt;ul]:!pb-0\" value=\"3\"><b><strong class=\"font-bold\">Diam\u00e8tre sup\u00e9rieur<\/strong><\/b>: <b><strong class=\"font-bold\">3,6 cm<\/strong><\/b>L'entr\u00e9e se fait en douceur et de mani\u00e8re accueillante.<\/li>\n<li class=\"text-body font-regular leading-[24px] my-[5px] [&amp;&gt;ol]:!pt-0 [&amp;&gt;ol]:!pb-0 [&amp;&gt;ul]:!pt-0 [&amp;&gt;ul]:!pb-0\" value=\"4\"><b><strong class=\"font-bold\">Diam\u00e8tre central<\/strong><\/b>: Un robuste <b><strong class=\"font-bold\">5,3 cm<\/strong><\/b>La taille de l'appareil est satisfaisante.<\/li>\n<li class=\"text-body font-regular leading-[24px] my-[5px] [&amp;&gt;ol]:!pt-0 [&amp;&gt;ol]:!pb-0 [&amp;&gt;ul]:!pt-0 [&amp;&gt;ul]:!pb-0\" value=\"5\"><b><strong class=\"font-bold\">Diam\u00e8tre de la base<\/strong><\/b>: A stable <b><strong class=\"font-bold\">10,5 cm<\/strong><\/b>pour une manipulation s\u00fbre et confortable.<\/li>\n<li class=\"text-body font-regular leading-[24px] my-[5px] [&amp;&gt;ol]:!pt-0 [&amp;&gt;ol]:!pb-0 [&amp;&gt;ul]:!pt-0 [&amp;&gt;ul]:!pb-0\" value=\"6\"><b><strong class=\"font-bold\">Poids<\/strong><\/b>: Une importante <strong>534 g<\/strong><b><strong class=\"font-bold\">b\u00e9lier<\/strong><\/b> pour une sensation de r\u00e9alisme et de stabilit\u00e9.<\/li>\n<li class=\"text-body font-regular leading-[24px] my-[5px] [&amp;&gt;ol]:!pt-0 [&amp;&gt;ol]:!pb-0 [&amp;&gt;ul]:!pt-0 [&amp;&gt;ul]:!pb-0\" value=\"7\"><b><strong class=\"font-bold\">Mat\u00e9riau<\/strong><\/b>Les produits sont fabriqu\u00e9s en silicone platine de haute qualit\u00e9 pour une meilleure durabilit\u00e9 et un toucher plus vrai que nature.<\/li>\n<li class=\"text-body font-regular leading-[24px] my-[5px] [&amp;&gt;ol]:!pt-0 [&amp;&gt;ol]:!pb-0 [&amp;&gt;ul]:!pt-0 [&amp;&gt;ul]:!pb-0\" value=\"8\"><b><strong class=\"font-bold\">Couleurs<\/strong><\/b>Le rouge : Un m\u00e9lange \u00e9tonnant de tons rouges et sombres, symbolisant la beaut\u00e9 intemporelle des \u00e9toiles.<\/li>\n<\/ul>\n<p class=\"text-body font-regular leading-[24px] pt-[9px] pb-[2px]\" dir=\"ltr\">Laissez-vous s\u00e9duire par la qualit\u00e9 exceptionnelle et le design spectaculaire de Radiant Red. Ce chef-d'\u0153uvre cosmique promet une exp\u00e9rience inoubliable qui d\u00e9passe l'imagination.<\/p>","protected":false},"excerpt":{"rendered":"<p>D\u00e9couvrez le superbe gode Radiant Red - un design luxueux et volumineux inspir\u00e9 du cosmos. Faites l'exp\u00e9rience de la satisfaction ultime.<\/p>","protected":false},"featured_media":18966,"comment_status":"open","ping_status":"closed","template":"","meta":[],"product_brand":[767],"product_cat":[766,787],"product_tag":[],"class_list":{"0":"post-18967","1":"product","2":"type-product","3":"status-publish","4":"has-post-thumbnail","6":"product_brand-giant-space-intruders","7":"product_cat-dildos","8":"product_cat-monster-fantasy-dildos","10":"first","11":"instock","12":"sale","13":"taxable","14":"shipping-taxable","15":"purchasable","16":"product-type-simple"},"_links":{"self":[{"href":"https:\/\/stage.poppersparadise.eu\/fr\/wp-json\/wp\/v2\/product\/18967","targetHints":{"allow":["GET"]}}],"collection":[{"href":"https:\/\/stage.poppersparadise.eu\/fr\/wp-json\/wp\/v2\/product"}],"about":[{"href":"https:\/\/stage.poppersparadise.eu\/fr\/wp-json\/wp\/v2\/types\/product"}],"replies":[{"embeddable":true,"href":"https:\/\/stage.poppersparadise.eu\/fr\/wp-json\/wp\/v2\/comments?post=18967"}],"wp:featuredmedia":[{"embeddable":true,"href":"https:\/\/stage.poppersparadise.eu\/fr\/wp-json\/wp\/v2\/media\/18966"}],"wp:attachment":[{"href":"https:\/\/stage.poppersparadise.eu\/fr\/wp-json\/wp\/v2\/media?parent=18967"}],"wp:term":[{"taxonomy":"product_brand","embeddable":true,"href":"https:\/\/stage.poppersparadise.eu\/fr\/wp-json\/wp\/v2\/product_brand?post=18967"},{"taxonomy":"product_cat","embeddable":true,"href":"https:\/\/stage.poppersparadise.eu\/fr\/wp-json\/wp\/v2\/product_cat?post=18967"},{"taxonomy":"product_tag","embeddable":true,"href":"https:\/\/stage.poppersparadise.eu\/fr\/wp-json\/wp\/v2\/product_tag?post=18967"}],"curies":[{"name":"wp","href":"https:\/\/api.w.org\/{rel}","templated":true}]}}