{"id":19098,"date":"2025-06-27T17:34:32","date_gmt":"2025-06-27T15:34:32","guid":{"rendered":"https:\/\/stage.poppersparadise.eu\/product\/asteroid-adventurer-dildo-l\/"},"modified":"2025-09-23T11:25:14","modified_gmt":"2025-09-23T09:25:14","slug":"asteroid-adventurer-dildo-l","status":"publish","type":"product","link":"https:\/\/stage.poppersparadise.eu\/fr\/produit\/asteroid-adventurer-dildo-l\/","title":{"rendered":"Gode de l'aventurier des ast\u00e9ro\u00efdes - L"},"content":{"rendered":"<h2 class=\"font-bold text-h3 leading-[36px] pt-[21px] pb-[2px] [&amp;_a]:underline-offset-[6px] [&amp;_.underline]:underline-offset-[6px]\" dir=\"ltr\">D\u00e9couvrez le plaisir cosmique avec le gode \"Asteroid Adventurer\".<\/h2>\n<p class=\"text-body font-regular leading-[24px] pt-[9px] pb-[2px]\" dir=\"ltr\">Embarquez pour un voyage vers de nouvelles dimensions de plaisir avec notre gode fantastique au design unique, inspir\u00e9 de cr\u00e9atures mythiques et fabriqu\u00e9 en silicone platine de haute qualit\u00e9 pour une sensation de vie. Imaginez une cr\u00e9ature venue d'un ast\u00e9ro\u00efde lointain, enrichissant notre monde d'une extase extraterrestre qui comble vos d\u00e9sirs terrestres. Il ne s'agit pas d'un simple jouet, mais d'une porte d'entr\u00e9e vers un univers de fantasmes inconnus. Que vous vous lanciez dans une aventure en solo ou que vous exploriez les moments partag\u00e9s avec un partenaire, ce gode est l\u00e0 pour satisfaire vos fantasmes les plus profonds et les plus \u00e9nigmatiques.<\/p>\n<h3 class=\"font-bold text-h4 leading-[30px] pt-[15px] pb-[2px] [&amp;_a]:underline-offset-[6px] [&amp;_.underline]:underline-offset-[6px]\" dir=\"ltr\">Sp\u00e9cifications du produit<\/h3>\n<ul class=\"pt-[9px] pb-[2px] pl-[24px] list-disc [&amp;_ul]:pt-[5px] pt-[5px]\">\n<li class=\"text-body font-regular leading-[24px] my-[5px] [&amp;&gt;ol]:!pt-0 [&amp;&gt;ol]:!pb-0 [&amp;&gt;ul]:!pt-0 [&amp;&gt;ul]:!pb-0\" value=\"1\"><b><strong class=\"font-bold\">Longueur totale :<\/strong><\/b> 26,8 cm<\/li>\n<li class=\"text-body font-regular leading-[24px] my-[5px] [&amp;&gt;ol]:!pt-0 [&amp;&gt;ol]:!pb-0 [&amp;&gt;ul]:!pt-0 [&amp;&gt;ul]:!pb-0\" value=\"2\"><b><strong class=\"font-bold\">Longueur d'insertion :<\/strong><\/b> 22,3 cm<\/li>\n<li class=\"text-body font-regular leading-[24px] my-[5px] [&amp;&gt;ol]:!pt-0 [&amp;&gt;ol]:!pb-0 [&amp;&gt;ul]:!pt-0 [&amp;&gt;ul]:!pb-0\" value=\"3\"><b><strong class=\"font-bold\">Diam\u00e8tre sup\u00e9rieur :<\/strong><\/b> 4,4 cm<\/li>\n<li class=\"text-body font-regular leading-[24px] my-[5px] [&amp;&gt;ol]:!pt-0 [&amp;&gt;ol]:!pb-0 [&amp;&gt;ul]:!pt-0 [&amp;&gt;ul]:!pb-0\" value=\"4\"><b><strong class=\"font-bold\">Diam\u00e8tre central :<\/strong><\/b> 7,5 cm<\/li>\n<li class=\"text-body font-regular leading-[24px] my-[5px] [&amp;&gt;ol]:!pt-0 [&amp;&gt;ol]:!pb-0 [&amp;&gt;ul]:!pt-0 [&amp;&gt;ul]:!pb-0\" value=\"5\"><b><strong class=\"font-bold\">Diam\u00e8tre de la base :<\/strong><\/b> 12,8 cm<\/li>\n<li class=\"text-body font-regular leading-[24px] my-[5px] [&amp;&gt;ol]:!pt-0 [&amp;&gt;ol]:!pb-0 [&amp;&gt;ul]:!pt-0 [&amp;&gt;ul]:!pb-0\" value=\"6\"><b><strong class=\"font-bold\">Poids :<\/strong><\/b> 1376 grammes<\/li>\n<li class=\"text-body font-regular leading-[24px] my-[5px] [&amp;&gt;ol]:!pt-0 [&amp;&gt;ol]:!pb-0 [&amp;&gt;ul]:!pt-0 [&amp;&gt;ul]:!pb-0\" value=\"7\"><b><strong class=\"font-bold\">Couleurs :<\/strong><\/b> Un m\u00e9lange enchanteur de vert-bleu, d'or et de rose<\/li>\n<li class=\"text-body font-regular leading-[24px] my-[5px] [&amp;&gt;ol]:!pt-0 [&amp;&gt;ol]:!pb-0 [&amp;&gt;ul]:!pt-0 [&amp;&gt;ul]:!pb-0\" value=\"8\"><b><strong class=\"font-bold\">Mat\u00e9riau :<\/strong><\/b> Silicone platine de haute qualit\u00e9<\/li>\n<\/ul>\n<h3 class=\"font-bold text-h4 leading-[30px] pt-[15px] pb-[2px] [&amp;_a]:underline-offset-[6px] [&amp;_.underline]:underline-offset-[6px]\" dir=\"ltr\">Caract\u00e9ristiques uniques<\/h3>\n<ul class=\"pt-[9px] pb-[2px] pl-[24px] list-disc [&amp;_ul]:pt-[5px] pt-[5px]\">\n<li class=\"text-body font-regular leading-[24px] my-[5px] [&amp;&gt;ol]:!pt-0 [&amp;&gt;ol]:!pb-0 [&amp;&gt;ul]:!pt-0 [&amp;&gt;ul]:!pb-0\" value=\"1\"><b><strong class=\"font-bold\">Qualit\u00e9 sup\u00e9rieure :<\/strong><\/b> Fabriqu\u00e9 en silicone platine de la plus haute qualit\u00e9 pour une sensation incroyablement r\u00e9aliste.<\/li>\n<li class=\"text-body font-regular leading-[24px] my-[5px] [&amp;&gt;ol]:!pt-0 [&amp;&gt;ol]:!pb-0 [&amp;&gt;ul]:!pt-0 [&amp;&gt;ul]:!pb-0\" value=\"2\"><b><strong class=\"font-bold\">Couleurs vives :<\/strong><\/b> Un m\u00e9lange \u00e9poustouflant de vert-bleu, d'or et de rose qui enchante les sens.<\/li>\n<li class=\"text-body font-regular leading-[24px] my-[5px] [&amp;&gt;ol]:!pt-0 [&amp;&gt;ol]:!pb-0 [&amp;&gt;ul]:!pt-0 [&amp;&gt;ul]:!pb-0\" value=\"3\"><b><strong class=\"font-bold\">Utilisation polyvalente :<\/strong><\/b> Id\u00e9al pour la stimulation anale et vaginale, parfait pour tout amateur de fantaisie.<\/li>\n<\/ul>\n<h3 class=\"font-bold text-h4 leading-[30px] pt-[15px] pb-[2px] [&amp;_a]:underline-offset-[6px] [&amp;_.underline]:underline-offset-[6px]\" dir=\"ltr\">Partez \u00e0 la d\u00e9couverte d'un nouveau monde de plaisir<\/h3>\n<p class=\"text-body font-regular leading-[24px] pt-[9px] pb-[2px]\" dir=\"ltr\">Que vous souhaitiez pimenter les choses en couple ou jouer en solo en tant qu'amateur de fantaisie, cette beaut\u00e9 cosmique est con\u00e7ue pour plaire. Grande et imposante, avec un design inspir\u00e9 des cr\u00e9atures mythiques, elle promet une exp\u00e9rience visuellement \u00e9poustouflante et physiquement satisfaisante.<\/p>","protected":false},"excerpt":{"rendered":"<p>D\u00e9couvrez de nouvelles dimensions du plaisir avec notre gode fantaisie au design unique, inspir\u00e9 de th\u00e8mes mythiques. Fabriqu\u00e9 par des experts pour une exp\u00e9rience r\u00e9aliste et polyvalente.<\/p>","protected":false},"featured_media":19097,"comment_status":"open","ping_status":"closed","template":"","meta":[],"product_brand":[767],"product_cat":[766,787],"product_tag":[],"class_list":{"0":"post-19098","1":"product","2":"type-product","3":"status-publish","4":"has-post-thumbnail","6":"product_brand-giant-space-intruders","7":"product_cat-dildos","8":"product_cat-monster-fantasy-dildos","10":"first","11":"instock","12":"sale","13":"taxable","14":"shipping-taxable","15":"purchasable","16":"product-type-simple"},"_links":{"self":[{"href":"https:\/\/stage.poppersparadise.eu\/fr\/wp-json\/wp\/v2\/product\/19098","targetHints":{"allow":["GET"]}}],"collection":[{"href":"https:\/\/stage.poppersparadise.eu\/fr\/wp-json\/wp\/v2\/product"}],"about":[{"href":"https:\/\/stage.poppersparadise.eu\/fr\/wp-json\/wp\/v2\/types\/product"}],"replies":[{"embeddable":true,"href":"https:\/\/stage.poppersparadise.eu\/fr\/wp-json\/wp\/v2\/comments?post=19098"}],"wp:featuredmedia":[{"embeddable":true,"href":"https:\/\/stage.poppersparadise.eu\/fr\/wp-json\/wp\/v2\/media\/19097"}],"wp:attachment":[{"href":"https:\/\/stage.poppersparadise.eu\/fr\/wp-json\/wp\/v2\/media?parent=19098"}],"wp:term":[{"taxonomy":"product_brand","embeddable":true,"href":"https:\/\/stage.poppersparadise.eu\/fr\/wp-json\/wp\/v2\/product_brand?post=19098"},{"taxonomy":"product_cat","embeddable":true,"href":"https:\/\/stage.poppersparadise.eu\/fr\/wp-json\/wp\/v2\/product_cat?post=19098"},{"taxonomy":"product_tag","embeddable":true,"href":"https:\/\/stage.poppersparadise.eu\/fr\/wp-json\/wp\/v2\/product_tag?post=19098"}],"curies":[{"name":"wp","href":"https:\/\/api.w.org\/{rel}","templated":true}]}}