{"id":19142,"date":"2025-06-27T17:37:12","date_gmt":"2025-06-27T15:37:12","guid":{"rendered":"https:\/\/stage.poppersparadise.eu\/product\/cosmic-titan-dildo-m\/"},"modified":"2025-09-23T11:25:14","modified_gmt":"2025-09-23T09:25:14","slug":"cosmic-titan-dildo-m","status":"publish","type":"product","link":"https:\/\/stage.poppersparadise.eu\/fr\/produit\/cosmic-titan-dildo-m\/","title":{"rendered":"Cosmic Titan Dildo - M"},"content":{"rendered":"<h2 class=\"font-bold text-h3 leading-[36px] pt-[21px] pb-[2px] [&amp;_a]:underline-offset-[6px] [&amp;_.underline]:underline-offset-[6px]\" dir=\"ltr\">Ouvrez l'univers avec le Cosmic Titan Dildo<\/h2>\n<p class=\"text-body font-regular leading-[24px] pt-[9px] pb-[2px]\" dir=\"ltr\">Entrez dans un univers de plaisirs sans pr\u00e9c\u00e9dent avec le Cosmic Titan Dildo. Cette cr\u00e9ation d'un autre monde, \u00e0 l'attrait galactique, vous invite \u00e0 vous lib\u00e9rer des contraintes terrestres et \u00e0 explorer un royaume de fantaisie et d'extase. Imaginez un voyageur cosmique, par\u00e9 de teintes violettes et roses vibrantes, descendant sur terre avec pour mission d'\u00e9veiller vos d\u00e9sirs les plus profonds. Cette fusion saisissante d'\u00e9nergie cosmique et de puissance primitive promet une aventure transcendante.<\/p>\n<p class=\"text-body font-regular leading-[24px] pt-[9px] pb-[2px]\" dir=\"ltr\">Le Cosmic Titan Dildo n'est pas un simple instrument de plaisir - c'est votre porte d'entr\u00e9e vers une exp\u00e9rience extraordinaire, au-del\u00e0 des limites de votre imagination. Chaque courbe et chaque contour r\u00e9sonnent avec les battements de c\u0153ur de l'univers, procurant des sensations qui sont vraiment d'un autre monde. Chaque contact lib\u00e8re un flux d'\u00e9nergie cosmique, vous connectant de mani\u00e8re transparente aux myst\u00e8res du cosmos.<\/p>\n<p class=\"text-body font-regular leading-[24px] pt-[9px] pb-[2px]\" dir=\"ltr\"><b><strong class=\"font-bold\">Sp\u00e9cifications<\/strong><\/b><\/p>\n<ul class=\"pt-[9px] pb-[2px] pl-[24px] list-disc [&amp;_ul]:pt-[5px] pt-[5px]\">\n<li class=\"text-body font-regular leading-[24px] my-[5px] [&amp;&gt;ol]:!pt-0 [&amp;&gt;ol]:!pb-0 [&amp;&gt;ul]:!pt-0 [&amp;&gt;ul]:!pb-0\" value=\"1\">Longueur totale : 22,3 cm, offre une exp\u00e9rience satisfaisante et \u00e9poustouflante.<\/li>\n<li class=\"text-body font-regular leading-[24px] my-[5px] [&amp;&gt;ol]:!pt-0 [&amp;&gt;ol]:!pb-0 [&amp;&gt;ul]:!pt-0 [&amp;&gt;ul]:!pb-0\" value=\"2\">Longueur d'insertion : 18,1 cm, con\u00e7ue pour atteindre de nouveaux sommets de satisfaction.<\/li>\n<li class=\"text-body font-regular leading-[24px] my-[5px] [&amp;&gt;ol]:!pt-0 [&amp;&gt;ol]:!pb-0 [&amp;&gt;ul]:!pt-0 [&amp;&gt;ul]:!pb-0\" value=\"3\">Diam\u00e8tre du sommet : 4,9 cm, pour une introduction progressive et agr\u00e9able.<\/li>\n<li class=\"text-body font-regular leading-[24px] my-[5px] [&amp;&gt;ol]:!pt-0 [&amp;&gt;ol]:!pb-0 [&amp;&gt;ul]:!pt-0 [&amp;&gt;ul]:!pb-0\" value=\"4\">Diam\u00e8tre central : 5,9 cm, pour une sensation de pl\u00e9nitude au fur et \u00e0 mesure que l'on s'enfonce dans le sol.<\/li>\n<li class=\"text-body font-regular leading-[24px] my-[5px] [&amp;&gt;ol]:!pt-0 [&amp;&gt;ol]:!pb-0 [&amp;&gt;ul]:!pt-0 [&amp;&gt;ul]:!pb-0\" value=\"5\">Diam\u00e8tre de la base : 12,0 cm, assure une bonne prise en main lors de vos explorations cosmiques.<\/li>\n<li class=\"text-body font-regular leading-[24px] my-[5px] [&amp;&gt;ol]:!pt-0 [&amp;&gt;ol]:!pb-0 [&amp;&gt;ul]:!pt-0 [&amp;&gt;ul]:!pb-0\" value=\"6\">Poids : 676 grammes, ce qui indique une pr\u00e9sence importante.<\/li>\n<li class=\"text-body font-regular leading-[24px] my-[5px] [&amp;&gt;ol]:!pt-0 [&amp;&gt;ol]:!pb-0 [&amp;&gt;ul]:!pt-0 [&amp;&gt;ul]:!pb-0\" value=\"7\">Couleurs : Un m\u00e9lange captivant de teintes violettes et roses, rappelant des paysages extraterrestres luxuriants.<\/li>\n<li class=\"text-body font-regular leading-[24px] my-[5px] [&amp;&gt;ol]:!pt-0 [&amp;&gt;ol]:!pb-0 [&amp;&gt;ul]:!pt-0 [&amp;&gt;ul]:!pb-0\" value=\"8\">Mat\u00e9riau : Fabriqu\u00e9 en silicone platine de premi\u00e8re qualit\u00e9, il offre une texture douce et soyeuse qui est \u00e0 la fois durable et sans danger pour le corps.<\/li>\n<\/ul>\n<p class=\"text-body font-regular leading-[24px] pt-[9px] pb-[2px]\" dir=\"ltr\">Profitez d'une histoire de passion cosmique et de puissance brute, o\u00f9 chaque rencontre avec le Cosmic Titan Dildo devient une qu\u00eate c\u00e9leste. Con\u00e7u pour satisfaire les fantasmes les plus profonds des hommes et des femmes, il les invite \u00e0 repousser les limites de leur imagination. Bienvenue dans un univers o\u00f9 la fantaisie et la r\u00e9alit\u00e9 se confondent et o\u00f9 le plaisir ne conna\u00eet pas de fronti\u00e8res. Sentez l'\u00e9treinte de l'univers et laissez vos d\u00e9sirs s'envoler sous les \u00e9toiles avec ce compagnon c\u00e9leste.<\/p>","protected":false},"excerpt":{"rendered":"<p>D\u00e9couvrez le plaisir c\u00e9leste avec le Cosmic Titan Dildo-o\u00f9 le fantasme et la r\u00e9alit\u00e9 s'unissent pour offrir une aventure et une satisfaction in\u00e9gal\u00e9es.<\/p>","protected":false},"featured_media":19141,"comment_status":"open","ping_status":"closed","template":"","meta":[],"product_brand":[767],"product_cat":[766,787],"product_tag":[],"class_list":{"0":"post-19142","1":"product","2":"type-product","3":"status-publish","4":"has-post-thumbnail","6":"product_brand-giant-space-intruders","7":"product_cat-dildos","8":"product_cat-monster-fantasy-dildos","10":"first","11":"instock","12":"sale","13":"taxable","14":"shipping-taxable","15":"purchasable","16":"product-type-simple"},"_links":{"self":[{"href":"https:\/\/stage.poppersparadise.eu\/fr\/wp-json\/wp\/v2\/product\/19142","targetHints":{"allow":["GET"]}}],"collection":[{"href":"https:\/\/stage.poppersparadise.eu\/fr\/wp-json\/wp\/v2\/product"}],"about":[{"href":"https:\/\/stage.poppersparadise.eu\/fr\/wp-json\/wp\/v2\/types\/product"}],"replies":[{"embeddable":true,"href":"https:\/\/stage.poppersparadise.eu\/fr\/wp-json\/wp\/v2\/comments?post=19142"}],"wp:featuredmedia":[{"embeddable":true,"href":"https:\/\/stage.poppersparadise.eu\/fr\/wp-json\/wp\/v2\/media\/19141"}],"wp:attachment":[{"href":"https:\/\/stage.poppersparadise.eu\/fr\/wp-json\/wp\/v2\/media?parent=19142"}],"wp:term":[{"taxonomy":"product_brand","embeddable":true,"href":"https:\/\/stage.poppersparadise.eu\/fr\/wp-json\/wp\/v2\/product_brand?post=19142"},{"taxonomy":"product_cat","embeddable":true,"href":"https:\/\/stage.poppersparadise.eu\/fr\/wp-json\/wp\/v2\/product_cat?post=19142"},{"taxonomy":"product_tag","embeddable":true,"href":"https:\/\/stage.poppersparadise.eu\/fr\/wp-json\/wp\/v2\/product_tag?post=19142"}],"curies":[{"name":"wp","href":"https:\/\/api.w.org\/{rel}","templated":true}]}}