{"id":19197,"date":"2025-06-27T17:40:43","date_gmt":"2025-06-27T15:40:43","guid":{"rendered":"https:\/\/stage.poppersparadise.eu\/product\/saturnian-stallion-dildo-m\/"},"modified":"2025-09-23T11:25:15","modified_gmt":"2025-09-23T09:25:15","slug":"saturnian-stallion-dildo-m","status":"publish","type":"product","link":"https:\/\/stage.poppersparadise.eu\/fr\/produit\/saturnian-stallion-dildo-m\/","title":{"rendered":"Gode de l'\u00e9talon saturnien - M"},"content":{"rendered":"<h2 class=\"font-bold text-h3 leading-[40px] pt-[21px] pb-[2px] [&amp;_a]:underline-offset-[6px] [&amp;_.underline]:underline-offset-[6px]\" dir=\"ltr\">M\u00e9fiez-vous du gode de l'\u00e9talon saturnien<\/h2>\n<p class=\"text-body font-regular leading-[24px] pt-[9px] pb-[2px]\" dir=\"ltr\">Le gode Saturnian Stallion, un chef-d'\u0153uvre artisanal venu des profondeurs de l'espace, procure un plaisir d'un autre ordre. Selon la l\u00e9gende, l'\u00c9talon de Saturne, une cr\u00e9ature myst\u00e9rieuse ayant pour mission de peupler l'univers, est apparu pour la premi\u00e8re fois sur Terre. Avec son attrait cosmique et son design in\u00e9gal\u00e9, ce gode est pr\u00eat \u00e0 donner vie \u00e0 vos fantasmes les plus ardents.<\/p>\n<p class=\"text-body font-regular leading-[24px] pt-[9px] pb-[2px]\" dir=\"ltr\">Que vous exploriez en solo, que vous cherchiez \u00e0 pimenter votre relation ou \u00e0 explorer vos d\u00e9sirs les plus profonds de rencontres extraterrestres, le Saturnian Stallion Dildo garantit une exp\u00e9rience transcendante pour tous les couples aventureux, les explorateurs solitaires et les amateurs de fantasmes.<\/p>\n<h3 class=\"font-bold text-h4 leading-[30px] pt-[15px] pb-[2px] [&amp;_a]:underline-offset-[6px] [&amp;_.underline]:underline-offset-[6px]\" dir=\"ltr\">Pourquoi choisir le gode de l'\u00e9talon saturnien ?<\/h3>\n<p class=\"text-body font-regular leading-[24px] pt-[9px] pb-[2px]\" dir=\"ltr\">Inspir\u00e9 par la beaut\u00e9 s\u00e9duisante des cr\u00e9ations intergalactiques, ce gode haut de gamme est soigneusement fabriqu\u00e9 \u00e0 partir de la meilleure silicone de qualit\u00e9 platine. Sa surface douce et velout\u00e9e offre une sensation de r\u00e9alisme sans pr\u00e9c\u00e9dent. Le m\u00e9lange chatoyant de brun, de gris et d'or refl\u00e8te l'allure cosmique des anneaux de Saturne, ce qui en fait non seulement un jouet, mais aussi un ajout artistique \u00e0 votre collection.<\/p>\n<h3 class=\"font-bold text-h4 leading-[30px] pt-[15px] pb-[2px] [&amp;_a]:underline-offset-[6px] [&amp;_.underline]:underline-offset-[6px]\" dir=\"ltr\">Sp\u00e9cifications du produit<\/h3>\n<ul class=\"pt-[9px] pb-[2px] pl-[24px] list-disc [&amp;_ul]:pt-[5px] pt-[5px]\">\n<li class=\"text-body font-regular leading-[24px] my-[5px] [&amp;&gt;ol]:!pt-0 [&amp;&gt;ol]:!pb-0 [&amp;&gt;ul]:!pt-0 [&amp;&gt;ul]:!pb-0\" value=\"1\"><b><strong class=\"font-bold\">Longueur totale :<\/strong><\/b> 25,0 cm<\/li>\n<li class=\"text-body font-regular leading-[24px] my-[5px] [&amp;&gt;ol]:!pt-0 [&amp;&gt;ol]:!pb-0 [&amp;&gt;ul]:!pt-0 [&amp;&gt;ul]:!pb-0\" value=\"2\"><b><strong class=\"font-bold\">Longueur d'insertion :<\/strong><\/b> 11,5 cm<\/li>\n<li class=\"text-body font-regular leading-[24px] my-[5px] [&amp;&gt;ol]:!pt-0 [&amp;&gt;ol]:!pb-0 [&amp;&gt;ul]:!pt-0 [&amp;&gt;ul]:!pb-0\" value=\"3\"><b><strong class=\"font-bold\">Diam\u00e8tre de l'embout :<\/strong><\/b> 4,8 cm<\/li>\n<li class=\"text-body font-regular leading-[24px] my-[5px] [&amp;&gt;ol]:!pt-0 [&amp;&gt;ol]:!pb-0 [&amp;&gt;ul]:!pt-0 [&amp;&gt;ul]:!pb-0\" value=\"4\"><b><strong class=\"font-bold\">Diam\u00e8tre de la section centrale :<\/strong><\/b> 7,4 cm<\/li>\n<li class=\"text-body font-regular leading-[24px] my-[5px] [&amp;&gt;ol]:!pt-0 [&amp;&gt;ol]:!pb-0 [&amp;&gt;ul]:!pt-0 [&amp;&gt;ul]:!pb-0\" value=\"5\"><b><strong class=\"font-bold\">Diam\u00e8tre de la base :<\/strong><\/b> 10,0 cm<\/li>\n<li class=\"text-body font-regular leading-[24px] my-[5px] [&amp;&gt;ol]:!pt-0 [&amp;&gt;ol]:!pb-0 [&amp;&gt;ul]:!pt-0 [&amp;&gt;ul]:!pb-0\" value=\"6\"><b><strong class=\"font-bold\">Poids :<\/strong><\/b> 803 grammes<\/li>\n<li class=\"text-body font-regular leading-[24px] my-[5px] [&amp;&gt;ol]:!pt-0 [&amp;&gt;ol]:!pb-0 [&amp;&gt;ul]:!pt-0 [&amp;&gt;ul]:!pb-0\" value=\"7\"><b><strong class=\"font-bold\">Couleurs :<\/strong><\/b> Un beau m\u00e9lange de brun, de gris et d'or<\/li>\n<li class=\"text-body font-regular leading-[24px] my-[5px] [&amp;&gt;ol]:!pt-0 [&amp;&gt;ol]:!pb-0 [&amp;&gt;ul]:!pt-0 [&amp;&gt;ul]:!pb-0\" value=\"8\"><b><strong class=\"font-bold\">Mat\u00e9riau :<\/strong><\/b> Silicone platine de qualit\u00e9 sup\u00e9rieure<\/li>\n<\/ul>\n<h3 class=\"font-bold text-h4 leading-[30px] pt-[15px] pb-[2px] [&amp;_a]:underline-offset-[6px] [&amp;_.underline]:underline-offset-[6px]\" dir=\"ltr\">Caract\u00e9ristiques uniques<\/h3>\n<ul class=\"pt-[9px] pb-[2px] pl-[24px] list-disc [&amp;_ul]:pt-[5px] pt-[5px]\">\n<li class=\"text-body font-regular leading-[24px] my-[5px] [&amp;&gt;ol]:!pt-0 [&amp;&gt;ol]:!pb-0 [&amp;&gt;ul]:!pt-0 [&amp;&gt;ul]:!pb-0\" value=\"1\"><b><strong class=\"font-bold\">Qualit\u00e9 exceptionnelle :<\/strong><\/b> Fabriqu\u00e9 en silicone platine, pour une durabilit\u00e9 et une sensation hyperr\u00e9aliste sur la peau.<\/li>\n<li class=\"text-body font-regular leading-[24px] my-[5px] [&amp;&gt;ol]:!pt-0 [&amp;&gt;ol]:!pb-0 [&amp;&gt;ul]:!pt-0 [&amp;&gt;ul]:!pb-0\" value=\"2\"><b><strong class=\"font-bold\">Un design dynamique :<\/strong><\/b> Chaque tourbillon de couleur raconte une histoire cosmique et allie sans effort l'esth\u00e9tique et le d\u00e9sir.<\/li>\n<li class=\"text-body font-regular leading-[24px] my-[5px] [&amp;&gt;ol]:!pt-0 [&amp;&gt;ol]:!pb-0 [&amp;&gt;ul]:!pt-0 [&amp;&gt;ul]:!pb-0\" value=\"3\"><b><strong class=\"font-bold\">Une magie polyvalente :<\/strong><\/b> Parfait pour l'exploration vaginale et anale, il fait passer tous les moments intimes au niveau sup\u00e9rieur.<\/li>\n<\/ul>\n<h3 class=\"font-bold text-h4 leading-[30px] pt-[15px] pb-[2px] [&amp;_a]:underline-offset-[6px] [&amp;_.underline]:underline-offset-[6px]\" dir=\"ltr\">S'abandonner \u00e0 l'histoire<\/h3>\n<p class=\"text-body font-regular leading-[24px] pt-[9px] pb-[2px]\" dir=\"ltr\">L'\u00e9talon saturnien a jadis parcouru les \u00e9toiles, pouss\u00e9 par un besoin primitif de r\u00e9pandre son h\u00e9ritage dans l'univers. Aujourd'hui, il honore notre plan\u00e8te de son charisme c\u00e9leste. Sa mission ? Capter le c\u0153ur, le corps et l'imagination des hommes et des femmes. Invoquez l'\u00e9nergie puissante de cette b\u00eate mythique et transformez vos fantasmes en aventures galactiques.<\/p>\n<p class=\"text-body font-regular leading-[24px] pt-[9px] pb-[2px]\" dir=\"ltr\">Entrez avec audace dans un nouveau royaume de plaisir, o\u00f9 chaque sensation est r\u00e9gl\u00e9e pour un plaisir maximal. Que vous recherchiez des moments partag\u00e9s avec un partenaire ou que vous exploriez vos propres territoires inconnus, l'\u00e9talon saturnien est l\u00e0 pour vous connecter \u00e0 la satisfaction pure.<\/p>\n<p class=\"text-body font-regular leading-[24px] pt-[9px] pb-[2px]\" dir=\"ltr\">Pr\u00e9parez-vous \u00e0 explorer l'univers du plaisir.<\/p>","protected":false},"excerpt":{"rendered":"<p>Plongez dans un univers de plaisir avec le Saturnian Stallion Dildo - en silicone platine de premi\u00e8re qualit\u00e9, au design cosmique et pr\u00eat pour vos fantasmes.<\/p>","protected":false},"featured_media":19196,"comment_status":"open","ping_status":"closed","template":"","meta":[],"product_brand":[767],"product_cat":[766,787],"product_tag":[],"class_list":{"0":"post-19197","1":"product","2":"type-product","3":"status-publish","4":"has-post-thumbnail","6":"product_brand-giant-space-intruders","7":"product_cat-dildos","8":"product_cat-monster-fantasy-dildos","10":"first","11":"instock","12":"sale","13":"taxable","14":"shipping-taxable","15":"purchasable","16":"product-type-simple"},"_links":{"self":[{"href":"https:\/\/stage.poppersparadise.eu\/fr\/wp-json\/wp\/v2\/product\/19197","targetHints":{"allow":["GET"]}}],"collection":[{"href":"https:\/\/stage.poppersparadise.eu\/fr\/wp-json\/wp\/v2\/product"}],"about":[{"href":"https:\/\/stage.poppersparadise.eu\/fr\/wp-json\/wp\/v2\/types\/product"}],"replies":[{"embeddable":true,"href":"https:\/\/stage.poppersparadise.eu\/fr\/wp-json\/wp\/v2\/comments?post=19197"}],"wp:featuredmedia":[{"embeddable":true,"href":"https:\/\/stage.poppersparadise.eu\/fr\/wp-json\/wp\/v2\/media\/19196"}],"wp:attachment":[{"href":"https:\/\/stage.poppersparadise.eu\/fr\/wp-json\/wp\/v2\/media?parent=19197"}],"wp:term":[{"taxonomy":"product_brand","embeddable":true,"href":"https:\/\/stage.poppersparadise.eu\/fr\/wp-json\/wp\/v2\/product_brand?post=19197"},{"taxonomy":"product_cat","embeddable":true,"href":"https:\/\/stage.poppersparadise.eu\/fr\/wp-json\/wp\/v2\/product_cat?post=19197"},{"taxonomy":"product_tag","embeddable":true,"href":"https:\/\/stage.poppersparadise.eu\/fr\/wp-json\/wp\/v2\/product_tag?post=19197"}],"curies":[{"name":"wp","href":"https:\/\/api.w.org\/{rel}","templated":true}]}}