{"id":19423,"date":"2025-07-03T08:25:38","date_gmt":"2025-07-03T06:25:38","guid":{"rendered":"https:\/\/stage.poppersparadise.eu\/product\/just-glide-anaal-glijmiddel-200-ml\/"},"modified":"2025-10-07T10:19:23","modified_gmt":"2025-10-07T08:19:23","slug":"lubrifiant-anal-just-glide-200-ml","status":"publish","type":"product","link":"https:\/\/stage.poppersparadise.eu\/fr\/produit\/lubrifiant-anal-just-glide-200-ml\/","title":{"rendered":"Just Glide Anaal Glijmiddel 200 ml"},"content":{"rendered":"<h2 class=\"font-bold text-h3 leading-[36px] pt-[21px] pb-[2px] [&amp;_a]:underline-offset-[6px] [&amp;_.underline]:underline-offset-[6px]\" dir=\"ltr\">Just Glide lubrifiants anaux \u00e0 base d'eau<\/h2>\n<p class=\"text-body font-regular leading-[24px] pt-[9px] pb-[2px]\" dir=\"ltr\">Faites l'exp\u00e9rience d'une rencontre intime plus douce et plus agr\u00e9able avec Just Glide, un lubrifiant anal de haute qualit\u00e9, 100 % v\u00e9g\u00e9talien, \u00e0 base d'eau. D\u00e9velopp\u00e9 pour faciliter la p\u00e9n\u00e9tration et la rendre plus agr\u00e9able, ce lubrifiant est compos\u00e9 d'une combinaison unique de sept plantes \u00e9mollientes.<\/p>\n<h3 class=\"font-bold text-h4 leading-[30px] pt-[15px] pb-[2px] [&amp;_a]:underline-offset-[6px] [&amp;_.underline]:underline-offset-[6px]\" dir=\"ltr\">Caract\u00e9ristiques principales :<\/h3>\n<ul class=\"pt-[9px] pb-[2px] pl-[24px] list-disc [&amp;_ul]:pt-[5px] pt-[5px]\">\n<li class=\"text-body font-regular leading-[24px] my-[5px] [&amp;&gt;ol]:!pt-0 [&amp;&gt;ol]:!pb-0 [&amp;&gt;ul]:!pt-0 [&amp;&gt;ul]:!pb-0\" value=\"1\"><b><strong class=\"font-bold\">Sans huile<\/strong><\/b>Sans r\u00e9sidu graisseux.<\/li>\n<li class=\"text-body font-regular leading-[24px] my-[5px] [&amp;&gt;ol]:!pt-0 [&amp;&gt;ol]:!pb-0 [&amp;&gt;ul]:!pt-0 [&amp;&gt;ul]:!pb-0\" value=\"2\"><b><strong class=\"font-bold\">Complexe de 7 \u00e9pices<\/strong><\/b>: Favorise la d\u00e9tente et le confort.<\/li>\n<li class=\"text-body font-regular leading-[24px] my-[5px] [&amp;&gt;ol]:!pt-0 [&amp;&gt;ol]:!pb-0 [&amp;&gt;ul]:!pt-0 [&amp;&gt;ul]:!pb-0\" value=\"3\"><b><strong class=\"font-bold\">Inodore et insipide<\/strong><\/b>Les personnes sensibles peuvent se sentir \u00e0 l'aise dans ce produit.<\/li>\n<li class=\"text-body font-regular leading-[24px] my-[5px] [&amp;&gt;ol]:!pt-0 [&amp;&gt;ol]:!pb-0 [&amp;&gt;ul]:!pt-0 [&amp;&gt;ul]:!pb-0\" value=\"4\"><b><strong class=\"font-bold\">Sans danger pour la peau<\/strong><\/b>Les produits de cette cat\u00e9gorie sont les suivants : ils conviennent aux types de peaux sensibles.<\/li>\n<li class=\"text-body font-regular leading-[24px] my-[5px] [&amp;&gt;ol]:!pt-0 [&amp;&gt;ol]:!pb-0 [&amp;&gt;ul]:!pt-0 [&amp;&gt;ul]:!pb-0\" value=\"5\"><b><strong class=\"font-bold\">Sans danger pour les pr\u00e9servatifs en latex<\/strong><\/b>: Compatible avec les pr\u00e9servatifs en latex pour une protection accrue.<\/li>\n<li class=\"text-body font-regular leading-[24px] my-[5px] [&amp;&gt;ol]:!pt-0 [&amp;&gt;ol]:!pb-0 [&amp;&gt;ul]:!pt-0 [&amp;&gt;ul]:!pb-0\" value=\"6\"><b><strong class=\"font-bold\">Glisse longue dur\u00e9e<\/strong><\/b>La dur\u00e9e de glisse est plus longue.<\/li>\n<\/ul>\n<h3 class=\"font-bold text-h4 leading-[30px] pt-[15px] pb-[2px] [&amp;_a]:underline-offset-[6px] [&amp;_.underline]:underline-offset-[6px]\" dir=\"ltr\">D\u00e9tails du produit :<\/h3>\n<ul class=\"pt-[9px] pb-[2px] pl-[24px] list-disc [&amp;_ul]:pt-[5px] pt-[5px]\">\n<li class=\"text-body font-regular leading-[24px] my-[5px] [&amp;&gt;ol]:!pt-0 [&amp;&gt;ol]:!pb-0 [&amp;&gt;ul]:!pt-0 [&amp;&gt;ul]:!pb-0\" value=\"1\"><b><strong class=\"font-bold\">Couleur<\/strong><\/b>: Transparent<\/li>\n<li class=\"text-body font-regular leading-[24px] my-[5px] [&amp;&gt;ol]:!pt-0 [&amp;&gt;ol]:!pb-0 [&amp;&gt;ul]:!pt-0 [&amp;&gt;ul]:!pb-0\" value=\"2\"><b><strong class=\"font-bold\">Volume<\/strong><\/b>: 200 mL<\/li>\n<\/ul>\n<p class=\"text-body font-regular leading-[24px] pt-[9px] pb-[2px]\" dir=\"ltr\">Just Glide est id\u00e9al pour les adultes qui appr\u00e9cient le plaisir intime et le confort. Il est \u00e9galement parfait pour le sexe oral, gr\u00e2ce \u00e0 son go\u00fbt et \u00e0 son odeur neutres. Sa formule douce convient aux peaux les plus sensibles.<\/p>\n<h3 class=\"font-bold text-h4 leading-[30px] pt-[15px] pb-[2px] [&amp;_a]:underline-offset-[6px] [&amp;_.underline]:underline-offset-[6px]\" dir=\"ltr\">Liste des ingr\u00e9dients :<\/h3>\n<p class=\"text-body font-regular leading-[24px] pt-[9px] pb-[2px]\" dir=\"ltr\">Aqua, Alcohol denat, Sorbitol, Hydroxyethylcellulose, Sodium Benzoate, Panthenol, Sodium Lactate, Glycerin, Citric Acid, Citrus Aurantium Dulcis (Orange) Fruit Extract, Myristica Fragrans (Muscatel Nut) Seed Extract, Cymbopogon Citratus Extract, Origanum Citrus Paradisi (Grapefruit) Fruit Extract, Rosmarinus Officinalis (Rosemary) Leaf Extract.<\/p>\n<p class=\"text-body font-regular leading-[24px] pt-[9px] pb-[2px]\" dir=\"ltr\">D\u00e9couvrez le summum du confort intime avec Just Glide, votre lubrifiant pr\u00e9f\u00e9r\u00e9 pour une exp\u00e9rience agr\u00e9able et sans effort.<\/p>\n\n\n<p><\/p>","protected":false},"excerpt":{"rendered":"<p>Faites l'exp\u00e9rience d'une rencontre intime plus douce et plus agr\u00e9able avec Just Glide, un lubrifiant anal de haute qualit\u00e9, 100 % v\u00e9g\u00e9talien, \u00e0 base d'eau. D\u00e9velopp\u00e9 pour faciliter la p\u00e9n\u00e9tration et la rendre plus agr\u00e9able, ce lubrifiant est compos\u00e9 d'une combinaison unique de sept plantes \u00e9mollientes.<\/p>","protected":false},"featured_media":19400,"comment_status":"open","ping_status":"closed","template":"","meta":[],"product_brand":[770],"product_cat":[479,671],"product_tag":[],"class_list":{"0":"post-19423","1":"product","2":"type-product","3":"status-publish","4":"has-post-thumbnail","6":"product_brand-orion","7":"product_cat-drogist","8":"product_cat-glijmiddelen","10":"first","11":"outofstock","12":"sale","13":"taxable","14":"shipping-taxable","15":"purchasable","16":"product-type-simple"},"_links":{"self":[{"href":"https:\/\/stage.poppersparadise.eu\/fr\/wp-json\/wp\/v2\/product\/19423","targetHints":{"allow":["GET"]}}],"collection":[{"href":"https:\/\/stage.poppersparadise.eu\/fr\/wp-json\/wp\/v2\/product"}],"about":[{"href":"https:\/\/stage.poppersparadise.eu\/fr\/wp-json\/wp\/v2\/types\/product"}],"replies":[{"embeddable":true,"href":"https:\/\/stage.poppersparadise.eu\/fr\/wp-json\/wp\/v2\/comments?post=19423"}],"wp:featuredmedia":[{"embeddable":true,"href":"https:\/\/stage.poppersparadise.eu\/fr\/wp-json\/wp\/v2\/media\/19400"}],"wp:attachment":[{"href":"https:\/\/stage.poppersparadise.eu\/fr\/wp-json\/wp\/v2\/media?parent=19423"}],"wp:term":[{"taxonomy":"product_brand","embeddable":true,"href":"https:\/\/stage.poppersparadise.eu\/fr\/wp-json\/wp\/v2\/product_brand?post=19423"},{"taxonomy":"product_cat","embeddable":true,"href":"https:\/\/stage.poppersparadise.eu\/fr\/wp-json\/wp\/v2\/product_cat?post=19423"},{"taxonomy":"product_tag","embeddable":true,"href":"https:\/\/stage.poppersparadise.eu\/fr\/wp-json\/wp\/v2\/product_tag?post=19423"}],"curies":[{"name":"wp","href":"https:\/\/api.w.org\/{rel}","templated":true}]}}