{"id":20076,"date":"2025-07-24T20:46:13","date_gmt":"2025-07-24T18:46:13","guid":{"rendered":"https:\/\/stage.poppersparadise.eu\/?post_type=product&#038;p=20076"},"modified":"2025-08-29T04:45:23","modified_gmt":"2025-08-29T02:45:23","slug":"locker-room-jungle-juice-platinum-30ml-poppers","status":"publish","type":"product","link":"https:\/\/stage.poppersparadise.eu\/fr\/produit\/locker-room-jungle-juice-platinum-30ml-poppers\/","title":{"rendered":"Jungle Juice Platinum 30ml (JJ)"},"content":{"rendered":"<hr class=\"wp-block-separator has-alpha-channel-opacity\"\/>\n\n\n\n<h2 class=\"wp-block-heading\">Lockerroom Jungle Juice Platinum 30ml poppers - classique populaire<\/h2>\n\n\n\n<p>Jungle Juice Platinum est l'un des diffuseurs de parfum les plus appr\u00e9ci\u00e9s au monde. Avec son parfum irr\u00e9sistiblement doux et attrayant, ce produit offre une exp\u00e9rience olfactive intense, parfaite pour les f\u00eates ou la maison. Le grand flacon de 30 ml garantit une utilisation prolong\u00e9e et sa formule innovante permet un stockage facile \u00e0 temp\u00e9rature ambiante.<\/p>\n\n\n\n<h3 class=\"wp-block-heading\">Principales caract\u00e9ristiques du Jungle Juice Platinum<\/h3>\n\n\n\n<p>Le flacon a une capacit\u00e9 de 30 ml et contient un m\u00e9lange soigneusement compos\u00e9 d'ingr\u00e9dients actifs, dont l'hexilnitrite (CAS 638-51-7), l'hexan-1-ol et le 1,1-bis(hexyloxy) hexane (CAS 111-27-3). Cette composition unique garantit une exp\u00e9rience olfactive durable et puissante. Le produit est fabriqu\u00e9 par Lockerroom Canada, un fabricant renomm\u00e9 de diffuseurs de parfum de haute qualit\u00e9.<\/p>\n\n\n\n<h3 class=\"wp-block-heading\">Comment utiliser Jungle Juice Platinum ?<\/h3>\n\n\n\n<p>Utilisez le Jungle Juice Platinum uniquement comme diffuseur de parfum ou comme solvant de nettoyage. Il ne convient pas \u00e0 la consommation humaine et ne doit pas \u00eatre inhal\u00e9. Conservez le produit dans un endroit frais et sombre afin de pr\u00e9server sa qualit\u00e9 et fermez herm\u00e9tiquement le flacon apr\u00e8s utilisation en raison de la nature volatile du produit.<\/p>\n\n\n\n<h3 class=\"wp-block-heading\">Pourquoi le Jungle Juice Platinum est un favori<\/h3>\n\n\n\n<p>Jungle Juice Platinum est un choix populaire parmi les amateurs de diffuseurs de parfum. Son doux parfum et sa composition fiable font de ce produit un favori pour ceux qui recherchent une exp\u00e9rience olfactive intense et durable.<\/p>\n\n\n\n<h3 class=\"wp-block-heading\">Avertissements<\/h3>\n\n\n\n<p>Liquide et vapeur hautement inflammables (H225).<br>Provoque une irritation de la peau et des yeux (H315\/H319).<br>Toxique par inhalation (H331).<br>Ce n'est pas un m\u00e9dicament. A utiliser \u00e0 vos risques et p\u00e9rils.<\/p>\n\n\n\n<h3 class=\"wp-block-heading\">Utilisation<\/h3>\n\n\n\n<p>Uniquement destin\u00e9 \u00e0 servir de diffuseur de parfum ou de solvant de nettoyage.<br>Ne convient pas \u00e0 la consommation humaine et ne doit pas \u00eatre inhal\u00e9.<\/p>\n\n\n\n<h3 class=\"wp-block-heading\">Stockage<\/h3>\n\n\n\n<p>Conserver dans un endroit frais et sec. Tenir hors de port\u00e9e des enfants.<\/p>\n\n\n\n<h3 class=\"wp-block-heading\">Pays d'origine<\/h3>\n\n\n\n<p>Canada.<\/p>","protected":false},"excerpt":{"rendered":"<p>Lockerroom Jungle Juice Platinum 30ml poppers \u2013 populaire klassieker Jungle Juice Platinum is een van de meest geliefde geurverspreiders wereldwijd. Met zijn onweerstaanbaar zoete en aantrekkelijke geur biedt dit product een intense geurervaring die perfect is voor feestjes of thuisgebruik. De grote fles van 30 ml zorgt voor langdurig gebruik, en dankzij de innovatieve formule [&hellip;]<\/p>","protected":false},"featured_media":20077,"comment_status":"open","ping_status":"closed","template":"","meta":[],"product_brand":[745,772],"product_cat":[35],"product_tag":[705],"class_list":{"0":"post-20076","1":"product","2":"type-product","3":"status-publish","4":"has-post-thumbnail","6":"product_brand-jungle-juice","7":"product_brand-lockerroom-jj","8":"product_cat-grote-flesjes-poppers","9":"product_tag-tube","11":"first","12":"instock","13":"taxable","14":"shipping-taxable","15":"purchasable","16":"product-type-simple"},"_links":{"self":[{"href":"https:\/\/stage.poppersparadise.eu\/fr\/wp-json\/wp\/v2\/product\/20076","targetHints":{"allow":["GET"]}}],"collection":[{"href":"https:\/\/stage.poppersparadise.eu\/fr\/wp-json\/wp\/v2\/product"}],"about":[{"href":"https:\/\/stage.poppersparadise.eu\/fr\/wp-json\/wp\/v2\/types\/product"}],"replies":[{"embeddable":true,"href":"https:\/\/stage.poppersparadise.eu\/fr\/wp-json\/wp\/v2\/comments?post=20076"}],"wp:featuredmedia":[{"embeddable":true,"href":"https:\/\/stage.poppersparadise.eu\/fr\/wp-json\/wp\/v2\/media\/20077"}],"wp:attachment":[{"href":"https:\/\/stage.poppersparadise.eu\/fr\/wp-json\/wp\/v2\/media?parent=20076"}],"wp:term":[{"taxonomy":"product_brand","embeddable":true,"href":"https:\/\/stage.poppersparadise.eu\/fr\/wp-json\/wp\/v2\/product_brand?post=20076"},{"taxonomy":"product_cat","embeddable":true,"href":"https:\/\/stage.poppersparadise.eu\/fr\/wp-json\/wp\/v2\/product_cat?post=20076"},{"taxonomy":"product_tag","embeddable":true,"href":"https:\/\/stage.poppersparadise.eu\/fr\/wp-json\/wp\/v2\/product_tag?post=20076"}],"curies":[{"name":"wp","href":"https:\/\/api.w.org\/{rel}","templated":true}]}}