{"id":20710,"date":"2025-08-20T16:54:56","date_gmt":"2025-08-20T14:54:56","guid":{"rendered":"https:\/\/stage.poppersparadise.eu\/?post_type=product&#038;p=20710"},"modified":"2025-08-28T17:24:35","modified_gmt":"2025-08-28T15:24:35","slug":"copy-twisted-beast-fist-fuck-amyl-24ml-poppers","status":"publish","type":"product","link":"https:\/\/stage.poppersparadise.eu\/fr\/produit\/copy-twisted-beast-fist-fuck-amyl-24ml-poppers\/","title":{"rendered":"Twisted Beast Fist Fuck Amyl 10ml"},"content":{"rendered":"<h2 class=\"wp-block-heading\">Twisted Beast Fist Fuck Amyl 10ml Poppers - puissance et d\u00e9tente en un seul geste<\/h2>\n\n\n\n<p>Twisted Beast Fist Fuck Amyl 10ml Poppers est un ajout puissant \u00e0 la gamme iconique Fist Fuck de la marque britannique Twisted Beast. Avec un m\u00e9lange d'amyl extra-fort, ce produit offre une exp\u00e9rience olfactive intense, parfaite pour ceux qui recherchent une relaxation maximale. Que vous soyez un fan de la gamme Fist Fuck ou que vous recherchiez simplement un diffuseur de parfum puissant, cette variante Red ne vous d\u00e9cevra pas.<\/p>\n\n\n\n<h3 class=\"wp-block-heading\">Caract\u00e9ristiques principales de Twisted Beast Fist Fuck Amyl<\/h3>\n\n\n\n<ul class=\"wp-block-list\">\n<li><strong>Formule extra-forte<\/strong>: Contient un puissant m\u00e9lange d'amyles pour une exp\u00e9rience olfactive intense.<\/li>\n\n\n\n<li><strong>S\u00e9ries populaires<\/strong>: Fait partie de la tr\u00e8s appr\u00e9ci\u00e9e ligne Twisted Beast Fist Fuck.<\/li>\n\n\n\n<li><strong>Emballage de haute qualit\u00e9<\/strong>La dur\u00e9e de conservation est de trois ans : elle est conditionn\u00e9e dans un flacon en verre de 10 ml.<\/li>\n\n\n\n<li><strong>Qualit\u00e9 de l'anglais<\/strong>: Fabriqu\u00e9 par Twisted Beast, une marque r\u00e9put\u00e9e pour sa fiabilit\u00e9.<\/li>\n<\/ul>\n\n\n\n<h3 class=\"wp-block-heading\">Comment utiliser Twisted Beast Fist Fuck Amyl ?<\/h3>\n\n\n\n<p>Utiliser Twisted Beast Fist Fuck Amyl uniquement comme diffuseur de parfum ou solvant de nettoyage. Il ne convient pas \u00e0 la consommation humaine et ne doit pas \u00eatre inhal\u00e9. Conservez le produit dans un endroit frais et sombre afin de pr\u00e9server sa qualit\u00e9 et refermez herm\u00e9tiquement le flacon apr\u00e8s utilisation.<\/p>\n\n\n\n<h3 class=\"wp-block-heading\">Pourquoi Twisted Beast Fist Fuck Amyl est un favori ?<\/h3>\n\n\n\n<p>La formule extra-forte et la fiabilit\u00e9 de la ligne Twisted Beast Fist Fuck font de ce produit un favori parmi les amateurs de diffuseurs de parfum puissants. Il offre une exp\u00e9rience parfum\u00e9e intense, parfaite pour les moments sp\u00e9ciaux.<\/p>\n\n\n\n<h3 class=\"wp-block-heading\">Avertissements<\/h3>\n\n\n\n<p>Liquide et vapeur hautement inflammables (H225).<br>Provoque une irritation de la peau et des yeux (H315\/H319).<br>Toxique par inhalation (H331).<br>Ce n'est pas un m\u00e9dicament. A utiliser \u00e0 vos risques et p\u00e9rils.<\/p>\n\n\n\n<h3 class=\"wp-block-heading\">Utilisation<\/h3>\n\n\n\n<p>Uniquement destin\u00e9 \u00e0 servir de diffuseur de parfum ou de solvant de nettoyage.<br>Ne convient pas \u00e0 la consommation humaine et ne doit pas \u00eatre inhal\u00e9.<\/p>\n\n\n\n<h3 class=\"wp-block-heading\">Stockage<\/h3>\n\n\n\n<p>Conserver dans un endroit frais et sec. Tenir hors de port\u00e9e des enfants.<\/p>\n\n\n\n<h3 class=\"wp-block-heading\">Pays d'origine<\/h3>\n\n\n\n<p>Luxembourg.<\/p>","protected":false},"excerpt":{"rendered":"<p><strong><br \/>ACCESSOIRES COMPATIBLES :<\/strong><\/p>\n<ul>\n<li><a href=\"https:\/\/stage.poppersparadise.eu\/fr\/categorie-de-produits\/accessoires\/renifleurs-petits\/\">Renifleurs Petit<\/a><\/li>\n<li><a href=\"https:\/\/stage.poppersparadise.eu\/fr\/produit\/xtrm-poppers-houder-zwart-small\/\">XTRM Poppers Support petit<\/a><\/li>\n<li><a href=\"https:\/\/stage.poppersparadise.eu\/fr\/produit\/xtrm-poppers-keeper-small-10ml-2\/\">XTRM Poppers Keeper Small<\/a><\/li>\n<\/ul>","protected":false},"featured_media":20711,"comment_status":"open","ping_status":"closed","template":"","meta":[],"product_brand":[580],"product_cat":[34],"product_tag":[],"class_list":{"0":"post-20710","1":"product","2":"type-product","3":"status-publish","4":"has-post-thumbnail","6":"product_brand-twisted-beast","7":"product_cat-kleine-flesjes-poppers","9":"first","10":"instock","11":"taxable","12":"shipping-taxable","13":"purchasable","14":"product-type-simple"},"_links":{"self":[{"href":"https:\/\/stage.poppersparadise.eu\/fr\/wp-json\/wp\/v2\/product\/20710","targetHints":{"allow":["GET"]}}],"collection":[{"href":"https:\/\/stage.poppersparadise.eu\/fr\/wp-json\/wp\/v2\/product"}],"about":[{"href":"https:\/\/stage.poppersparadise.eu\/fr\/wp-json\/wp\/v2\/types\/product"}],"replies":[{"embeddable":true,"href":"https:\/\/stage.poppersparadise.eu\/fr\/wp-json\/wp\/v2\/comments?post=20710"}],"wp:featuredmedia":[{"embeddable":true,"href":"https:\/\/stage.poppersparadise.eu\/fr\/wp-json\/wp\/v2\/media\/20711"}],"wp:attachment":[{"href":"https:\/\/stage.poppersparadise.eu\/fr\/wp-json\/wp\/v2\/media?parent=20710"}],"wp:term":[{"taxonomy":"product_brand","embeddable":true,"href":"https:\/\/stage.poppersparadise.eu\/fr\/wp-json\/wp\/v2\/product_brand?post=20710"},{"taxonomy":"product_cat","embeddable":true,"href":"https:\/\/stage.poppersparadise.eu\/fr\/wp-json\/wp\/v2\/product_cat?post=20710"},{"taxonomy":"product_tag","embeddable":true,"href":"https:\/\/stage.poppersparadise.eu\/fr\/wp-json\/wp\/v2\/product_tag?post=20710"}],"curies":[{"name":"wp","href":"https:\/\/api.w.org\/{rel}","templated":true}]}}