{"id":21138,"date":"2025-09-04T15:19:33","date_gmt":"2025-09-04T13:19:33","guid":{"rendered":"https:\/\/stage.poppersparadise.eu\/?post_type=product&#038;p=21138"},"modified":"2025-09-22T14:30:31","modified_gmt":"2025-09-22T12:30:31","slug":"5x-poppers-24ml-de-qualite-laboratoire","status":"publish","type":"product","link":"https:\/\/stage.poppersparadise.eu\/fr\/produit\/5x-poppers-24ml-de-qualite-laboratoire\/","title":{"rendered":"5x Lab Quality 24ml + Gratis XTRM SNFFR"},"content":{"rendered":"<h2 class=\"wp-block-heading\">Obtenez les cinq flacons diff\u00e9rents Lab Quality 24ml Poppers et profitez d'une\u00a0<strong>r\u00e9duction de 15 % par bouteille<\/strong>.<\/h2>\n\n\n\n<p>En outre, vous obtenez un&nbsp;<strong>libre XTRM SNFFR<\/strong>&nbsp;d'une valeur de 9,95 \u20ac avec votre commande !<\/p>\n\n\n\n<h3 class=\"wp-block-heading\">Qu'est-ce qui rend ce coffret si sp\u00e9cial ?<\/h3>\n\n\n\n<ul class=\"wp-block-list\">\n<li><strong>Cinq flacons uniques<\/strong>Lab Quality Pentyl, Lab Quality Pentyl N-Pentanol, Lab Quality Amyl, Lab Quality Pentyl Isoamyl &amp; Lab Quality Pentyl Butanol<\/li>\n\n\n\n<li><strong>Gratuit XTRM SNFFR<\/strong>: Un compl\u00e9ment pratique et \u00e9l\u00e9gant d'une valeur de 9,95 euros.<\/li>\n\n\n\n<li><strong>Remise de 15<\/strong>: Economisez sur chaque flacon de 24 ml.<\/li>\n<\/ul>\n\n\n\n<h3 class=\"wp-block-heading\">Informations importantes pour l'utilisateur<\/h3>\n\n\n\n<ul class=\"wp-block-list\">\n<li>Ce produit est destin\u00e9 \u00e0 \u00eatre utilis\u00e9 uniquement comme diffuseur de parfum ou solvant de nettoyage.<\/li>\n\n\n\n<li>Il ne convient pas \u00e0 la consommation humaine ni \u00e0 l'inhalation.<\/li>\n\n\n\n<li>\u00c9viter tout contact direct avec la peau ou les yeux en raison de ses propri\u00e9t\u00e9s corrosives.<\/li>\n\n\n\n<li>Conserver dans un endroit frais et sombre et bien refermer le flacon apr\u00e8s utilisation.<\/li>\n<\/ul>\n\n\n\n<h3 class=\"wp-block-heading\">Avertissements<\/h3>\n\n\n\n<ul class=\"wp-block-list\">\n<li>Liquide et vapeur hautement inflammables (H225).<\/li>\n\n\n\n<li>Provoque une irritation de la peau et des yeux (H315\/H319).<\/li>\n\n\n\n<li>Toxique par inhalation (H331).<\/li>\n\n\n\n<li>Il ne s'agit pas d'un m\u00e9dicament ou d'un produit m\u00e9dical.<\/li>\n\n\n\n<li>Utiliser uniquement selon les instructions.<\/li>\n<\/ul>\n\n\n\n<h3 class=\"wp-block-heading\">Stockage<\/h3>\n\n\n\n<ul class=\"wp-block-list\">\n<li>Conserver au frais et au sec.<\/li>\n\n\n\n<li>Tenir hors de port\u00e9e des enfants.<\/li>\n<\/ul>\n\n\n\n<p><strong>Pays d'origine<\/strong>Luxembourg : Luxembourg<\/p>\n\n\n\n<h3 class=\"wp-block-heading\">Commandez votre kit Lab Quality Poppers d\u00e8s aujourd'hui<\/h3>\n\n\n\n<p>Ce set exclusif de 5x Lab Quality 24ml + Gratis XTRM SNFFR apporte une collection compl\u00e8te de diffuseurs de parfum de haute qualit\u00e9 dans votre maison. B\u00e9n\u00e9ficiez de la\u00a0<strong>15% de r\u00e9duction par bouteille<\/strong>\u00a0et recevoir un\u00a0<strong>libre XTRM SNFFR<\/strong>. Commandez d\u00e8s aujourd'hui et d\u00e9couvrez pourquoi ce set est le pr\u00e9f\u00e9r\u00e9 des amateurs de diffuseurs de parfum !<\/p>\n\n\n\n<p><\/p>","protected":false},"excerpt":{"rendered":"<p><strong><br \/>ACCESSOIRES COMPATIBLES :<\/strong><\/p>\n<ul>\n<li><a href=\"https:\/\/stage.poppersparadise.eu\/fr\/categorie-de-produits\/accessoires\/renifleurs-de-grande-taille\/\">Renifleurs Large<\/a><\/li>\n<li><a href=\"https:\/\/stage.poppersparadise.eu\/fr\/produit\/xtrm-poppers-holder-large\/\">XTRM Poppers Support Large<\/a><\/li>\n<li><a href=\"https:\/\/stage.poppersparadise.eu\/fr\/produit\/xtrm-poppers-keeper-large-24ml-2\/\">XTRM Poppers Keeper Large<\/a><\/li>\n<\/ul>","protected":false},"featured_media":21580,"comment_status":"open","ping_status":"closed","template":"","meta":[],"product_brand":[777],"product_cat":[33],"product_tag":[],"class_list":{"0":"post-21138","1":"product","2":"type-product","3":"status-publish","4":"has-post-thumbnail","6":"product_brand-lab-quality","7":"product_cat-party-packs","9":"first","10":"instock","11":"sale","12":"taxable","13":"shipping-taxable","14":"purchasable","15":"product-type-simple"},"_links":{"self":[{"href":"https:\/\/stage.poppersparadise.eu\/fr\/wp-json\/wp\/v2\/product\/21138","targetHints":{"allow":["GET"]}}],"collection":[{"href":"https:\/\/stage.poppersparadise.eu\/fr\/wp-json\/wp\/v2\/product"}],"about":[{"href":"https:\/\/stage.poppersparadise.eu\/fr\/wp-json\/wp\/v2\/types\/product"}],"replies":[{"embeddable":true,"href":"https:\/\/stage.poppersparadise.eu\/fr\/wp-json\/wp\/v2\/comments?post=21138"}],"wp:featuredmedia":[{"embeddable":true,"href":"https:\/\/stage.poppersparadise.eu\/fr\/wp-json\/wp\/v2\/media\/21580"}],"wp:attachment":[{"href":"https:\/\/stage.poppersparadise.eu\/fr\/wp-json\/wp\/v2\/media?parent=21138"}],"wp:term":[{"taxonomy":"product_brand","embeddable":true,"href":"https:\/\/stage.poppersparadise.eu\/fr\/wp-json\/wp\/v2\/product_brand?post=21138"},{"taxonomy":"product_cat","embeddable":true,"href":"https:\/\/stage.poppersparadise.eu\/fr\/wp-json\/wp\/v2\/product_cat?post=21138"},{"taxonomy":"product_tag","embeddable":true,"href":"https:\/\/stage.poppersparadise.eu\/fr\/wp-json\/wp\/v2\/product_tag?post=21138"}],"curies":[{"name":"wp","href":"https:\/\/api.w.org\/{rel}","templated":true}]}}