{"id":21528,"date":"2025-09-19T16:34:50","date_gmt":"2025-09-19T14:34:50","guid":{"rendered":"https:\/\/stage.poppersparadise.eu\/?post_type=product&#038;p=21528"},"modified":"2025-09-19T16:58:35","modified_gmt":"2025-09-19T14:58:35","slug":"xtrm-lube-powder-225-g","status":"publish","type":"product","link":"https:\/\/stage.poppersparadise.eu\/fr\/produit\/xtrm-lube-powder-225-g\/","title":{"rendered":"XTRM Lubrifiant en poudre 225 g - Pr\u00e9parez 25 litres de lubrifiant !"},"content":{"rendered":"<p class=\"text-body font-regular leading-[24px] pt-[9px] pb-xxs\" dir=\"ltr\">XTRM Lube Powder vous donne un contr\u00f4le total sur votre plaisir en vous permettant de cr\u00e9er un lubrifiant de haute qualit\u00e9 parfaitement adapt\u00e9 \u00e0 chaque rencontre. Cette poudre hautement concentr\u00e9e se transforme en un gel \u00e0 base d'eau transparent, inodore et insipide, vous permettant de choisir la consistance exacte que vous souhaitez. Que vous ayez besoin d'une couche fine et lisse pour des jeux doux ou d'un gel ultra cr\u00e9meux et \u00e9pais pour des activit\u00e9s plus intenses comme le fisting, vous avez le contr\u00f4le. <strong>Une bouteille permet de produire jusqu'\u00e0 25 litres de lubrifiant de qualit\u00e9 sup\u00e9rieure, ce qui vous permet d'\u00eatre toujours pr\u00eat pour l'aventure.<\/strong>.<\/p>\n<p class=\"text-body font-regular leading-[24px] pt-[9px] pb-xxs\" dir=\"ltr\">Faites l'exp\u00e9rience d'une glisse in\u00e9gal\u00e9e et d'une performance durable avec une formule que vous m\u00e9langez vous-m\u00eame. Il suffit d'ajouter la poudre \u00e0 de l'eau ti\u00e8de, d'agiter et de laisser reposer. Le gel se transforme en un lubrifiant soyeux, parfait pour le jeu en solo, les rapports sexuels avec un partenaire et l'utilisation de tous les types de jouets. Comme il est \u00e0 base d'eau, il se nettoie sans effort et ne laisse ni taches ni r\u00e9sidus. Prenez en charge vos sensations et m\u00e9langez votre lubrifiant exactement comme vous le souhaitez.<\/p>\n<h3 class=\"font-semibold pdf-heading-class-replace text-h4 leading-[30px] pb-xxs [&amp;:not(:first-child)]:pt-[15px] [&amp;_a]:underline-offset-[6px] [&amp;_.underline]:underline-offset-[6px]\" dir=\"ltr\">Sp\u00e9cifications du produit<\/h3>\n<ul class=\"pt-[9px] pb-xxs pl-5xl list-disc pt-[5px]\">\n<li class=\"text-body font-regular leading-[24px] my-[5px] [&amp;&gt;ol]:!pt-0 [&amp;&gt;ol]:!pb-0 [&amp;&gt;ul]:!pt-0 [&amp;&gt;ul]:!pb-0\" dir=\"ltr\" value=\"1\"><b><strong class=\"font-semibold\">Type :<\/strong><\/b> Lubrifiant concentr\u00e9 en poudre (\u00e0 m\u00e9langer avec de l'eau)<\/li>\n<li class=\"text-body font-regular leading-[24px] my-[5px] [&amp;&gt;ol]:!pt-0 [&amp;&gt;ol]:!pb-0 [&amp;&gt;ul]:!pt-0 [&amp;&gt;ul]:!pb-0\" dir=\"ltr\" value=\"2\"><b><strong class=\"font-semibold\">Rendement :<\/strong><\/b> 225 g de poudre permettent d'obtenir jusqu'\u00e0 25 litres de lubrifiant.<\/li>\n<li class=\"text-body font-regular leading-[24px] my-[5px] [&amp;&gt;ol]:!pt-0 [&amp;&gt;ol]:!pb-0 [&amp;&gt;ul]:!pt-0 [&amp;&gt;ul]:!pb-0\" dir=\"ltr\" value=\"3\"><b><strong class=\"font-semibold\">Coh\u00e9rence :<\/strong><\/b> Enti\u00e8rement personnalisable, de fin \u00e0 ultra-fin<\/li>\n<li class=\"text-body font-regular leading-[24px] my-[5px] [&amp;&gt;ol]:!pt-0 [&amp;&gt;ol]:!pb-0 [&amp;&gt;ul]:!pt-0 [&amp;&gt;ul]:!pb-0\" dir=\"ltr\" value=\"4\"><b><strong class=\"font-semibold\">Caract\u00e9ristiques :<\/strong><\/b> A base d'eau, limpide, insipide et inodore<\/li>\n<li class=\"text-body font-regular leading-[24px] my-[5px] [&amp;&gt;ol]:!pt-0 [&amp;&gt;ol]:!pb-0 [&amp;&gt;ul]:!pt-0 [&amp;&gt;ul]:!pb-0\" dir=\"ltr\" value=\"5\"><b><strong class=\"font-semibold\">Compatibilit\u00e9 :<\/strong><\/b> Sans danger pour tous les mat\u00e9riaux de jouets, les pr\u00e9servatifs et la peau<\/li>\n<li class=\"text-body font-regular leading-[24px] my-[5px] [&amp;&gt;ol]:!pt-0 [&amp;&gt;ol]:!pb-0 [&amp;&gt;ul]:!pt-0 [&amp;&gt;ul]:!pb-0\" dir=\"ltr\" value=\"6\"><b><strong class=\"font-semibold\">Ingr\u00e9dients :<\/strong><\/b> Polyacrylate de sodium (sans sucre)<\/li>\n<\/ul>","protected":false},"excerpt":{"rendered":"<p>Le lubrifiant allemand de qualit\u00e9 sup\u00e9rieure XTRM FIST offre un glissement et un \u00e9tirement optimaux pour les jeux intimes. Longue dur\u00e9e, non collant et compatible avec les pr\u00e9servatifs en latex.<\/p>","protected":false},"featured_media":21529,"comment_status":"open","ping_status":"closed","template":"","meta":[],"product_brand":[],"product_cat":[479,671],"product_tag":[],"class_list":{"0":"post-21528","1":"product","2":"type-product","3":"status-publish","4":"has-post-thumbnail","6":"product_cat-drogist","7":"product_cat-glijmiddelen","9":"first","10":"instock","11":"sale","12":"taxable","13":"shipping-taxable","14":"purchasable","15":"product-type-simple"},"_links":{"self":[{"href":"https:\/\/stage.poppersparadise.eu\/fr\/wp-json\/wp\/v2\/product\/21528","targetHints":{"allow":["GET"]}}],"collection":[{"href":"https:\/\/stage.poppersparadise.eu\/fr\/wp-json\/wp\/v2\/product"}],"about":[{"href":"https:\/\/stage.poppersparadise.eu\/fr\/wp-json\/wp\/v2\/types\/product"}],"replies":[{"embeddable":true,"href":"https:\/\/stage.poppersparadise.eu\/fr\/wp-json\/wp\/v2\/comments?post=21528"}],"wp:featuredmedia":[{"embeddable":true,"href":"https:\/\/stage.poppersparadise.eu\/fr\/wp-json\/wp\/v2\/media\/21529"}],"wp:attachment":[{"href":"https:\/\/stage.poppersparadise.eu\/fr\/wp-json\/wp\/v2\/media?parent=21528"}],"wp:term":[{"taxonomy":"product_brand","embeddable":true,"href":"https:\/\/stage.poppersparadise.eu\/fr\/wp-json\/wp\/v2\/product_brand?post=21528"},{"taxonomy":"product_cat","embeddable":true,"href":"https:\/\/stage.poppersparadise.eu\/fr\/wp-json\/wp\/v2\/product_cat?post=21528"},{"taxonomy":"product_tag","embeddable":true,"href":"https:\/\/stage.poppersparadise.eu\/fr\/wp-json\/wp\/v2\/product_tag?post=21528"}],"curies":[{"name":"wp","href":"https:\/\/api.w.org\/{rel}","templated":true}]}}