{"id":21623,"date":"2025-09-23T09:34:37","date_gmt":"2025-09-23T07:34:37","guid":{"rendered":"https:\/\/stage.poppersparadise.eu\/product\/animals-dieren-dildo-wild-donkey-wilde-ezel\/"},"modified":"2025-09-23T10:52:22","modified_gmt":"2025-09-23T08:52:22","slug":"animal-gode-cul-sauvage","status":"publish","type":"product","link":"https:\/\/stage.poppersparadise.eu\/fr\/produit\/animal-gode-cul-sauvage\/","title":{"rendered":"Dieren Dildo Wilde Ezel"},"content":{"rendered":"<h2 class=\"text-body font-regular leading-[24px] pt-[9px] pb-xxs\" dir=\"ltr\">Le Dieren Dildo Wilde Ezel est con\u00e7u pour lib\u00e9rer vos d\u00e9sirs les plus tenaces et les plus indompt\u00e9s, inspir\u00e9s par l'endurance l\u00e9gendaire d'un cul sauvage.<\/h2>\n<p class=\"text-body font-regular leading-[24px] pt-[9px] pb-xxs\" dir=\"ltr\">Avec une longueur impressionnante de 31,5 cm et un diam\u00e8tre imposant de 5,0 cm, il est sp\u00e9cialement con\u00e7u pour ceux qui ont envie de sensations profondes, puissantes et in\u00e9branlables. Sa forme r\u00e9aliste et sa taille imposante sont con\u00e7ues pour repousser vos limites et vous procurer une exp\u00e9rience profond\u00e9ment satisfaisante et durable.<\/p>\n<p class=\"text-body font-regular leading-[24px] pt-[9px] pb-xxs\" dir=\"ltr\">Fabriqu\u00e9 en PVC souple et flexible, ce gode combine de mani\u00e8re experte un noyau interne ferme et une surface souple et accommodante. Ainsi, il bouge avec votre corps tout en vous offrant une stimulation intense et profonde. Malgr\u00e9 sa taille impressionnante, il est con\u00e7u pour l'exploration vaginale et anale, promettant une exp\u00e9rience \u00e0 la fois satisfaisante et confortable. Le gode est compatible avec tous les types de lubrifiants - \u00e0 base d'eau, de silicone ou d'huile - ce qui vous donne la libert\u00e9 d'explorer votre c\u00f4t\u00e9 sauvage sans limites. Pr\u00e9parez-vous \u00e0 \u00eatre englouti par un plaisir aussi persistant que puissant.<\/p>\n<h3 class=\"font-semibold pdf-heading-class-replace text-h4 leading-[30px] pb-xxs [&amp;:not(:first-child)]:pt-[15px] [&amp;_a]:underline-offset-[6px] [&amp;_.underline]:underline-offset-[6px]\" dir=\"ltr\">Sp\u00e9cifications du produit<\/h3>\n<ul class=\"pt-[9px] pb-xxs pl-5xl list-disc pt-[5px]\">\n<li class=\"text-body font-regular leading-[24px] my-[5px] [&amp;&gt;ol]:!pt-0 [&amp;&gt;ol]:!pb-0 [&amp;&gt;ul]:!pt-0 [&amp;&gt;ul]:!pb-0\" dir=\"ltr\" value=\"1\"><b><strong class=\"font-semibold\">Mat\u00e9riau :<\/strong><\/b> PVC souple, sans danger pour le corps<\/li>\n<li class=\"text-body font-regular leading-[24px] my-[5px] [&amp;&gt;ol]:!pt-0 [&amp;&gt;ol]:!pb-0 [&amp;&gt;ul]:!pt-0 [&amp;&gt;ul]:!pb-0\" dir=\"ltr\" value=\"2\"><b><strong class=\"font-semibold\">Longueur totale :<\/strong><\/b> 31,5 cm<\/li>\n<li class=\"text-body font-regular leading-[24px] my-[5px] [&amp;&gt;ol]:!pt-0 [&amp;&gt;ol]:!pb-0 [&amp;&gt;ul]:!pt-0 [&amp;&gt;ul]:!pb-0\" dir=\"ltr\" value=\"3\"><b><strong class=\"font-semibold\">Diam\u00e8tre :<\/strong><\/b> 5,0 cm<\/li>\n<li class=\"text-body font-regular leading-[24px] my-[5px] [&amp;&gt;ol]:!pt-0 [&amp;&gt;ol]:!pb-0 [&amp;&gt;ul]:!pt-0 [&amp;&gt;ul]:!pb-0\" dir=\"ltr\" value=\"4\"><b><strong class=\"font-semibold\">Conception :<\/strong><\/b> R\u00e9plique r\u00e9aliste d'un p\u00e9nis d'\u00e2ne<\/li>\n<\/ul>","protected":false},"excerpt":{"rendered":"<p>Animals Les godemich\u00e9s sont un must absolu pour tous les amateurs de Petplay. Vous ne trouverez pas de meilleures r\u00e9pliques. Tr\u00e8s bon mat\u00e9riau, doux, compact et flexible. Ces jouets sont fabriqu\u00e9s en Europe.<\/p>","protected":false},"featured_media":21622,"comment_status":"open","ping_status":"closed","template":"","meta":[],"product_brand":[786],"product_cat":[766,785],"product_tag":[],"class_list":{"0":"post-21623","1":"product","2":"type-product","3":"status-publish","4":"has-post-thumbnail","6":"product_brand-animals","7":"product_cat-dildos","8":"product_cat-realistische-dieren-dildos","10":"first","11":"instock","12":"sale","13":"taxable","14":"shipping-taxable","15":"purchasable","16":"product-type-simple"},"_links":{"self":[{"href":"https:\/\/stage.poppersparadise.eu\/fr\/wp-json\/wp\/v2\/product\/21623","targetHints":{"allow":["GET"]}}],"collection":[{"href":"https:\/\/stage.poppersparadise.eu\/fr\/wp-json\/wp\/v2\/product"}],"about":[{"href":"https:\/\/stage.poppersparadise.eu\/fr\/wp-json\/wp\/v2\/types\/product"}],"replies":[{"embeddable":true,"href":"https:\/\/stage.poppersparadise.eu\/fr\/wp-json\/wp\/v2\/comments?post=21623"}],"wp:featuredmedia":[{"embeddable":true,"href":"https:\/\/stage.poppersparadise.eu\/fr\/wp-json\/wp\/v2\/media\/21622"}],"wp:attachment":[{"href":"https:\/\/stage.poppersparadise.eu\/fr\/wp-json\/wp\/v2\/media?parent=21623"}],"wp:term":[{"taxonomy":"product_brand","embeddable":true,"href":"https:\/\/stage.poppersparadise.eu\/fr\/wp-json\/wp\/v2\/product_brand?post=21623"},{"taxonomy":"product_cat","embeddable":true,"href":"https:\/\/stage.poppersparadise.eu\/fr\/wp-json\/wp\/v2\/product_cat?post=21623"},{"taxonomy":"product_tag","embeddable":true,"href":"https:\/\/stage.poppersparadise.eu\/fr\/wp-json\/wp\/v2\/product_tag?post=21623"}],"curies":[{"name":"wp","href":"https:\/\/api.w.org\/{rel}","templated":true}]}}