{"id":21633,"date":"2025-09-23T09:34:57","date_gmt":"2025-09-23T07:34:57","guid":{"rendered":"https:\/\/stage.poppersparadise.eu\/product\/animals-dieren-dildo-german-dog-duitse-herder\/"},"modified":"2025-09-23T10:44:28","modified_gmt":"2025-09-23T08:44:28","slug":"animal-gode-berger-allemand","status":"publish","type":"product","link":"https:\/\/stage.poppersparadise.eu\/fr\/produit\/animal-gode-berger-allemand\/","title":{"rendered":"Dieren Dildo Duitse Herder"},"content":{"rendered":"<h2 class=\"text-body font-regular leading-[24px] pt-[9px] pb-xxs\" dir=\"ltr\">Le Dieren Dildo Duitse Herder est con\u00e7u pour offrir une exp\u00e9rience contr\u00f4l\u00e9e et puissante, inspir\u00e9e par la pr\u00e9sence loyale et imposante d'un berger allemand.<\/h2>\n<p class=\"text-body font-regular leading-[24px] pt-[9px] pb-xxs\" dir=\"ltr\">Ce gode vous invite \u00e0 explorer vos d\u00e9sirs avec sa longueur impressionnante de 27 cm et son diam\u00e8tre d\u00e9licieusement \u00e9pais de 4,3 cm, parfait pour ceux qui appr\u00e9cient \u00e0 la fois la taille et la pr\u00e9cision. Sa forme r\u00e9aliste et ses caract\u00e9ristiques bien d\u00e9finies promettent une stimulation cibl\u00e9e et une sensation profond\u00e9ment satisfaisante qui vous permet de contr\u00f4ler votre plaisir.<\/p>\n<p class=\"text-body font-regular leading-[24px] pt-[9px] pb-xxs\" dir=\"ltr\">Fabriqu\u00e9 en PVC souple et flexible, ce jouet combine de mani\u00e8re experte un noyau interne ferme et une surface flexible et accommodante, ce qui lui permet d'\u00e9pouser les contours de votre corps tout en exer\u00e7ant une pression intense et satisfaisante. Il est parfaitement con\u00e7u pour l'exploration vaginale et anale, garantissant une exp\u00e9rience \u00e0 la fois confortable et dominante. Compatible avec tous les types de lubrifiants - \u00e0 base d'eau, de silicone ou d'huile - ce gode vous donne la libert\u00e9 d'explorer vos fantasmes les plus disciplin\u00e9s. Ob\u00e9issez \u00e0 vos instincts et laissez ce fid\u00e8le compagnon vous conduire vers de nouveaux sommets d'extase.<\/p>\n<h3 class=\"font-semibold pdf-heading-class-replace text-h4 leading-[30px] pb-xxs [&amp;:not(:first-child)]:pt-[15px] [&amp;_a]:underline-offset-[6px] [&amp;_.underline]:underline-offset-[6px]\" dir=\"ltr\">Sp\u00e9cifications du produit<\/h3>\n<ul class=\"pt-[9px] pb-xxs pl-5xl list-disc pt-[5px]\">\n<li class=\"text-body font-regular leading-[24px] my-[5px] [&amp;&gt;ol]:!pt-0 [&amp;&gt;ol]:!pb-0 [&amp;&gt;ul]:!pt-0 [&amp;&gt;ul]:!pb-0\" dir=\"ltr\" value=\"1\"><b><strong class=\"font-semibold\">Mat\u00e9riau :<\/strong><\/b> PVC souple, sans danger pour le corps<\/li>\n<li class=\"text-body font-regular leading-[24px] my-[5px] [&amp;&gt;ol]:!pt-0 [&amp;&gt;ol]:!pb-0 [&amp;&gt;ul]:!pt-0 [&amp;&gt;ul]:!pb-0\" dir=\"ltr\" value=\"2\"><b><strong class=\"font-semibold\">Hauteur totale :<\/strong><\/b> 27,0 cm<\/li>\n<li class=\"text-body font-regular leading-[24px] my-[5px] [&amp;&gt;ol]:!pt-0 [&amp;&gt;ol]:!pb-0 [&amp;&gt;ul]:!pt-0 [&amp;&gt;ul]:!pb-0\" dir=\"ltr\" value=\"3\"><b><strong class=\"font-semibold\">Diam\u00e8tre :<\/strong><\/b> 4,3 cm<\/li>\n<li class=\"text-body font-regular leading-[24px] my-[5px] [&amp;&gt;ol]:!pt-0 [&amp;&gt;ol]:!pb-0 [&amp;&gt;ul]:!pt-0 [&amp;&gt;ul]:!pb-0\" dir=\"ltr\" value=\"4\"><b><strong class=\"font-semibold\">Conception :<\/strong><\/b> R\u00e9plique r\u00e9aliste d'un p\u00e9nis de berger allemand<\/li>\n<\/ul>","protected":false},"excerpt":{"rendered":"<p>Animals Les godemich\u00e9s sont un must absolu pour tous les amateurs de Petplay. Vous ne trouverez pas de meilleures r\u00e9pliques. Tr\u00e8s bon mat\u00e9riau, doux, compact et flexible. Ces jouets sont fabriqu\u00e9s en Europe.<\/p>","protected":false},"featured_media":21632,"comment_status":"open","ping_status":"closed","template":"","meta":[],"product_brand":[786],"product_cat":[766,785],"product_tag":[],"class_list":{"0":"post-21633","1":"product","2":"type-product","3":"status-publish","4":"has-post-thumbnail","6":"product_brand-animals","7":"product_cat-dildos","8":"product_cat-realistische-dieren-dildos","10":"first","11":"instock","12":"sale","13":"taxable","14":"shipping-taxable","15":"purchasable","16":"product-type-simple"},"_links":{"self":[{"href":"https:\/\/stage.poppersparadise.eu\/fr\/wp-json\/wp\/v2\/product\/21633","targetHints":{"allow":["GET"]}}],"collection":[{"href":"https:\/\/stage.poppersparadise.eu\/fr\/wp-json\/wp\/v2\/product"}],"about":[{"href":"https:\/\/stage.poppersparadise.eu\/fr\/wp-json\/wp\/v2\/types\/product"}],"replies":[{"embeddable":true,"href":"https:\/\/stage.poppersparadise.eu\/fr\/wp-json\/wp\/v2\/comments?post=21633"}],"wp:featuredmedia":[{"embeddable":true,"href":"https:\/\/stage.poppersparadise.eu\/fr\/wp-json\/wp\/v2\/media\/21632"}],"wp:attachment":[{"href":"https:\/\/stage.poppersparadise.eu\/fr\/wp-json\/wp\/v2\/media?parent=21633"}],"wp:term":[{"taxonomy":"product_brand","embeddable":true,"href":"https:\/\/stage.poppersparadise.eu\/fr\/wp-json\/wp\/v2\/product_brand?post=21633"},{"taxonomy":"product_cat","embeddable":true,"href":"https:\/\/stage.poppersparadise.eu\/fr\/wp-json\/wp\/v2\/product_cat?post=21633"},{"taxonomy":"product_tag","embeddable":true,"href":"https:\/\/stage.poppersparadise.eu\/fr\/wp-json\/wp\/v2\/product_tag?post=21633"}],"curies":[{"name":"wp","href":"https:\/\/api.w.org\/{rel}","templated":true}]}}