{"id":21643,"date":"2025-09-23T09:35:20","date_gmt":"2025-09-23T07:35:20","guid":{"rendered":"https:\/\/stage.poppersparadise.eu\/product\/animals-dieren-dildo-toro-bravo-stier\/"},"modified":"2025-09-23T10:17:34","modified_gmt":"2025-09-23T08:17:34","slug":"gode-animal-taureau","status":"publish","type":"product","link":"https:\/\/stage.poppersparadise.eu\/fr\/produit\/gode-animal-taureau\/","title":{"rendered":"Dieren Dildo Stier"},"content":{"rendered":"<h2 class=\"text-body font-regular leading-[24px] pt-[9px] pb-xxs\" dir=\"ltr\">Le Dieren Dildo Stier est con\u00e7u pour offrir une exp\u00e9rience de puissance in\u00e9gal\u00e9e, inspir\u00e9e par la puissance imposante et la virilit\u00e9 du taureau, pour ceux qui recherchent une taille impressionnante et une pl\u00e9nitude intense.<\/h2>\n<p class=\"text-body font-regular leading-[24px] pt-[9px] pb-xxs\" dir=\"ltr\">Ce gode vous met au d\u00e9fi de d\u00e9passer vos limites, avec une tige g\u00e9n\u00e9reuse et effil\u00e9e qui s'\u00e9largit progressivement jusqu'\u00e0 atteindre un diam\u00e8tre maximal impressionnant de 4,7 cm. Gr\u00e2ce \u00e0 son design r\u00e9aliste et \u00e0 sa longueur impressionnante, vous ressentirez un \u00e9tirement profond et satisfaisant, ainsi qu'une sensation de pl\u00e9nitude globale, puissante et primitive.<\/p>\n<p class=\"text-body font-regular leading-[24px] pt-[9px] pb-xxs\" dir=\"ltr\">Fabriqu\u00e9 en PVC doux et souple, ce gode combine un noyau ferme et un ext\u00e9rieur flexible, ce qui lui permet de s'adapter en douceur \u00e0 vos mouvements et d'offrir une stimulation intense. Parfaitement adapt\u00e9 aux exp\u00e9riences vaginales et anales, le Bull offre une exp\u00e9rience confortable mais intense, m\u00eame avec sa taille impressionnante. Compatible avec tout type de lubrifiant - \u00e0 base d'eau, de silicone ou d'huile - ce gode vous donne la libert\u00e9 d'explorer vos fantasmes les plus fous et d'\u00e9prouver un plaisir ultime.<\/p>\n<h3 class=\"font-semibold pdf-heading-class-replace text-h4 leading-[30px] pb-xxs [&amp;:not(:first-child)]:pt-[15px] [&amp;_a]:underline-offset-[6px] [&amp;_.underline]:underline-offset-[6px]\" dir=\"ltr\">Sp\u00e9cifications du produit<\/h3>\n<ul class=\"pt-[9px] pb-xxs pl-5xl list-disc pt-[5px]\">\n<li class=\"text-body font-regular leading-[24px] my-[5px] [&amp;&gt;ol]:!pt-0 [&amp;&gt;ol]:!pb-0 [&amp;&gt;ul]:!pt-0 [&amp;&gt;ul]:!pb-0\" dir=\"ltr\" value=\"1\"><b><strong class=\"font-semibold\">Mat\u00e9riau :<\/strong><\/b> PVC souple, sans danger pour le corps<\/li>\n<li class=\"text-body font-regular leading-[24px] my-[5px] [&amp;&gt;ol]:!pt-0 [&amp;&gt;ol]:!pb-0 [&amp;&gt;ul]:!pt-0 [&amp;&gt;ul]:!pb-0\" dir=\"ltr\" value=\"2\"><b><strong class=\"font-semibold\">Longueur totale :<\/strong><\/b> 39,0 cm<\/li>\n<li class=\"text-body font-regular leading-[24px] my-[5px] [&amp;&gt;ol]:!pt-0 [&amp;&gt;ol]:!pb-0 [&amp;&gt;ul]:!pt-0 [&amp;&gt;ul]:!pb-0\" dir=\"ltr\" value=\"3\"><b><strong class=\"font-semibold\">Diam\u00e8tre maximal :<\/strong><\/b> 4,7 cm<\/li>\n<li class=\"text-body font-regular leading-[24px] my-[5px] [&amp;&gt;ol]:!pt-0 [&amp;&gt;ol]:!pb-0 [&amp;&gt;ul]:!pt-0 [&amp;&gt;ul]:!pb-0\" dir=\"ltr\" value=\"4\"><b><strong class=\"font-semibold\">Conception :<\/strong><\/b> R\u00e9plique r\u00e9aliste d'un p\u00e9nis de taureau<\/li>\n<\/ul>","protected":false},"excerpt":{"rendered":"<p>Animals Les godemich\u00e9s sont un must absolu pour tous les amateurs de Petplay. Vous ne trouverez pas de meilleures r\u00e9pliques. Tr\u00e8s bon mat\u00e9riau, doux, compact et flexible. Ces jouets sont fabriqu\u00e9s en Europe.<\/p>","protected":false},"featured_media":21642,"comment_status":"open","ping_status":"closed","template":"","meta":[],"product_brand":[786],"product_cat":[766,785],"product_tag":[],"class_list":{"0":"post-21643","1":"product","2":"type-product","3":"status-publish","4":"has-post-thumbnail","6":"product_brand-animals","7":"product_cat-dildos","8":"product_cat-realistische-dieren-dildos","10":"first","11":"instock","12":"sale","13":"taxable","14":"shipping-taxable","15":"purchasable","16":"product-type-simple"},"_links":{"self":[{"href":"https:\/\/stage.poppersparadise.eu\/fr\/wp-json\/wp\/v2\/product\/21643","targetHints":{"allow":["GET"]}}],"collection":[{"href":"https:\/\/stage.poppersparadise.eu\/fr\/wp-json\/wp\/v2\/product"}],"about":[{"href":"https:\/\/stage.poppersparadise.eu\/fr\/wp-json\/wp\/v2\/types\/product"}],"replies":[{"embeddable":true,"href":"https:\/\/stage.poppersparadise.eu\/fr\/wp-json\/wp\/v2\/comments?post=21643"}],"wp:featuredmedia":[{"embeddable":true,"href":"https:\/\/stage.poppersparadise.eu\/fr\/wp-json\/wp\/v2\/media\/21642"}],"wp:attachment":[{"href":"https:\/\/stage.poppersparadise.eu\/fr\/wp-json\/wp\/v2\/media?parent=21643"}],"wp:term":[{"taxonomy":"product_brand","embeddable":true,"href":"https:\/\/stage.poppersparadise.eu\/fr\/wp-json\/wp\/v2\/product_brand?post=21643"},{"taxonomy":"product_cat","embeddable":true,"href":"https:\/\/stage.poppersparadise.eu\/fr\/wp-json\/wp\/v2\/product_cat?post=21643"},{"taxonomy":"product_tag","embeddable":true,"href":"https:\/\/stage.poppersparadise.eu\/fr\/wp-json\/wp\/v2\/product_tag?post=21643"}],"curies":[{"name":"wp","href":"https:\/\/api.w.org\/{rel}","templated":true}]}}