{"id":21664,"date":"2025-09-23T09:36:02","date_gmt":"2025-09-23T07:36:02","guid":{"rendered":"https:\/\/stage.poppersparadise.eu\/product\/animals-dieren-dildo-bad-wolf-boze-wolf\/"},"modified":"2025-09-23T10:06:00","modified_gmt":"2025-09-23T08:06:00","slug":"gode-animal-loup-en-colere","status":"publish","type":"product","link":"https:\/\/stage.poppersparadise.eu\/fr\/produit\/gode-animal-loup-en-colere\/","title":{"rendered":"Dieren Dildo Boze Wolf"},"content":{"rendered":"<h2 class=\"text-body font-regular leading-[24px] pt-[9px] pb-xxs\" dir=\"ltr\">Le Dieren Dildo Boze Wolf est une invitation \u00e0 r\u00e9pondre \u00e0 l'appel de la nature, offrant une exp\u00e9rience puissante et passionnante \u00e0 ceux qui ont envie de relever un formidable d\u00e9fi.<\/h2>\n<p class=\"text-body font-regular leading-[24px] pt-[9px] pb-xxs\" dir=\"ltr\">Inspir\u00e9 par le l\u00e9gendaire Bad Wolf, ce gode est con\u00e7u pour dominer vos sens avec sa tige substantielle et effil\u00e9e qui passe de 4,5 cm \u00e0 un diam\u00e8tre impressionnant de 7,0 cm. Sa forme r\u00e9aliste et sa taille imposante sont con\u00e7ues pour offrir un \u00e9tirement profond et satisfaisant et une sensation de pl\u00e9nitude totale qui vous fera pleurer pour en avoir plus.<\/p>\n<p class=\"text-body font-regular leading-[24px] pt-[9px] pb-xxs\" dir=\"ltr\">Fabriqu\u00e9 en PVC souple et flexible, ce gode combine magistralement un noyau ferme et un corps flexible, s'adaptant \u00e0 vos mouvements tout en offrant une stimulation profonde. Con\u00e7u pour l'exploration vaginale et anale, il promet une exp\u00e9rience \u00e9panouissante et \u00e9poustouflante malgr\u00e9 sa pr\u00e9sence intimidante. Compatible avec tous les types de lubrifiants - \u00e0 base d'eau, de silicone ou d'huile - ce jouet vous donne la libert\u00e9 de lib\u00e9rer vos d\u00e9sirs les plus primitifs et de vous abandonner \u00e0 une inoubliable qu\u00eate de plaisir.<\/p>\n<h3 class=\"font-semibold pdf-heading-class-replace text-h4 leading-[30px] pb-xxs [&amp;:not(:first-child)]:pt-[15px] [&amp;_a]:underline-offset-[6px] [&amp;_.underline]:underline-offset-[6px]\" dir=\"ltr\">Sp\u00e9cifications du produit<\/h3>\n<ul class=\"pt-[9px] pb-xxs pl-5xl list-disc pt-[5px]\">\n<li class=\"text-body font-regular leading-[24px] my-[5px] [&amp;&gt;ol]:!pt-0 [&amp;&gt;ol]:!pb-0 [&amp;&gt;ul]:!pt-0 [&amp;&gt;ul]:!pb-0\" dir=\"ltr\" value=\"1\"><b><strong class=\"font-semibold\">Mat\u00e9riau :<\/strong><\/b> PVC souple, sans danger pour le corps<\/li>\n<li class=\"text-body font-regular leading-[24px] my-[5px] [&amp;&gt;ol]:!pt-0 [&amp;&gt;ol]:!pb-0 [&amp;&gt;ul]:!pt-0 [&amp;&gt;ul]:!pb-0\" dir=\"ltr\" value=\"2\"><b><strong class=\"font-semibold\">Hauteur totale :<\/strong><\/b> 25 cm<\/li>\n<li class=\"text-body font-regular leading-[24px] my-[5px] [&amp;&gt;ol]:!pt-0 [&amp;&gt;ol]:!pb-0 [&amp;&gt;ul]:!pt-0 [&amp;&gt;ul]:!pb-0\" dir=\"ltr\" value=\"3\"><b><strong class=\"font-semibold\">Longueur d'insertion :<\/strong><\/b> 22 cm<\/li>\n<li class=\"text-body font-regular leading-[24px] my-[5px] [&amp;&gt;ol]:!pt-0 [&amp;&gt;ol]:!pb-0 [&amp;&gt;ul]:!pt-0 [&amp;&gt;ul]:!pb-0\" dir=\"ltr\" value=\"4\"><b><strong class=\"font-semibold\">Diam\u00e8tre :<\/strong><\/b> 4,5 cm \u00e0 7,0 cm (effil\u00e9)<\/li>\n<li class=\"text-body font-regular leading-[24px] my-[5px] [&amp;&gt;ol]:!pt-0 [&amp;&gt;ol]:!pb-0 [&amp;&gt;ul]:!pt-0 [&amp;&gt;ul]:!pb-0\" dir=\"ltr\" value=\"5\"><b><strong class=\"font-semibold\">Conception :<\/strong><\/b> R\u00e9plique r\u00e9aliste d'un p\u00e9nis de loup en col\u00e8re<\/li>\n<\/ul>","protected":false},"excerpt":{"rendered":"<p>Animals Les godemich\u00e9s sont un must absolu pour tous les amateurs de Petplay. Vous ne trouverez pas de meilleures r\u00e9pliques. Tr\u00e8s bon mat\u00e9riau, doux, compact et flexible. Ces jouets sont fabriqu\u00e9s en Europe.<\/p>","protected":false},"featured_media":21663,"comment_status":"open","ping_status":"closed","template":"","meta":[],"product_brand":[786],"product_cat":[766,785],"product_tag":[],"class_list":{"0":"post-21664","1":"product","2":"type-product","3":"status-publish","4":"has-post-thumbnail","6":"product_brand-animals","7":"product_cat-dildos","8":"product_cat-realistische-dieren-dildos","10":"first","11":"instock","12":"sale","13":"taxable","14":"shipping-taxable","15":"purchasable","16":"product-type-simple"},"_links":{"self":[{"href":"https:\/\/stage.poppersparadise.eu\/fr\/wp-json\/wp\/v2\/product\/21664","targetHints":{"allow":["GET"]}}],"collection":[{"href":"https:\/\/stage.poppersparadise.eu\/fr\/wp-json\/wp\/v2\/product"}],"about":[{"href":"https:\/\/stage.poppersparadise.eu\/fr\/wp-json\/wp\/v2\/types\/product"}],"replies":[{"embeddable":true,"href":"https:\/\/stage.poppersparadise.eu\/fr\/wp-json\/wp\/v2\/comments?post=21664"}],"wp:featuredmedia":[{"embeddable":true,"href":"https:\/\/stage.poppersparadise.eu\/fr\/wp-json\/wp\/v2\/media\/21663"}],"wp:attachment":[{"href":"https:\/\/stage.poppersparadise.eu\/fr\/wp-json\/wp\/v2\/media?parent=21664"}],"wp:term":[{"taxonomy":"product_brand","embeddable":true,"href":"https:\/\/stage.poppersparadise.eu\/fr\/wp-json\/wp\/v2\/product_brand?post=21664"},{"taxonomy":"product_cat","embeddable":true,"href":"https:\/\/stage.poppersparadise.eu\/fr\/wp-json\/wp\/v2\/product_cat?post=21664"},{"taxonomy":"product_tag","embeddable":true,"href":"https:\/\/stage.poppersparadise.eu\/fr\/wp-json\/wp\/v2\/product_tag?post=21664"}],"curies":[{"name":"wp","href":"https:\/\/api.w.org\/{rel}","templated":true}]}}