{"id":834,"date":"2024-10-08T16:52:04","date_gmt":"2024-10-08T14:52:04","guid":{"rendered":"https:\/\/stage.poppersparadise.eu\/product\/bleachers-extra-strong-24ml\/"},"modified":"2025-08-31T13:33:17","modified_gmt":"2025-08-31T11:33:17","slug":"bleachers-extra-strong-poppers-24ml","status":"publish","type":"product","link":"https:\/\/stage.poppersparadise.eu\/fr\/produit\/bleachers-extra-strong-poppers-24ml\/","title":{"rendered":"Bleachers Extra Strong 24ml"},"content":{"rendered":"<h2 class=\"wp-block-heading\">D\u00e9couvrez la puissance de Bleachers Extra Strong Poppers<\/h2>\n\n\n\n<p>Les Bleachers Extra Strong Poppers sont un choix de haute qualit\u00e9 pour les amateurs d'ar\u00f4mes intenses. Gr\u00e2ce \u00e0 une formule puissante \u00e0 base de nitrite de pentyle, ces poppers offrent une exp\u00e9rience olfactive durable et sophistiqu\u00e9e.<\/p>\n\n\n\n<h3 class=\"wp-block-heading\">Pourquoi choisir Bleachers Extra Strong ?<\/h3>\n\n\n\n<ul class=\"wp-block-list\">\n<li><strong>Formule extra-forte<\/strong>Pour une diffusion puissante et durable du parfum.<\/li>\n\n\n\n<li><strong>Composition de haute qualit\u00e9<\/strong>Le nitrite de pentyle est un ingr\u00e9dient populaire pour les ar\u00f4mes intenses.<\/li>\n\n\n\n<li><strong>Un contenu flexible<\/strong>Les produits sont disponibles en flacons de 15 \u00e0 24 ml, selon les besoins.<\/li>\n\n\n\n<li><strong>Convient \u00e0 tous<\/strong>: Id\u00e9al pour les nouveaux utilisateurs et les connaisseurs.<\/li>\n\n\n\n<li><strong>Remise attrayante sur le volume<\/strong>: \u00c9conomisez davantage en achetant plusieurs bouteilles.<\/li>\n<\/ul>\n\n\n\n<h3 class=\"wp-block-heading\">Informations importantes pour l'utilisateur<\/h3>\n\n\n\n<ul class=\"wp-block-list\">\n<li>Ce produit est destin\u00e9 \u00e0 \u00eatre utilis\u00e9 uniquement comme diffuseur de parfum ou solvant de nettoyage.<\/li>\n\n\n\n<li>Il ne convient pas \u00e0 la consommation humaine ni \u00e0 l'inhalation.<\/li>\n\n\n\n<li>\u00c9viter tout contact direct avec la peau ou les yeux en raison de ses propri\u00e9t\u00e9s corrosives.<\/li>\n\n\n\n<li>Conserver dans un endroit frais et sombre et bien refermer le flacon apr\u00e8s utilisation.<\/li>\n<\/ul>\n\n\n\n<h3 class=\"wp-block-heading\">Avertissements<\/h3>\n\n\n\n<ul class=\"wp-block-list\">\n<li>Liquide et vapeur hautement inflammables (H225).<\/li>\n\n\n\n<li>Provoque une irritation de la peau et des yeux (H315\/H319).<\/li>\n\n\n\n<li>Toxique par inhalation (H331).<\/li>\n\n\n\n<li>Il ne s'agit pas d'un m\u00e9dicament ou d'un produit m\u00e9dical.<\/li>\n\n\n\n<li>Utiliser uniquement selon les instructions.<\/li>\n<\/ul>\n\n\n\n<h3 class=\"wp-block-heading\">Stockage<\/h3>\n\n\n\n<ul class=\"wp-block-list\">\n<li>Conserver au frais et au sec.<\/li>\n\n\n\n<li>Tenir hors de port\u00e9e des enfants.<\/li>\n<\/ul>\n\n\n\n<p><strong>Pays d'origine<\/strong>Luxembourg : Luxembourg<\/p>\n\n\n\n<h3 class=\"wp-block-heading\">Commander Bleachers Extra Strong Poppers aujourd'hui<\/h3>\n\n\n\n<p>Avec Bleachers Extra Strong Poppers, vous disposez d'un diffuseur de parfum haut de gamme qui allie qualit\u00e9 et fonctionnalit\u00e9. Commandez d\u00e8s aujourd'hui et d\u00e9couvrez pourquoi ce produit est le pr\u00e9f\u00e9r\u00e9 des amateurs de diffuseurs de parfum !<\/p>\n\n\n\n<p><\/p>","protected":false},"excerpt":{"rendered":"<p><strong><br \/>ACCESSOIRES COMPATIBLES :<\/strong><\/p>\n<ul>\n<li><a href=\"https:\/\/stage.poppersparadise.eu\/fr\/categorie-de-produits\/accessoires\/renifleurs-petits\/\">Renifleurs Petit<\/a><\/li>\n<li><a href=\"https:\/\/stage.poppersparadise.eu\/fr\/produit\/xtrm-poppers-holder-oval-2\/\">XTRM Poppers Support ovale<\/a><\/li>\n<li><a href=\"https:\/\/stage.poppersparadise.eu\/fr\/produit\/xtrm-poppers-keeper-large-24ml-2\/\">XTRM Poppers Keeper Large<\/a><\/li>\n<\/ul>","protected":false},"featured_media":288,"comment_status":"open","ping_status":"closed","template":"","meta":[],"product_brand":[],"product_cat":[35],"product_tag":[],"class_list":{"0":"post-834","1":"product","2":"type-product","3":"status-publish","4":"has-post-thumbnail","6":"product_cat-grote-flesjes-poppers","8":"first","9":"instock","10":"taxable","11":"shipping-taxable","12":"purchasable","13":"product-type-simple"},"_links":{"self":[{"href":"https:\/\/stage.poppersparadise.eu\/fr\/wp-json\/wp\/v2\/product\/834","targetHints":{"allow":["GET"]}}],"collection":[{"href":"https:\/\/stage.poppersparadise.eu\/fr\/wp-json\/wp\/v2\/product"}],"about":[{"href":"https:\/\/stage.poppersparadise.eu\/fr\/wp-json\/wp\/v2\/types\/product"}],"replies":[{"embeddable":true,"href":"https:\/\/stage.poppersparadise.eu\/fr\/wp-json\/wp\/v2\/comments?post=834"}],"wp:featuredmedia":[{"embeddable":true,"href":"https:\/\/stage.poppersparadise.eu\/fr\/wp-json\/wp\/v2\/media\/288"}],"wp:attachment":[{"href":"https:\/\/stage.poppersparadise.eu\/fr\/wp-json\/wp\/v2\/media?parent=834"}],"wp:term":[{"taxonomy":"product_brand","embeddable":true,"href":"https:\/\/stage.poppersparadise.eu\/fr\/wp-json\/wp\/v2\/product_brand?post=834"},{"taxonomy":"product_cat","embeddable":true,"href":"https:\/\/stage.poppersparadise.eu\/fr\/wp-json\/wp\/v2\/product_cat?post=834"},{"taxonomy":"product_tag","embeddable":true,"href":"https:\/\/stage.poppersparadise.eu\/fr\/wp-json\/wp\/v2\/product_tag?post=834"}],"curies":[{"name":"wp","href":"https:\/\/api.w.org\/{rel}","templated":true}]}}