{"id":863,"date":"2024-10-08T16:52:12","date_gmt":"2024-10-08T14:52:12","guid":{"rendered":"https:\/\/stage.poppersparadise.eu\/product\/amsterdam-zero-24ml\/"},"modified":"2025-09-07T12:50:55","modified_gmt":"2025-09-07T10:50:55","slug":"amsterdam-zero-poppers-24ml","status":"publish","type":"product","link":"https:\/\/stage.poppersparadise.eu\/fr\/produit\/amsterdam-zero-poppers-24ml\/","title":{"rendered":"Amsterdam Zero 24ml"},"content":{"rendered":"<h2 class=\"wp-block-heading\">D\u00e9couvrez l'exp\u00e9rience puissante de Amsterdam Zero Poppers<\/h2>\n\n\n\n<p>D\u00e9couvrez la qualit\u00e9 de Amsterdam Zero Poppers, un diffuseur de parfum connu pour son m\u00e9lange unique et sa diffusion durable. Disponible en flacons discrets de 10 ou 24 ml, ce produit offre une exp\u00e9rience parfum\u00e9e intense et de haute qualit\u00e9.<\/p>\n\n\n\n<h3 class=\"wp-block-heading\">M\u00e9lange unique pour un parfum puissant<\/h3>\n\n\n\n<p>Amsterdam Zero Poppers sont compos\u00e9s d'un m\u00e9lange unique de nitrites d'isopropyle et d'isopentyle, assurant une dispersion puissante et durable du parfum.<\/p>\n\n\n\n<h3 class=\"wp-block-heading\">Ar\u00f4me longue dur\u00e9e gr\u00e2ce \u00e0 la m\u00e9gapellette<\/h3>\n\n\n\n<p>La m\u00e9gapelle de la bouteille permet de conserver l'ar\u00f4me plus longtemps, m\u00eame en cas d'ouverture r\u00e9p\u00e9t\u00e9e. Il s'agit donc d'un produit id\u00e9al pour une utilisation \u00e0 long terme.<\/p>\n\n\n\n<h3 class=\"wp-block-heading\">Caract\u00e9ristiques principales<\/h3>\n\n\n\n<ul class=\"wp-block-list\">\n<li><strong>Formule unique<\/strong>Les nitrites d'isopropyle et d'isopentyle sont un m\u00e9lange de nitrites d'isopropyle et d'isopentyle pour un parfum intense.<\/li>\n\n\n\n<li><strong>Ar\u00f4me longue dur\u00e9e<\/strong>La m\u00e9gapellette permet de prolonger la dur\u00e9e de vie du parfum.<\/li>\n\n\n\n<li><strong>Disponible en 10 ml et 24 ml<\/strong>Les formats : Choisissez le format qui vous convient le mieux.<\/li>\n<\/ul>\n\n\n\n<h3 class=\"wp-block-heading\">Informations importantes pour l'utilisateur<\/h3>\n\n\n\n<ul class=\"wp-block-list\">\n<li>Ce produit est destin\u00e9 \u00e0 \u00eatre utilis\u00e9 uniquement comme diffuseur de parfum ou solvant de nettoyage.<\/li>\n\n\n\n<li>Il ne convient pas \u00e0 la consommation humaine ni \u00e0 l'inhalation.<\/li>\n\n\n\n<li>\u00c9viter le contact direct avec la peau en raison de ses propri\u00e9t\u00e9s caustiques.<\/li>\n\n\n\n<li>Conserver dans un endroit frais et sombre et bien refermer le flacon apr\u00e8s utilisation.<\/li>\n<\/ul>\n\n\n\n<h3 class=\"wp-block-heading\">Avertissements<\/h3>\n\n\n\n<ul class=\"wp-block-list\">\n<li>Liquide et vapeur hautement inflammables (H225).<\/li>\n\n\n\n<li>Provoque une irritation de la peau et des yeux (H315\/H319).<\/li>\n\n\n\n<li>Toxique par inhalation (H331).<\/li>\n\n\n\n<li>Il ne s'agit pas d'un m\u00e9dicament ou d'un produit m\u00e9dical.<\/li>\n\n\n\n<li>Utiliser uniquement selon les instructions.<\/li>\n<\/ul>\n\n\n\n<h3 class=\"wp-block-heading\">Stockage<\/h3>\n\n\n\n<ul class=\"wp-block-list\">\n<li>Conserver au frais et au sec.<\/li>\n\n\n\n<li>Tenir hors de port\u00e9e des enfants.<\/li>\n<\/ul>\n\n\n\n<p><strong>Pays d'origine<\/strong>: Pays-Bas<\/p>\n\n\n\n<h3 class=\"wp-block-heading\">Commander Amsterdam Zero Poppers aujourd'hui<\/h3>\n\n\n\n<p>Avec Amsterdam Zero Poppers, vous obtenez un diffuseur de parfum puissant qui allie qualit\u00e9 et fonctionnalit\u00e9. Commandez d\u00e8s aujourd'hui et d\u00e9couvrez pourquoi ce produit est le pr\u00e9f\u00e9r\u00e9 des amateurs de diffuseurs de parfum !<\/p>","protected":false},"excerpt":{"rendered":"<p><strong><br \/>ACCESSOIRES COMPATIBLES :<\/strong><\/p>\n<ul>\n<li><a href=\"https:\/\/stage.poppersparadise.eu\/fr\/categorie-de-produits\/accessoires\/renifleurs-de-grande-taille\/\">Renifleurs Large<\/a><\/li>\n<li><a href=\"https:\/\/stage.poppersparadise.eu\/fr\/produit\/xtrm-poppers-holder-large\/\">XTRM Poppers Support Large<\/a><\/li>\n<li><a href=\"https:\/\/stage.poppersparadise.eu\/fr\/produit\/xtrm-poppers-keeper-large-24ml-2\/\">XTRM Poppers Keeper Large<\/a><\/li>\n<\/ul>","protected":false},"featured_media":327,"comment_status":"open","ping_status":"closed","template":"","meta":[],"product_brand":[735],"product_cat":[35],"product_tag":[],"class_list":{"0":"post-863","1":"product","2":"type-product","3":"status-publish","4":"has-post-thumbnail","6":"product_brand-amsterdam","7":"product_cat-grote-flesjes-poppers","9":"first","10":"instock","11":"taxable","12":"shipping-taxable","13":"purchasable","14":"product-type-simple"},"_links":{"self":[{"href":"https:\/\/stage.poppersparadise.eu\/fr\/wp-json\/wp\/v2\/product\/863","targetHints":{"allow":["GET"]}}],"collection":[{"href":"https:\/\/stage.poppersparadise.eu\/fr\/wp-json\/wp\/v2\/product"}],"about":[{"href":"https:\/\/stage.poppersparadise.eu\/fr\/wp-json\/wp\/v2\/types\/product"}],"replies":[{"embeddable":true,"href":"https:\/\/stage.poppersparadise.eu\/fr\/wp-json\/wp\/v2\/comments?post=863"}],"wp:featuredmedia":[{"embeddable":true,"href":"https:\/\/stage.poppersparadise.eu\/fr\/wp-json\/wp\/v2\/media\/327"}],"wp:attachment":[{"href":"https:\/\/stage.poppersparadise.eu\/fr\/wp-json\/wp\/v2\/media?parent=863"}],"wp:term":[{"taxonomy":"product_brand","embeddable":true,"href":"https:\/\/stage.poppersparadise.eu\/fr\/wp-json\/wp\/v2\/product_brand?post=863"},{"taxonomy":"product_cat","embeddable":true,"href":"https:\/\/stage.poppersparadise.eu\/fr\/wp-json\/wp\/v2\/product_cat?post=863"},{"taxonomy":"product_tag","embeddable":true,"href":"https:\/\/stage.poppersparadise.eu\/fr\/wp-json\/wp\/v2\/product_tag?post=863"}],"curies":[{"name":"wp","href":"https:\/\/api.w.org\/{rel}","templated":true}]}}