{"id":864,"date":"2024-10-08T16:52:13","date_gmt":"2024-10-08T14:52:13","guid":{"rendered":"https:\/\/stage.poppersparadise.eu\/product\/amyl-24ml-long\/"},"modified":"2025-10-04T19:40:27","modified_gmt":"2025-10-04T17:40:27","slug":"amyl-long-poppers-24ml","status":"publish","type":"product","link":"https:\/\/stage.poppersparadise.eu\/fr\/produit\/amyl-long-poppers-24ml\/","title":{"rendered":"Amyl 24ml Long"},"content":{"rendered":"<h2 class=\"wp-block-heading\">Amyl Long Bottle Poppers - Diffuseur de parfum puissant dans un format pratique<\/h2>\n\n\n\n<p>D\u00e9couvrez la qualit\u00e9 de Amyl Long Bottle Poppers, conditionn\u00e9 dans un flacon pratique de 24 ml. Ce diffuseur de parfum offre une exp\u00e9rience parfum\u00e9e intense et durable, parfaite pour les amateurs de produits de haute qualit\u00e9.<\/p>\n\n\n\n<h3 class=\"wp-block-heading\">Caract\u00e9ristiques principales<\/h3>\n\n\n\n<ul class=\"wp-block-list\">\n<li><strong>Effet durable<\/strong>La capacit\u00e9 de 24 ml vous permet de profiter plus longtemps d'une diffusion puissante de la senteur.<\/li>\n\n\n\n<li><strong>Format pratique<\/strong>La bouteille mince est facile \u00e0 ranger et \u00e0 transporter.<\/li>\n\n\n\n<li><strong>Formule de haute qualit\u00e9<\/strong>La fragrance : Sp\u00e9cialement con\u00e7ue pour une exp\u00e9rience olfactive intense.<\/li>\n<\/ul>\n\n\n\n<h3 class=\"wp-block-heading\">Informations importantes pour l'utilisateur<\/h3>\n\n\n\n<ul class=\"wp-block-list\">\n<li>Ce produit est destin\u00e9 \u00e0 \u00eatre utilis\u00e9 uniquement comme diffuseur de parfum ou solvant de nettoyage.<\/li>\n\n\n\n<li>Il ne convient pas \u00e0 la consommation humaine ni \u00e0 l'inhalation.<\/li>\n\n\n\n<li>\u00c9viter le contact direct avec la peau en raison de ses propri\u00e9t\u00e9s caustiques.<\/li>\n\n\n\n<li>Conserver dans un endroit frais et sombre et bien refermer le flacon apr\u00e8s utilisation.<\/li>\n<\/ul>\n\n\n\n<h3 class=\"wp-block-heading\">Avertissements<\/h3>\n\n\n\n<ul class=\"wp-block-list\">\n<li>Liquide et vapeur hautement inflammables (H225).<\/li>\n\n\n\n<li>Provoque une irritation de la peau et des yeux (H315\/H319).<\/li>\n\n\n\n<li>Toxique par inhalation (H331).<\/li>\n\n\n\n<li>Il ne s'agit pas d'un m\u00e9dicament ou d'un produit m\u00e9dical.<\/li>\n\n\n\n<li>Utiliser uniquement selon les instructions.<\/li>\n<\/ul>\n\n\n\n<h3 class=\"wp-block-heading\">Stockage<\/h3>\n\n\n\n<ul class=\"wp-block-list\">\n<li>Conserver au frais et au sec.<\/li>\n\n\n\n<li>Tenir hors de port\u00e9e des enfants.<\/li>\n<\/ul>\n\n\n\n<p><strong>Pays d'origine<\/strong>Luxembourg : Luxembourg<\/p>\n\n\n\n<h3 class=\"wp-block-heading\">Commandez aujourd'hui Amyl Long Bottle Poppers<\/h3>\n\n\n\n<p>Avec Amyl Long Bottle Poppers, vous obtenez un diffuseur de parfum puissant qui allie qualit\u00e9 et fonctionnalit\u00e9. Commandez d\u00e8s aujourd'hui et d\u00e9couvrez pourquoi ce produit est le pr\u00e9f\u00e9r\u00e9 des amateurs de diffuseurs de parfum !<\/p>","protected":false},"excerpt":{"rendered":"<p><strong><br \/>ACCESSOIRES COMPATIBLES :<\/strong><\/p>\n<ul>\n<li><a href=\"https:\/\/stage.poppersparadise.eu\/fr\/categorie-de-produits\/accessoires\/renifleurs-petits\/\">Renifleurs Petit<\/a><\/li>\n<\/ul>","protected":false},"featured_media":328,"comment_status":"open","ping_status":"closed","template":"","meta":[],"product_brand":[736],"product_cat":[35],"product_tag":[705],"class_list":{"0":"post-864","1":"product","2":"type-product","3":"status-publish","4":"has-post-thumbnail","6":"product_brand-amyl","7":"product_cat-grote-flesjes-poppers","8":"product_tag-tube","10":"first","11":"instock","12":"taxable","13":"shipping-taxable","14":"purchasable","15":"product-type-simple"},"_links":{"self":[{"href":"https:\/\/stage.poppersparadise.eu\/fr\/wp-json\/wp\/v2\/product\/864","targetHints":{"allow":["GET"]}}],"collection":[{"href":"https:\/\/stage.poppersparadise.eu\/fr\/wp-json\/wp\/v2\/product"}],"about":[{"href":"https:\/\/stage.poppersparadise.eu\/fr\/wp-json\/wp\/v2\/types\/product"}],"replies":[{"embeddable":true,"href":"https:\/\/stage.poppersparadise.eu\/fr\/wp-json\/wp\/v2\/comments?post=864"}],"wp:featuredmedia":[{"embeddable":true,"href":"https:\/\/stage.poppersparadise.eu\/fr\/wp-json\/wp\/v2\/media\/328"}],"wp:attachment":[{"href":"https:\/\/stage.poppersparadise.eu\/fr\/wp-json\/wp\/v2\/media?parent=864"}],"wp:term":[{"taxonomy":"product_brand","embeddable":true,"href":"https:\/\/stage.poppersparadise.eu\/fr\/wp-json\/wp\/v2\/product_brand?post=864"},{"taxonomy":"product_cat","embeddable":true,"href":"https:\/\/stage.poppersparadise.eu\/fr\/wp-json\/wp\/v2\/product_cat?post=864"},{"taxonomy":"product_tag","embeddable":true,"href":"https:\/\/stage.poppersparadise.eu\/fr\/wp-json\/wp\/v2\/product_tag?post=864"}],"curies":[{"name":"wp","href":"https:\/\/api.w.org\/{rel}","templated":true}]}}