{"id":885,"date":"2024-10-08T16:52:19","date_gmt":"2024-10-08T14:52:19","guid":{"rendered":"https:\/\/stage.poppersparadise.eu\/product\/iron-fist-black-label-24ml\/"},"modified":"2025-08-20T15:53:22","modified_gmt":"2025-08-20T13:53:22","slug":"iron-fist-black-label-poppers-24ml","status":"publish","type":"product","link":"https:\/\/stage.poppersparadise.eu\/fr\/produit\/iron-fist-black-label-poppers-24ml\/","title":{"rendered":"Iron Fist Black Label 24ml"},"content":{"rendered":"<h2 class=\"wp-block-heading\">D\u00e9couvrez le plaisir de Iron Fist Black Label Poppers 24ml<\/h2>\n\n\n\n<p>Faites l'exp\u00e9rience d'un parfum puissant avec Iron Fist Black Label Poppers 24ml. Sp\u00e9cialement con\u00e7u pour les amateurs d'ar\u00f4mes intenses, ce produit offre une diffusion de parfum unique et durable qui fait passer toute occasion au niveau sup\u00e9rieur.<\/p>\n\n\n\n<h3 class=\"wp-block-heading\">Qu'est-ce qui rend le Iron Fist Black Label sp\u00e9cial ?<\/h3>\n\n\n\n<ul class=\"wp-block-list\">\n<li><strong>Un m\u00e9lange puissant<\/strong>Le parfum de l'eau : Une combinaison unique de nitrite de pentyle et de nitrite d'isoamyle pour une exp\u00e9rience olfactive intense.<\/li>\n\n\n\n<li><strong>Format pratique<\/strong>24 ml dans un flacon m\u00e9tallique mince, id\u00e9al pour une utilisation \u00e0 long terme.<\/li>\n\n\n\n<li><strong>Diffusion directe des odeurs<\/strong>: Cr\u00e9ez une atmosph\u00e8re unique en quelques minutes.<\/li>\n\n\n\n<li><strong>Utilisation polyvalente<\/strong>Les v\u00eatements de la collection de l'Association canadienne de l'industrie du textile et de l'habillement (ACEA)<\/li>\n\n\n\n<li><strong>Utilisation \u00e9conomique<\/strong>La formule puissante de ce produit permet d'utiliser une petite quantit\u00e9 de produit pour un grand effet.<\/li>\n<\/ul>\n\n\n\n<h3 class=\"wp-block-heading\">Un examen plus approfondi des ingr\u00e9dients<\/h3>\n\n\n\n<ul class=\"wp-block-list\">\n<li><strong>Nitrite d'isoamyle<\/strong>: Connu pour sa puissante diffusion de parfum, id\u00e9al pour une exp\u00e9rience intense et de longue dur\u00e9e.<\/li>\n\n\n\n<li><strong>Nitrite de pentyle<\/strong>: Offre une exp\u00e9rience parfum\u00e9e l\u00e9g\u00e8rement plus douce, parfaite pour les d\u00e9butants ou ceux qui recherchent une exp\u00e9rience plus subtile.<\/li>\n<\/ul>\n\n\n\n<h3 class=\"wp-block-heading\">Informations importantes en mati\u00e8re de s\u00e9curit\u00e9<\/h3>\n\n\n\n<ul class=\"wp-block-list\">\n<li><strong>Ne pas prendre<\/strong>Ce produit est uniquement destin\u00e9 \u00e0 \u00eatre utilis\u00e9 comme diffuseur de parfum ou solvant de nettoyage.<\/li>\n\n\n\n<li><strong>\u00c9viter de m\u00e9langer<\/strong>Ne pas l'utiliser en combinaison avec d'autres produits.<\/li>\n\n\n\n<li><strong>Pas de contact avec la peau<\/strong>\u00c9viter tout contact direct avec le produit en raison de ses propri\u00e9t\u00e9s caustiques.<\/li>\n<\/ul>\n\n\n\n<h3 class=\"wp-block-heading\">Utilisation<\/h3>\n\n\n\n<ul class=\"wp-block-list\">\n<li>Uniquement destin\u00e9 \u00e0 servir de diffuseur de parfum ou de solvant de nettoyage.<\/li>\n\n\n\n<li>Ne convient pas \u00e0 la consommation humaine et ne doit pas \u00eatre inhal\u00e9.<\/li>\n<\/ul>\n\n\n\n<h3 class=\"wp-block-heading\">Stockage<\/h3>\n\n\n\n<ul class=\"wp-block-list\">\n<li>Conserver au frais et au sec.<\/li>\n\n\n\n<li>Tenir hors de port\u00e9e des enfants.<\/li>\n<\/ul>\n\n\n\n<h3 class=\"wp-block-heading\">Pays d'origine<\/h3>\n\n\n\n<ul class=\"wp-block-list\">\n<li>Luxembourg<\/li>\n<\/ul>\n\n\n\n<p>Cr\u00e9ez une atmosph\u00e8re unique et profitez d'une exp\u00e9rience olfactive intense avec Iron Fist Black Label Poppers 24ml. Commandez d\u00e8s aujourd'hui et d\u00e9couvrez pourquoi ce produit est si appr\u00e9ci\u00e9 des amateurs d'ar\u00f4mes puissants !<\/p>","protected":false},"excerpt":{"rendered":"<p><strong><br \/>ACCESSOIRES COMPATIBLES :<\/strong><\/p>\n<ul>\n<li><a href=\"https:\/\/stage.poppersparadise.eu\/fr\/categorie-de-produits\/accessoires\/renifleurs-petits\/\">Renifleurs Petit<\/a><\/li>\n<\/ul>","protected":false},"featured_media":362,"comment_status":"open","ping_status":"closed","template":"","meta":[],"product_brand":[742],"product_cat":[35],"product_tag":[],"class_list":{"0":"post-885","1":"product","2":"type-product","3":"status-publish","4":"has-post-thumbnail","6":"product_brand-iron-fist","7":"product_cat-grote-flesjes-poppers","9":"first","10":"instock","11":"taxable","12":"shipping-taxable","13":"purchasable","14":"product-type-simple"},"_links":{"self":[{"href":"https:\/\/stage.poppersparadise.eu\/fr\/wp-json\/wp\/v2\/product\/885","targetHints":{"allow":["GET"]}}],"collection":[{"href":"https:\/\/stage.poppersparadise.eu\/fr\/wp-json\/wp\/v2\/product"}],"about":[{"href":"https:\/\/stage.poppersparadise.eu\/fr\/wp-json\/wp\/v2\/types\/product"}],"replies":[{"embeddable":true,"href":"https:\/\/stage.poppersparadise.eu\/fr\/wp-json\/wp\/v2\/comments?post=885"}],"wp:featuredmedia":[{"embeddable":true,"href":"https:\/\/stage.poppersparadise.eu\/fr\/wp-json\/wp\/v2\/media\/362"}],"wp:attachment":[{"href":"https:\/\/stage.poppersparadise.eu\/fr\/wp-json\/wp\/v2\/media?parent=885"}],"wp:term":[{"taxonomy":"product_brand","embeddable":true,"href":"https:\/\/stage.poppersparadise.eu\/fr\/wp-json\/wp\/v2\/product_brand?post=885"},{"taxonomy":"product_cat","embeddable":true,"href":"https:\/\/stage.poppersparadise.eu\/fr\/wp-json\/wp\/v2\/product_cat?post=885"},{"taxonomy":"product_tag","embeddable":true,"href":"https:\/\/stage.poppersparadise.eu\/fr\/wp-json\/wp\/v2\/product_tag?post=885"}],"curies":[{"name":"wp","href":"https:\/\/api.w.org\/{rel}","templated":true}]}}