{"id":891,"date":"2024-10-08T16:52:21","date_gmt":"2024-10-08T14:52:21","guid":{"rendered":"https:\/\/stage.poppersparadise.eu\/product\/juicd-maximum-24ml\/"},"modified":"2025-10-01T22:59:19","modified_gmt":"2025-10-01T20:59:19","slug":"juicd-maximum-poppers-24ml","status":"publish","type":"product","link":"https:\/\/stage.poppersparadise.eu\/fr\/produit\/juicd-maximum-poppers-24ml\/","title":{"rendered":"Juic'D Maximum 24ml"},"content":{"rendered":"<h2 class=\"wp-block-heading\">Ga tot het uiterste met Juic&#8217;d Maximum Poppers<\/h2>\n\n\n\n<p>Ontdek spannende ervaringen met Juice&#8217;d Maximum Poppers, het vernieuwde merk van het populaire Jungle Juice. Deze geurverspreiders bieden een intens aroma dat perfect is voor bijzondere momenten, of je nu samen met een partner bent of solo geniet.<\/p>\n\n\n\n<h3 class=\"wp-block-heading\">Belangrijkste kenmerken van Juic&#8217;d Maximum Poppers<\/h3>\n\n\n\n<ul class=\"wp-block-list\">\n<li><strong>Marque<\/strong>: Juice'd (anciennement Jungle Juice)<\/li>\n\n\n\n<li><strong>Disponible en<\/strong>Flacons de 10 ml et 24 ml<\/li>\n\n\n\n<li><strong>Ingr\u00e9dient actif<\/strong>Amyl nitrite<\/li>\n\n\n\n<li><strong>Composition de haute qualit\u00e9<\/strong>Le parfum : Sp\u00e9cialement con\u00e7u pour les amateurs d'ar\u00f4mes puissants.<\/li>\n<\/ul>\n\n\n\n<h3 class=\"wp-block-heading\">Waarom kiezen voor Juic&#8217;d Maximum Poppers?<\/h3>\n\n\n\n<ul class=\"wp-block-list\">\n<li><strong>Formule puissante<\/strong>Le nitrite d'amyle est l'un des ingr\u00e9dients les plus pris\u00e9s des diffuseurs de parfum.<\/li>\n\n\n\n<li><strong>Utilisation efficace<\/strong>La dispersion du parfum est optimale si l'on n'en utilise qu'une petite quantit\u00e9.<\/li>\n\n\n\n<li><strong>Emballage de haute qualit\u00e9<\/strong>Les produits de la gamme sont disponibles en flacons pratiques pour une fra\u00eecheur longue dur\u00e9e.<\/li>\n<\/ul>\n\n\n\n<h3 class=\"wp-block-heading\">Qu'est-ce que le nitrite d'amyle ?<\/h3>\n\n\n\n<p>Amyl nitriet is een krachtige verbinding die vaak wordt gebruikt in geurverspreiders. Het staat bekend om zijn intense effecten en wordt aanbevolen voor ervaren gebruikers. Beginners wordt aangeraden om met een mildere formule te starten.<\/p>\n\n\n\n<h3 class=\"wp-block-heading\">Informations importantes pour l'utilisateur<\/h3>\n\n\n\n<ul class=\"wp-block-list\">\n<li>Ce produit est destin\u00e9 \u00e0 \u00eatre utilis\u00e9 uniquement comme diffuseur de parfum ou solvant de nettoyage.<\/li>\n\n\n\n<li>Il ne convient pas \u00e0 la consommation humaine ni \u00e0 l'inhalation.<\/li>\n\n\n\n<li>\u00c9viter le contact direct avec la peau en raison de ses propri\u00e9t\u00e9s caustiques.<\/li>\n\n\n\n<li>Conserver dans un endroit frais et sombre et bien refermer le flacon apr\u00e8s utilisation.<\/li>\n<\/ul>\n\n\n\n<h3 class=\"wp-block-heading\">Avertissements<\/h3>\n\n\n\n<ul class=\"wp-block-list\">\n<li>Liquide et vapeur hautement inflammables (H225).<\/li>\n\n\n\n<li>Provoque une irritation de la peau et des yeux (H315\/H319).<\/li>\n\n\n\n<li>Toxique par inhalation (H331).<\/li>\n\n\n\n<li>Il ne s'agit pas d'un m\u00e9dicament ou d'un produit m\u00e9dical.<\/li>\n\n\n\n<li>Utiliser uniquement selon les instructions.<\/li>\n<\/ul>\n\n\n\n<h3 class=\"wp-block-heading\">Stockage<\/h3>\n\n\n\n<ul class=\"wp-block-list\">\n<li>Conserver au frais et au sec.<\/li>\n\n\n\n<li>Tenir hors de port\u00e9e des enfants.<\/li>\n<\/ul>\n\n\n\n<h3 class=\"wp-block-heading\">Waarom Juic&#8217;d Maximum Poppers?<\/h3>\n\n\n\n<p>Juice'd Maximum Poppers associe un ar\u00f4me intense \u00e0 une composition de haute qualit\u00e9, parfaite pour les amateurs \u00e0 la recherche d'une exp\u00e9rience parfum\u00e9e unique.<\/p>\n\n\n\n<p>Bestel vandaag nog jouw flesje Juic&#8217;d Maximum Poppers en ontdek de kwaliteit en intensiteit die dit product te bieden heeft!<\/p>","protected":false},"excerpt":{"rendered":"<p><strong><br \/>ACCESSOIRES COMPATIBLES :<\/strong><\/p>\n<ul>\n<li><a href=\"https:\/\/stage.poppersparadise.eu\/fr\/categorie-de-produits\/accessoires\/renifleurs-de-grande-taille\/\">Renifleurs Large<\/a><\/li>\n<li><a href=\"https:\/\/stage.poppersparadise.eu\/fr\/produit\/xtrm-poppers-holder-large\/\">XTRM Poppers Support Large<\/a><\/li>\n<li><a href=\"https:\/\/stage.poppersparadise.eu\/fr\/produit\/xtrm-poppers-keeper-large-24ml-2\/\">XTRM Poppers Keeper Large<\/a><\/li>\n<\/ul>","protected":false},"featured_media":383,"comment_status":"open","ping_status":"closed","template":"","meta":[],"product_brand":[743],"product_cat":[35],"product_tag":[],"class_list":{"0":"post-891","1":"product","2":"type-product","3":"status-publish","4":"has-post-thumbnail","6":"product_brand-juicd","7":"product_cat-grote-flesjes-poppers","9":"first","10":"instock","11":"taxable","12":"shipping-taxable","13":"purchasable","14":"product-type-simple"},"_links":{"self":[{"href":"https:\/\/stage.poppersparadise.eu\/fr\/wp-json\/wp\/v2\/product\/891","targetHints":{"allow":["GET"]}}],"collection":[{"href":"https:\/\/stage.poppersparadise.eu\/fr\/wp-json\/wp\/v2\/product"}],"about":[{"href":"https:\/\/stage.poppersparadise.eu\/fr\/wp-json\/wp\/v2\/types\/product"}],"replies":[{"embeddable":true,"href":"https:\/\/stage.poppersparadise.eu\/fr\/wp-json\/wp\/v2\/comments?post=891"}],"wp:featuredmedia":[{"embeddable":true,"href":"https:\/\/stage.poppersparadise.eu\/fr\/wp-json\/wp\/v2\/media\/383"}],"wp:attachment":[{"href":"https:\/\/stage.poppersparadise.eu\/fr\/wp-json\/wp\/v2\/media?parent=891"}],"wp:term":[{"taxonomy":"product_brand","embeddable":true,"href":"https:\/\/stage.poppersparadise.eu\/fr\/wp-json\/wp\/v2\/product_brand?post=891"},{"taxonomy":"product_cat","embeddable":true,"href":"https:\/\/stage.poppersparadise.eu\/fr\/wp-json\/wp\/v2\/product_cat?post=891"},{"taxonomy":"product_tag","embeddable":true,"href":"https:\/\/stage.poppersparadise.eu\/fr\/wp-json\/wp\/v2\/product_tag?post=891"}],"curies":[{"name":"wp","href":"https:\/\/api.w.org\/{rel}","templated":true}]}}