{"id":895,"date":"2024-10-08T16:52:22","date_gmt":"2024-10-08T14:52:22","guid":{"rendered":"https:\/\/stage.poppersparadise.eu\/product\/juicd-plus-24ml\/"},"modified":"2025-10-01T05:28:20","modified_gmt":"2025-10-01T03:28:20","slug":"juicd-plus-poppers-24ml","status":"publish","type":"product","link":"https:\/\/stage.poppersparadise.eu\/fr\/produit\/juicd-plus-poppers-24ml\/","title":{"rendered":"Juic'D Plus 24ml"},"content":{"rendered":"<h2 class=\"wp-block-heading\">Lib\u00e9rez votre c\u00f4t\u00e9 sauvage avec Juic'd Plus Poppers<\/h2>\n\n\n\n<p>\u00c9levez les moments sp\u00e9ciaux avec Juic'd Plus Poppers ! Que vous profitiez d'une soir\u00e9e \u00e0 la maison ou d'une occasion sp\u00e9ciale, ce diffuseur de parfum offre un ar\u00f4me intense qui contribue \u00e0 cr\u00e9er une atmosph\u00e8re unique et agr\u00e9able.<\/p>\n\n\n\n<h3 class=\"wp-block-heading\">Caract\u00e9ristiques principales de Juic'd Plus Poppers<\/h3>\n\n\n\n<ul class=\"wp-block-list\">\n<li><strong>Marque<\/strong>Le prix de l'eau : Juic'd<\/li>\n\n\n\n<li><strong>Contenu<\/strong>Disponible en flacons de 10 ml et de 24 ml.<\/li>\n\n\n\n<li><strong>Anciennement connu sous le nom de<\/strong>: Jungle Juice Plus<\/li>\n\n\n\n<li><strong>Ingr\u00e9dient actif<\/strong>: Nitrite d'isopropyle<\/li>\n<\/ul>\n\n\n\n<p>Les produits Juic'd Plus Poppers sont connus pour leur ar\u00f4me puissant et leur haute qualit\u00e9. Ils sont parfaits pour ceux qui recherchent une exp\u00e9rience olfactive sophistiqu\u00e9e.<\/p>\n\n\n\n<h3 class=\"wp-block-heading\">Qu'est-ce que le nitrite d'isopropyle ?<\/h3>\n\n\n\n<p>Le nitrite d'isopropyle est un ingr\u00e9dient courant dans les diffuseurs de parfum. Il procure un ar\u00f4me intense et est appr\u00e9ci\u00e9 pour son efficacit\u00e9. Une petite quantit\u00e9 suffit pour une diffusion optimale du parfum.<\/p>\n\n\n\n<h3 class=\"wp-block-heading\">Informations importantes pour l'utilisateur<\/h3>\n\n\n\n<ul class=\"wp-block-list\">\n<li>Ce produit est destin\u00e9 \u00e0 \u00eatre utilis\u00e9 uniquement comme diffuseur de parfum ou solvant de nettoyage.<\/li>\n\n\n\n<li>Il ne convient pas \u00e0 la consommation humaine ni \u00e0 l'inhalation.<\/li>\n\n\n\n<li>\u00c9viter le contact direct avec la peau en raison de ses propri\u00e9t\u00e9s caustiques.<\/li>\n\n\n\n<li>Conserver dans un endroit frais et sombre et bien refermer le flacon apr\u00e8s utilisation.<\/li>\n<\/ul>\n\n\n\n<h3 class=\"wp-block-heading\">Avertissements<\/h3>\n\n\n\n<ul class=\"wp-block-list\">\n<li>Liquide et vapeur hautement inflammables (H225).<\/li>\n\n\n\n<li>Provoque une irritation de la peau et des yeux (H315\/H319).<\/li>\n\n\n\n<li>Toxique par inhalation (H331).<\/li>\n\n\n\n<li>Il ne s'agit pas d'un m\u00e9dicament ou d'un produit m\u00e9dical.<\/li>\n\n\n\n<li>Utiliser uniquement selon les instructions.<\/li>\n<\/ul>\n\n\n\n<h3 class=\"wp-block-heading\">Stockage<\/h3>\n\n\n\n<ul class=\"wp-block-list\">\n<li>Conserver au frais et au sec.<\/li>\n\n\n\n<li>Tenir hors de port\u00e9e des enfants.<\/li>\n<\/ul>\n\n\n\n<h3 class=\"wp-block-heading\">Pourquoi choisir Juic'd Plus Poppers ?<\/h3>\n\n\n\n<p>Juic'd Plus Poppers associe un ar\u00f4me intense \u00e0 une composition de haute qualit\u00e9, parfaite pour les amateurs \u00e0 la recherche d'une exp\u00e9rience parfum\u00e9e unique.<\/p>\n\n\n\n<p>Commandez votre bouteille de Juic'd Plus Poppers d\u00e8s aujourd'hui et d\u00e9couvrez la qualit\u00e9 et l'intensit\u00e9 de ce produit !<\/p>","protected":false},"excerpt":{"rendered":"<p><strong><br \/>ACCESSOIRES COMPATIBLES :<\/strong><\/p>\n<ul>\n<li><a href=\"https:\/\/stage.poppersparadise.eu\/fr\/categorie-de-produits\/accessoires\/renifleurs-de-grande-taille\/\">Renifleurs Large<\/a><\/li>\n<li><a href=\"https:\/\/stage.poppersparadise.eu\/fr\/produit\/xtrm-poppers-holder-large\/\">XTRM Poppers Support Large<\/a><\/li>\n<li><a href=\"https:\/\/stage.poppersparadise.eu\/fr\/produit\/xtrm-poppers-keeper-large-24ml-2\/\">XTRM Poppers Keeper Large<\/a><\/li>\n<\/ul>","protected":false},"featured_media":385,"comment_status":"open","ping_status":"closed","template":"","meta":[],"product_brand":[743],"product_cat":[35],"product_tag":[],"class_list":{"0":"post-895","1":"product","2":"type-product","3":"status-publish","4":"has-post-thumbnail","6":"product_brand-juicd","7":"product_cat-grote-flesjes-poppers","9":"first","10":"instock","11":"taxable","12":"shipping-taxable","13":"purchasable","14":"product-type-simple"},"_links":{"self":[{"href":"https:\/\/stage.poppersparadise.eu\/fr\/wp-json\/wp\/v2\/product\/895","targetHints":{"allow":["GET"]}}],"collection":[{"href":"https:\/\/stage.poppersparadise.eu\/fr\/wp-json\/wp\/v2\/product"}],"about":[{"href":"https:\/\/stage.poppersparadise.eu\/fr\/wp-json\/wp\/v2\/types\/product"}],"replies":[{"embeddable":true,"href":"https:\/\/stage.poppersparadise.eu\/fr\/wp-json\/wp\/v2\/comments?post=895"}],"wp:featuredmedia":[{"embeddable":true,"href":"https:\/\/stage.poppersparadise.eu\/fr\/wp-json\/wp\/v2\/media\/385"}],"wp:attachment":[{"href":"https:\/\/stage.poppersparadise.eu\/fr\/wp-json\/wp\/v2\/media?parent=895"}],"wp:term":[{"taxonomy":"product_brand","embeddable":true,"href":"https:\/\/stage.poppersparadise.eu\/fr\/wp-json\/wp\/v2\/product_brand?post=895"},{"taxonomy":"product_cat","embeddable":true,"href":"https:\/\/stage.poppersparadise.eu\/fr\/wp-json\/wp\/v2\/product_cat?post=895"},{"taxonomy":"product_tag","embeddable":true,"href":"https:\/\/stage.poppersparadise.eu\/fr\/wp-json\/wp\/v2\/product_tag?post=895"}],"curies":[{"name":"wp","href":"https:\/\/api.w.org\/{rel}","templated":true}]}}