{"id":907,"date":"2024-10-08T16:52:25","date_gmt":"2024-10-08T14:52:25","guid":{"rendered":"https:\/\/stage.poppersparadise.eu\/product\/master-24ml\/"},"modified":"2025-08-20T08:54:26","modified_gmt":"2025-08-20T06:54:26","slug":"master-poppers-24ml","status":"publish","type":"product","link":"https:\/\/stage.poppersparadise.eu\/fr\/produit\/master-poppers-24ml\/","title":{"rendered":"Master 24ml"},"content":{"rendered":"<h2 class=\"wp-block-heading\">D\u00e9couvrez les sensations du Master Poppers<\/h2>\n\n\n\n<p>Faites passer votre exp\u00e9rience olfactive au niveau sup\u00e9rieur avec Master Poppers dans un flacon pratique de 24 ml. Ce puissant diffuseur de parfum est con\u00e7u pour cr\u00e9er une atmosph\u00e8re intense et unique, parfaite pour les moments sp\u00e9ciaux et les lieux de d\u00e9tente.<\/p>\n\n\n\n<h3 class=\"wp-block-heading\">Une exp\u00e9rience intense<\/h3>\n\n\n\n<ul class=\"wp-block-list\">\n<li><strong>Formule puissante<\/strong>: Contient du nitrite d'isopropyle pour une diffusion durable et efficace des odeurs.<\/li>\n\n\n\n<li><strong>Facile \u00e0 utiliser<\/strong>La fragrance de l'eau de Javel : Une petite quantit\u00e9 suffit pour une exp\u00e9rience parfum\u00e9e imm\u00e9diate et intense.<\/li>\n\n\n\n<li><strong>Haute qualit\u00e9<\/strong>Diffuseur de parfum : Sp\u00e9cialement con\u00e7u pour les amateurs \u00e0 la recherche d'un diffuseur de parfum puissant.<\/li>\n<\/ul>\n\n\n\n<h3 class=\"wp-block-heading\">Informations importantes pour l'utilisateur<\/h3>\n\n\n\n<ul class=\"wp-block-list\">\n<li>Ce produit est destin\u00e9 \u00e0 \u00eatre utilis\u00e9 uniquement comme diffuseur de parfum ou solvant de nettoyage.<\/li>\n\n\n\n<li>Il ne convient pas \u00e0 la consommation humaine ni \u00e0 l'inhalation.<\/li>\n\n\n\n<li>\u00c9viter le contact direct avec la peau en raison de ses propri\u00e9t\u00e9s caustiques.<\/li>\n\n\n\n<li>Conserver dans un endroit frais et sombre et bien refermer le flacon apr\u00e8s utilisation.<\/li>\n<\/ul>\n\n\n\n<h3 class=\"wp-block-heading\">Avertissements<\/h3>\n\n\n\n<ul class=\"wp-block-list\">\n<li>Liquide et vapeur hautement inflammables (H225).<\/li>\n\n\n\n<li>Provoque une irritation de la peau et des yeux (H315\/H319).<\/li>\n\n\n\n<li>Toxique par inhalation (H331).<\/li>\n\n\n\n<li>Il ne s'agit pas d'un m\u00e9dicament ou d'un produit m\u00e9dical.<\/li>\n\n\n\n<li>Utiliser uniquement selon les instructions.<\/li>\n<\/ul>\n\n\n\n<h3 class=\"wp-block-heading\">Stockage<\/h3>\n\n\n\n<ul class=\"wp-block-list\">\n<li>Conserver au frais et au sec.<\/li>\n\n\n\n<li>Tenir hors de port\u00e9e des enfants.<\/li>\n<\/ul>\n\n\n\n<h3 class=\"wp-block-heading\">Pourquoi choisir Master Poppers ?<\/h3>\n\n\n\n<p>Master Poppers associe une diffusion de parfum puissante \u00e0 une r\u00e9putation fiable et \u00e0 une qualit\u00e9 \u00e9lev\u00e9e. Ils sont parfaits pour les amateurs qui recherchent une exp\u00e9rience olfactive intense et sophistiqu\u00e9e.<\/p>\n\n\n\n<p>Commandez votre flacon de Master Poppers d\u00e8s aujourd'hui et d\u00e9couvrez pourquoi ce produit est le pr\u00e9f\u00e9r\u00e9 des utilisateurs de diffuseurs de senteurs !<\/p>","protected":false},"excerpt":{"rendered":"<p><strong><br \/>ACCESSOIRES COMPATIBLES :<\/strong><\/p>\n<ul>\n<li><a href=\"https:\/\/stage.poppersparadise.eu\/fr\/categorie-de-produits\/accessoires\/renifleurs-petits\/\">Renifleurs Petit<\/a><\/li>\n<li><a href=\"https:\/\/stage.poppersparadise.eu\/fr\/produit\/xtrm-poppers-holder-oval-2\/\">XTRM Poppers Support ovale<\/a><\/li>\n<li><a href=\"https:\/\/stage.poppersparadise.eu\/fr\/produit\/xtrm-poppers-keeper-large-24ml-2\/\">XTRM Poppers Keeper Large<\/a><\/li>\n<\/ul>","protected":false},"featured_media":394,"comment_status":"open","ping_status":"closed","template":"","meta":[],"product_brand":[],"product_cat":[35],"product_tag":[],"class_list":{"0":"post-907","1":"product","2":"type-product","3":"status-publish","4":"has-post-thumbnail","6":"product_cat-grote-flesjes-poppers","8":"first","9":"instock","10":"taxable","11":"shipping-taxable","12":"purchasable","13":"product-type-simple"},"_links":{"self":[{"href":"https:\/\/stage.poppersparadise.eu\/fr\/wp-json\/wp\/v2\/product\/907","targetHints":{"allow":["GET"]}}],"collection":[{"href":"https:\/\/stage.poppersparadise.eu\/fr\/wp-json\/wp\/v2\/product"}],"about":[{"href":"https:\/\/stage.poppersparadise.eu\/fr\/wp-json\/wp\/v2\/types\/product"}],"replies":[{"embeddable":true,"href":"https:\/\/stage.poppersparadise.eu\/fr\/wp-json\/wp\/v2\/comments?post=907"}],"wp:featuredmedia":[{"embeddable":true,"href":"https:\/\/stage.poppersparadise.eu\/fr\/wp-json\/wp\/v2\/media\/394"}],"wp:attachment":[{"href":"https:\/\/stage.poppersparadise.eu\/fr\/wp-json\/wp\/v2\/media?parent=907"}],"wp:term":[{"taxonomy":"product_brand","embeddable":true,"href":"https:\/\/stage.poppersparadise.eu\/fr\/wp-json\/wp\/v2\/product_brand?post=907"},{"taxonomy":"product_cat","embeddable":true,"href":"https:\/\/stage.poppersparadise.eu\/fr\/wp-json\/wp\/v2\/product_cat?post=907"},{"taxonomy":"product_tag","embeddable":true,"href":"https:\/\/stage.poppersparadise.eu\/fr\/wp-json\/wp\/v2\/product_tag?post=907"}],"curies":[{"name":"wp","href":"https:\/\/api.w.org\/{rel}","templated":true}]}}