{"id":944,"date":"2024-10-08T14:52:36","date_gmt":"2024-10-08T14:52:36","guid":{"rendered":"https:\/\/stage.poppersparadise.eu\/product\/original-zero30ml\/"},"modified":"2025-08-21T10:52:42","modified_gmt":"2025-08-21T08:52:42","slug":"original-zero-poppers-30ml","status":"publish","type":"product","link":"https:\/\/stage.poppersparadise.eu\/fr\/produit\/original-zero-poppers-30ml\/","title":{"rendered":"\u26a1Original Zero\u26a130ml"},"content":{"rendered":"<h2 class=\"wp-block-heading\">Lib\u00e9rez une exp\u00e9rience olfactive passionnante avec le puissant Original Zero Poppers<\/h2>\n\n\n\n<p>Faites l'exp\u00e9rience d'une diffusion de parfum unique et intense avec Original Zero Poppers, sp\u00e9cialement con\u00e7u pour les amateurs d'ar\u00f4mes de haute qualit\u00e9. Compos\u00e9 d'un m\u00e9lange de nitrite d'isoamyle et de nitrite d'isopropyle, ce produit offre une exp\u00e9rience parfum\u00e9e puissante et durable, parfaite pour diverses applications.<\/p>\n\n\n\n<h3 class=\"wp-block-heading\">Sp\u00e9cifications du produit<\/h3>\n\n\n\n<ul class=\"wp-block-list\">\n<li><strong>Formule puissante<\/strong>Composition de haute qualit\u00e9 pour une diffusion intense du parfum<\/li>\n\n\n\n<li><strong>Emballage pratique<\/strong>La solution : Disponible en flacons de verre de 10 ml et de 30 ml, id\u00e9ale pour les d\u00e9placements.<\/li>\n\n\n\n<li><strong>Offre exclusive<\/strong>Les avantages : B\u00e9n\u00e9ficiez d'une remise en gros pour l'achat de 3 bouteilles ou plus.<\/li>\n\n\n\n<li><strong>Am\u00e9lioration de la fra\u00eecheur<\/strong>Chaque bouteille contient une pastille pour pr\u00e9server la fra\u00eecheur et la qualit\u00e9 de l'ar\u00f4me.<\/li>\n<\/ul>\n\n\n\n<h3 class=\"wp-block-heading\">Informations importantes pour l'utilisateur<\/h3>\n\n\n\n<ul class=\"wp-block-list\">\n<li>Ce produit est destin\u00e9 \u00e0 \u00eatre utilis\u00e9 uniquement comme diffuseur de parfum ou solvant de nettoyage.<\/li>\n\n\n\n<li>Il ne convient pas \u00e0 la consommation humaine ni \u00e0 l'inhalation.<\/li>\n\n\n\n<li>\u00c9viter tout contact direct avec la peau ou les yeux en raison de ses propri\u00e9t\u00e9s corrosives.<\/li>\n\n\n\n<li>Conserver dans un endroit frais et sombre et bien refermer le flacon apr\u00e8s utilisation.<\/li>\n<\/ul>\n\n\n\n<h3 class=\"wp-block-heading\">Avertissements<\/h3>\n\n\n\n<ul class=\"wp-block-list\">\n<li>Liquide et vapeur hautement inflammables (H225).<\/li>\n\n\n\n<li>Provoque une irritation de la peau et des yeux (H315\/H319).<\/li>\n\n\n\n<li>Toxique par inhalation (H331).<\/li>\n\n\n\n<li>Il ne s'agit pas d'un m\u00e9dicament ou d'un produit m\u00e9dical.<\/li>\n\n\n\n<li>Utiliser uniquement selon les instructions.<\/li>\n<\/ul>\n\n\n\n<h3 class=\"wp-block-heading\">Stockage<\/h3>\n\n\n\n<ul class=\"wp-block-list\">\n<li>Conserver au frais et au sec.<\/li>\n\n\n\n<li>Tenir hors de port\u00e9e des enfants.<\/li>\n<\/ul>\n\n\n\n<p><strong>Pays d'origine<\/strong>Luxembourg : Luxembourg<\/p>\n\n\n\n<h3 class=\"wp-block-heading\">Commander Original Zero Poppers aujourd'hui<\/h3>\n\n\n\n<p>Avec Original Zero Poppers, vous obtenez un diffuseur de parfum de haute qualit\u00e9 qui allie qualit\u00e9 et fonctionnalit\u00e9. Commandez d\u00e8s aujourd'hui et d\u00e9couvrez pourquoi ce produit est le pr\u00e9f\u00e9r\u00e9 des amateurs de diffuseurs de parfum !<\/p>","protected":false},"excerpt":{"rendered":"<p>Amyl<\/p>","protected":false},"featured_media":651,"comment_status":"open","ping_status":"closed","template":"","meta":[],"product_brand":[748],"product_cat":[35],"product_tag":[],"class_list":{"0":"post-944","1":"product","2":"type-product","3":"status-publish","4":"has-post-thumbnail","6":"product_brand-original","7":"product_cat-grote-flesjes-poppers","9":"first","10":"instock","11":"taxable","12":"shipping-taxable","13":"purchasable","14":"product-type-simple"},"_links":{"self":[{"href":"https:\/\/stage.poppersparadise.eu\/fr\/wp-json\/wp\/v2\/product\/944","targetHints":{"allow":["GET"]}}],"collection":[{"href":"https:\/\/stage.poppersparadise.eu\/fr\/wp-json\/wp\/v2\/product"}],"about":[{"href":"https:\/\/stage.poppersparadise.eu\/fr\/wp-json\/wp\/v2\/types\/product"}],"replies":[{"embeddable":true,"href":"https:\/\/stage.poppersparadise.eu\/fr\/wp-json\/wp\/v2\/comments?post=944"}],"wp:featuredmedia":[{"embeddable":true,"href":"https:\/\/stage.poppersparadise.eu\/fr\/wp-json\/wp\/v2\/media\/651"}],"wp:attachment":[{"href":"https:\/\/stage.poppersparadise.eu\/fr\/wp-json\/wp\/v2\/media?parent=944"}],"wp:term":[{"taxonomy":"product_brand","embeddable":true,"href":"https:\/\/stage.poppersparadise.eu\/fr\/wp-json\/wp\/v2\/product_brand?post=944"},{"taxonomy":"product_cat","embeddable":true,"href":"https:\/\/stage.poppersparadise.eu\/fr\/wp-json\/wp\/v2\/product_cat?post=944"},{"taxonomy":"product_tag","embeddable":true,"href":"https:\/\/stage.poppersparadise.eu\/fr\/wp-json\/wp\/v2\/product_tag?post=944"}],"curies":[{"name":"wp","href":"https:\/\/api.w.org\/{rel}","templated":true}]}}