{"id":12551,"date":"2024-11-15T13:22:24","date_gmt":"2024-11-15T12:22:24","guid":{"rendered":"https:\/\/stage.poppersparadise.eu\/?post_type=product&#038;p=12551"},"modified":"2025-08-18T16:38:03","modified_gmt":"2025-08-18T14:38:03","slug":"meta-pentil-popper-10ml","status":"publish","type":"product","link":"https:\/\/stage.poppersparadise.eu\/it\/prodotto\/meta-pentil-popper-10ml\/","title":{"rendered":"Meta Pentyl 10ml"},"content":{"rendered":"<h2 class=\"wp-block-heading\">Scoprite la Meta Pentyl 10ml Poppers<\/h2>\n\n\n\n<p>Provate un'esperienza di profumazione unica con i popper Meta Pentyl 10ml. Questo diffusore di fragranze, con una potente formula a base di nitrito di pentile, \u00e8 progettato per creare un'atmosfera intensa e duratura. Perfetto per gli amanti degli aromi speciali che cercano un diffusore di fragranze di alta qualit\u00e0.<\/p>\n\n\n\n<h3 class=\"wp-block-heading\">Caratteristiche principali<\/h3>\n\n\n\n<ul class=\"wp-block-list\">\n<li><strong>Potente formula di profumazione<\/strong>A base di nitrito di pentile per un'intensa diffusione della fragranza.<\/li>\n\n\n\n<li><strong>Disponibile in due misure<\/strong>Scegliere tra i flaconi in vetro da 10 ml o 24 ml.<\/li>\n\n\n\n<li><strong>Specialmente per gli intenditori<\/strong>Ideato per chi \u00e8 alla ricerca di un'esperienza di profumazione unica.<\/li>\n\n\n\n<li><strong>Sconti interessanti per le grandi quantit\u00e0<\/strong>: Risparmia di pi\u00f9 se acquisti pi\u00f9 bottiglie.<\/li>\n<\/ul>\n\n\n\n<h3 class=\"wp-block-heading\">Perch\u00e9 scegliere l'Meta Pentyl 10ml?<\/h3>\n\n\n\n<p>Meta Pentyl 10ml \u00e8 un diffusore di fragranze appositamente progettato per chi desidera creare un ambiente intenso e sofisticato. La sua potente formula fornisce un aroma breve ma intenso, ideale per i momenti speciali. Questo prodotto \u00e8 molto apprezzato nei Paesi Bassi per la sua composizione di alta qualit\u00e0 e la facilit\u00e0 d'uso.<\/p>\n\n\n\n<h3 class=\"wp-block-heading\">Importante da sapere<\/h3>\n\n\n\n<p>Questo prodotto \u00e8 destinato esclusivamente all'uso come diffusore di fragranze o solvente per la pulizia. Non \u00e8 adatto al consumo umano o all'inalazione. Conservare il prodotto in un luogo fresco e buio e chiudere bene il flacone dopo l'uso.<\/p>\n\n\n\n<h3 class=\"wp-block-heading\">Avvertenze<\/h3>\n\n\n\n<ul class=\"wp-block-list\">\n<li>Liquido e vapore altamente infiammabili (H225).<\/li>\n\n\n\n<li>Provoca irritazione cutanea e oculare (H315\/H319).<\/li>\n\n\n\n<li>Tossico per inalazione (H331).<\/li>\n\n\n\n<li>Nessun farmaco.<\/li>\n\n\n\n<li>Utilizzare solo come indicato.<\/li>\n<\/ul>\n\n\n\n<h3 class=\"wp-block-heading\">Immagazzinamento<\/h3>\n\n\n\n<p>Conservare in un luogo fresco e asciutto. Tenere fuori dalla portata dei bambini.<\/p>\n\n\n\n<h3 class=\"wp-block-heading\">Paese di origine<\/h3>\n\n\n\n<p>Francia<\/p>\n\n\n\n<figure class=\"wp-block-video\"><video autoplay controls src=\"https:\/\/stage.poppersparadise.eu\/wp-content\/uploads\/2024\/10\/Meta-Pentyl.mp4\"><\/video><\/figure>","protected":false},"excerpt":{"rendered":"<p><strong><br \/>ACCESSORI COMPATIBILI:<\/strong><\/p>\n<ul>\n<li><a href=\"https:\/\/stage.poppersparadise.eu\/it\/categoria-di-prodotto\/accessori\/annusatori-piccoli\/\">Fiuto Piccolo<\/a><\/li>\n<li><a href=\"https:\/\/stage.poppersparadise.eu\/it\/prodotto\/xtrm-poppers-houder-zwart-small\/\">XTRM Poppers Supporto Piccolo<\/a><\/li>\n<li><a href=\"https:\/\/stage.poppersparadise.eu\/it\/prodotto\/poppers-xtrm-keeper-small-10ml-2\/\">XTRM Poppers Custode Piccolo<\/a><\/li>\n<\/ul>","protected":false},"featured_media":12552,"comment_status":"open","ping_status":"closed","template":"","meta":[],"product_brand":[747],"product_cat":[34],"product_tag":[],"class_list":{"0":"post-12551","1":"product","2":"type-product","3":"status-publish","4":"has-post-thumbnail","6":"product_brand-meta","7":"product_cat-kleine-flesjes-poppers","9":"first","10":"instock","11":"taxable","12":"shipping-taxable","13":"purchasable","14":"product-type-simple"},"_links":{"self":[{"href":"https:\/\/stage.poppersparadise.eu\/it\/wp-json\/wp\/v2\/product\/12551","targetHints":{"allow":["GET"]}}],"collection":[{"href":"https:\/\/stage.poppersparadise.eu\/it\/wp-json\/wp\/v2\/product"}],"about":[{"href":"https:\/\/stage.poppersparadise.eu\/it\/wp-json\/wp\/v2\/types\/product"}],"replies":[{"embeddable":true,"href":"https:\/\/stage.poppersparadise.eu\/it\/wp-json\/wp\/v2\/comments?post=12551"}],"wp:featuredmedia":[{"embeddable":true,"href":"https:\/\/stage.poppersparadise.eu\/it\/wp-json\/wp\/v2\/media\/12552"}],"wp:attachment":[{"href":"https:\/\/stage.poppersparadise.eu\/it\/wp-json\/wp\/v2\/media?parent=12551"}],"wp:term":[{"taxonomy":"product_brand","embeddable":true,"href":"https:\/\/stage.poppersparadise.eu\/it\/wp-json\/wp\/v2\/product_brand?post=12551"},{"taxonomy":"product_cat","embeddable":true,"href":"https:\/\/stage.poppersparadise.eu\/it\/wp-json\/wp\/v2\/product_cat?post=12551"},{"taxonomy":"product_tag","embeddable":true,"href":"https:\/\/stage.poppersparadise.eu\/it\/wp-json\/wp\/v2\/product_tag?post=12551"}],"curies":[{"name":"wp","href":"https:\/\/api.w.org\/{rel}","templated":true}]}}