{"id":12590,"date":"2024-11-16T23:21:11","date_gmt":"2024-11-16T22:21:11","guid":{"rendered":"https:\/\/stage.poppersparadise.eu\/?post_type=product&#038;p=12590"},"modified":"2025-09-19T16:29:15","modified_gmt":"2025-09-19T14:29:15","slug":"xtrm-kinky-snffr-a-prova-di-perdite-doppio-piccolo","status":"publish","type":"product","link":"https:\/\/stage.poppersparadise.eu\/it\/prodotto\/xtrm-kinky-snffr-a-prova-di-perdite-doppio-piccolo\/","title":{"rendered":"XTRM Kinky SNFFR a prova di perdita doppia - Piccolo - Set"},"content":{"rendered":"<h2 class=\"font-bold text-h3 leading-[36px] pt-[21px] pb-[2px] [&amp;_a]:underline-offset-[6px] [&amp;_.underline]:underline-offset-[6px]\" dir=\"ltr\">XTRM KINKY SNFFR - Il massimo del piacere per l'utente serio<\/h2>\n<p class=\"text-body font-regular leading-[24px] pt-[9px] pb-[2px]\" dir=\"ltr\">Vivete un'esperienza senza precedenti con il nuovo XTRM Kinky SNFFR Leak Proof Double - Small. Questo design rivoluzionario porta il vostro piacere a un livello superiore grazie alle sue caratteristiche avanzate.<\/p>\n<h3 class=\"font-bold text-h4 leading-[30px] pt-[15px] pb-[2px] [&amp;_a]:underline-offset-[6px] [&amp;_.underline]:underline-offset-[6px]\" dir=\"ltr\">Cosa rende speciale il modello XTRM Kinky SNFFR Leak Proof Double - Small?<\/h3>\n<ul class=\"pt-[9px] pb-[2px] pl-[24px] list-disc [&amp;_ul]:pt-[5px] pt-[5px]\">\n<li class=\"text-body font-regular leading-[24px] my-[5px] [&amp;&gt;ol]:!pt-0 [&amp;&gt;ol]:!pb-0 [&amp;&gt;ul]:!pt-0 [&amp;&gt;ul]:!pb-0\" value=\"1\"><b><strong class=\"font-bold\">Design rivoluzionario<\/strong><\/b>: L'XTRM KINKY SNFFR \u00e8 realizzato in un unico pezzo, senza parti sciolte che possono spostarsi. \u00c8 stato progettato per garantire la massima facilit\u00e0 d'uso.<\/li>\n<li class=\"text-body font-regular leading-[24px] my-[5px] [&amp;&gt;ol]:!pt-0 [&amp;&gt;ol]:!pb-0 [&amp;&gt;ul]:!pt-0 [&amp;&gt;ul]:!pb-0\" value=\"2\"><b><strong class=\"font-bold\">Guarnizione a prova di perdite<\/strong><\/b>L'anello di tenuta integrato garantisce che non cada nulla, in modo da assicurare sempre un'esperienza sicura e conveniente.<\/li>\n<li class=\"text-body font-regular leading-[24px] my-[5px] [&amp;&gt;ol]:!pt-0 [&amp;&gt;ol]:!pb-0 [&amp;&gt;ul]:!pt-0 [&amp;&gt;ul]:!pb-0\" value=\"3\"><b><strong class=\"font-bold\">Tecnologia Power Channel<\/strong><\/b>Godetevi un aroma fino a cinque volte superiore rispetto al tradizionale Turbo XTRM a prova di perdite.<\/li>\n<li class=\"text-body font-regular leading-[24px] my-[5px] [&amp;&gt;ol]:!pt-0 [&amp;&gt;ol]:!pb-0 [&amp;&gt;ul]:!pt-0 [&amp;&gt;ul]:!pb-0\" value=\"4\"><b><strong class=\"font-bold\">Calcio ritardato<\/strong><\/b>Provate una sensazione unica con un colpo ritardato e potente che non dimenticherete presto.<\/li>\n<li class=\"text-body font-regular leading-[24px] my-[5px] [&amp;&gt;ol]:!pt-0 [&amp;&gt;ol]:!pb-0 [&amp;&gt;ul]:!pt-0 [&amp;&gt;ul]:!pb-0\" value=\"5\"><b><strong class=\"font-bold\">Design elegante e pratico<\/strong><\/b>Disponibile in nero e rosso, con pulsante e supporto a contrasto per una conservazione e una trasportabilit\u00e0 sicure.<\/li>\n<li><strong>Contenuto della confezione<\/strong>XTRM Kinky SNFFR Leak Proof Solo - Small e un supporto coordinato<\/li>\n<\/ul>\n<h3 class=\"font-bold text-h4 leading-[30px] pt-[15px] pb-[2px] [&amp;_a]:underline-offset-[6px] [&amp;_.underline]:underline-offset-[6px]\" dir=\"ltr\">Adatto alle seguenti bottiglie:<\/h3>\n<ul class=\"pt-[9px] pb-[2px] pl-[24px] list-disc [&amp;_ul]:pt-[5px] pt-[5px]\">\n<li value=\"3\">Flaconi piccoli da 9-10 ml<\/li>\n<li value=\"3\">Bottiglie ovali<\/li>\n<li value=\"3\">Bottiglie Iron Fist<\/li>\n<\/ul>\n<h3>\"Tanti SNFFR: alla fine abbiamo dovuto mettere ordine in casa\".<br \/>D'ora in poi, ci sono misure chiare per ogni bottiglia: la nostra nuova tabella delle taglie XTRM SNFFR mostra esattamente ci\u00f2 che si adatta, senza congetture e senza armeggiare\".<br \/><br \/><\/h3>\n<figure class=\"wp-block-table\">\n<table class=\"has-fixed-layout\">\n<thead>\n<tr>\n<th>Dimensione<\/th>\n<th>Esempio\u00a0<\/th>\n<th>Descrizione<\/th>\n<\/tr>\n<\/thead>\n<tbody>\n<tr>\n<td><strong>XXS<\/strong><\/td>\n<td><img decoding=\"async\" src=\"https:\/\/wholesale.xtrm.net\/TAP\/XXS.jpg\" alt=\"Bottiglia XXS\" \/><\/td>\n<td>Cranio Flaconi da 24 ml<\/td>\n<\/tr>\n<tr>\n<td><strong>XS<\/strong><\/td>\n<td><img decoding=\"async\" src=\"https:\/\/wholesale.xtrm.net\/TAP\/XS.jpg\" alt=\"Bottiglia XS\" \/><\/td>\n<td>Francese, Double Scorpio (USA), Everest, OXY - bottiglie sottili in alluminio (10-15 ml)<\/td>\n<\/tr>\n<tr>\n<td><strong>S<\/strong><\/td>\n<td><img decoding=\"async\" src=\"https:\/\/wholesale.xtrm.net\/TAP\/SMALL.jpg\" alt=\"Bottiglia S\" \/><\/td>\n<td>Rush, Amsterdam, bottiglie ovali XTRM, bottiglie Lockerroom larghe (non alte), PWD 10ml, Funline 10ml<\/td>\n<\/tr>\n<tr>\n<td><strong>M<\/strong><\/td>\n<td><img decoding=\"async\" src=\"https:\/\/wholesale.xtrm.net\/TAP\/M.jpg\" alt=\"M Bottiglia\" \/><\/td>\n<td>Nuovi flaconi alti Lockerroom (30 ml) - prima \"Small\", ora Medium<\/td>\n<\/tr>\n<tr>\n<td><strong>L<\/strong><\/td>\n<td><img decoding=\"async\" src=\"https:\/\/wholesale.xtrm.net\/TAP\/large.jpg\" alt=\"L Bottiglia\" \/><\/td>\n<td>Bottiglie quadrate retr\u00f2 (24-25 ml), ad es. Belgo, Funline, Lockerroom, alcune bottiglie USA<\/td>\n<\/tr>\n<tr>\n<td><strong>XL<\/strong><\/td>\n<td><img decoding=\"async\" src=\"https:\/\/wholesale.xtrm.net\/TAP\/xl.jpg\" alt=\"Bottiglia XL\" \/><\/td>\n<td>Nuove bottiglie in alluminio OXY e Lockerroom (grandi, rotonde)<\/td>\n<\/tr>\n<tr>\n<td><strong>2XL<\/strong><\/td>\n<td><img decoding=\"async\" src=\"https:\/\/wholesale.xtrm.net\/TAP\/2xl.jpg\" alt=\"Bottiglia 2XL\" \/><\/td>\n<td>Bottiglie in alluminio extra-larghe da 30 ml con grande apertura<\/td>\n<\/tr>\n<tr>\n<td><strong>3XL<\/strong><\/td>\n<td><img decoding=\"async\" src=\"https:\/\/wholesale.xtrm.net\/TAP\/3xl.jpg\" alt=\"Bottiglia 3XL\" \/><\/td>\n<td>Bottiglie di plastica isoamiliche, Everest 30 ml, bottiglie di vetro a bocca larga<\/td>\n<\/tr>\n<tr>\n<td><strong>4XL<\/strong><\/td>\n<td><img decoding=\"async\" src=\"https:\/\/wholesale.xtrm.net\/TAP\/4xl.jpg\" alt=\"Bottiglia 4XL\" \/><\/td>\n<td>XTRM bottiglie da 60-100 ml, come XTRM BEAST<\/td>\n<\/tr>\n<\/tbody>\n<\/table>\n<\/figure>\n<h3><\/h3>\n\n\n<figure class=\"wp-block-video\"><video controls src=\"https:\/\/stage.poppersparadise.eu\/wp-content\/uploads\/2024\/11\/sylven_big.mp4\"><\/video><\/figure>","protected":false},"excerpt":{"rendered":"<p>Il nuovo Kinky SNFFR Leak Proof di XTRM \u00e8 finalmente disponibile e promette di portare la vostra esperienza di profumazione a un nuovo X-LEVEL.<\/p>","protected":false},"featured_media":17260,"comment_status":"open","ping_status":"closed","template":"","meta":[],"product_brand":[752],"product_cat":[330,529],"product_tag":[527],"class_list":{"0":"post-12590","1":"product","2":"type-product","3":"status-publish","4":"has-post-thumbnail","6":"product_brand-xtrm","7":"product_cat-accessoires","8":"product_cat-sniffers-small","9":"product_tag-smallsnffr","11":"first","12":"instock","13":"taxable","14":"shipping-taxable","15":"purchasable","16":"product-type-simple"},"_links":{"self":[{"href":"https:\/\/stage.poppersparadise.eu\/it\/wp-json\/wp\/v2\/product\/12590","targetHints":{"allow":["GET"]}}],"collection":[{"href":"https:\/\/stage.poppersparadise.eu\/it\/wp-json\/wp\/v2\/product"}],"about":[{"href":"https:\/\/stage.poppersparadise.eu\/it\/wp-json\/wp\/v2\/types\/product"}],"replies":[{"embeddable":true,"href":"https:\/\/stage.poppersparadise.eu\/it\/wp-json\/wp\/v2\/comments?post=12590"}],"wp:featuredmedia":[{"embeddable":true,"href":"https:\/\/stage.poppersparadise.eu\/it\/wp-json\/wp\/v2\/media\/17260"}],"wp:attachment":[{"href":"https:\/\/stage.poppersparadise.eu\/it\/wp-json\/wp\/v2\/media?parent=12590"}],"wp:term":[{"taxonomy":"product_brand","embeddable":true,"href":"https:\/\/stage.poppersparadise.eu\/it\/wp-json\/wp\/v2\/product_brand?post=12590"},{"taxonomy":"product_cat","embeddable":true,"href":"https:\/\/stage.poppersparadise.eu\/it\/wp-json\/wp\/v2\/product_cat?post=12590"},{"taxonomy":"product_tag","embeddable":true,"href":"https:\/\/stage.poppersparadise.eu\/it\/wp-json\/wp\/v2\/product_tag?post=12590"}],"curies":[{"name":"wp","href":"https:\/\/api.w.org\/{rel}","templated":true}]}}