{"id":13011,"date":"2024-12-02T12:04:28","date_gmt":"2024-12-02T11:04:28","guid":{"rendered":"https:\/\/stage.poppersparadise.eu\/?post_type=product&#038;p=13011"},"modified":"2025-10-07T13:50:35","modified_gmt":"2025-10-07T11:50:35","slug":"popper-sportivo-10ml","status":"publish","type":"product","link":"https:\/\/stage.poppersparadise.eu\/it\/prodotto\/popper-sportivo-10ml\/","title":{"rendered":"Sport Fucker 10ml"},"content":{"rendered":"<h2 class=\"wp-block-heading\">Scopri lo Sport Fucker Poppers 10ml<\/h2>\n\n\n\n<p>Conosciuto per i suoi prodotti di alta qualit\u00e0, Sport Fucker presenta ora un esclusivo diffusore di fragranze che porta i vostri momenti al livello successivo. Con un aroma raffinato a base di nitrito di pentile, questo diffusore di fragranze offre un'esperienza di profumo unica e intensa. Confezionato in un pratico flacone di vetro da 10 ml, questo prodotto \u00e8 la scelta perfetta per le occasioni speciali.<\/p>\n\n\n\n<h3 class=\"wp-block-heading\">Specifiche del prodotto<\/h3>\n\n\n\n<ul class=\"wp-block-list\">\n<li><strong>Marchio<\/strong>: Sport Fucker<\/li>\n\n\n\n<li><strong>Principio attivo<\/strong>Nitrito di pentile<\/li>\n\n\n\n<li><strong>Contenuto<\/strong>: 10ml<\/li>\n<\/ul>\n\n\n\n<h3 class=\"wp-block-heading\">Cosa rende speciali i diffusori di profumo Sport Fucker?<\/h3>\n\n\n\n<ul class=\"wp-block-list\">\n<li><strong>Ambiente migliorato<\/strong>: Ideale per migliorare l'umore durante le occasioni sociali.<\/li>\n\n\n\n<li><strong>Utilizzo confortevole<\/strong>Adatto sia ai principianti che agli utenti abituali.<\/li>\n<\/ul>\n\n\n\n<h3 class=\"wp-block-heading\">Perch\u00e9 scegliere il nitrito di pentile?<\/h3>\n\n\n\n<p>Il nitrito di pentile \u00e8 una scelta popolare nei Paesi Bassi per il suo odore delicato e gradevole. Offre un'intensit\u00e0 simile a quella degli altri nitriti, ma con minori possibilit\u00e0 di effetti indesiderati. Questo lo rende un'opzione sicura e accessibile a tutti.<\/p>\n\n\n\n<h3 class=\"wp-block-heading\">Beneficiare di sconti per quantit\u00e0<\/h3>\n\n\n\n<p>Pi\u00f9 bottiglie si acquistano, maggiore \u00e8 lo sconto!<\/p>\n\n\n\n<h3 class=\"wp-block-heading\">Importante da sapere<\/h3>\n\n\n\n<p>Questo prodotto \u00e8 destinato esclusivamente all'uso come diffusore di fragranze o solvente per la pulizia. Non \u00e8 adatto al consumo umano o all'inalazione. Conservare il prodotto in un luogo fresco e buio e chiudere bene il flacone dopo l'uso.<\/p>\n\n\n\n<h3 class=\"wp-block-heading\">Avvertenze<\/h3>\n\n\n\n<ul class=\"wp-block-list\">\n<li>Liquido e vapore altamente infiammabili (H225).<\/li>\n\n\n\n<li>Provoca irritazione cutanea e oculare (H315\/H319).<\/li>\n\n\n\n<li>Tossico per inalazione (H331).<\/li>\n\n\n\n<li>Nessun farmaco.<\/li>\n\n\n\n<li>Utilizzare solo come indicato.<\/li>\n<\/ul>\n\n\n\n<h3 class=\"wp-block-heading\">Immagazzinamento<\/h3>\n\n\n\n<p>Conservare in un luogo fresco e asciutto. Tenere fuori dalla portata dei bambini.<\/p>\n\n\n\n<h3 class=\"wp-block-heading\">Paese di origine<\/h3>\n\n\n\n<p>Francia<\/p>\n\n\n\n<p><\/p>","protected":false},"excerpt":{"rendered":"<p><strong><br \/>ACCESSORI COMPATIBILI:<\/strong><\/p>\n<ul>\n<li><a href=\"https:\/\/stage.poppersparadise.eu\/it\/categoria-di-prodotto\/accessori\/annusatori-piccoli\/\">Fiuto Piccolo<\/a><\/li>\n<li><a href=\"https:\/\/stage.poppersparadise.eu\/it\/prodotto\/xtrm-poppers-houder-zwart-small\/\">XTRM Poppers Supporto Piccolo<\/a><\/li>\n<li><a href=\"https:\/\/stage.poppersparadise.eu\/it\/prodotto\/poppers-xtrm-keeper-small-10ml-2\/\">XTRM Poppers Custode Piccolo<\/a><\/li>\n<\/ul>","protected":false},"featured_media":13012,"comment_status":"open","ping_status":"closed","template":"","meta":[],"product_brand":[],"product_cat":[482,34],"product_tag":[],"class_list":{"0":"post-13011","1":"product","2":"type-product","3":"status-publish","4":"has-post-thumbnail","6":"product_cat-aanbiedingen","7":"product_cat-kleine-flesjes-poppers","9":"first","10":"instock","11":"sale","12":"taxable","13":"shipping-taxable","14":"purchasable","15":"product-type-simple"},"_links":{"self":[{"href":"https:\/\/stage.poppersparadise.eu\/it\/wp-json\/wp\/v2\/product\/13011","targetHints":{"allow":["GET"]}}],"collection":[{"href":"https:\/\/stage.poppersparadise.eu\/it\/wp-json\/wp\/v2\/product"}],"about":[{"href":"https:\/\/stage.poppersparadise.eu\/it\/wp-json\/wp\/v2\/types\/product"}],"replies":[{"embeddable":true,"href":"https:\/\/stage.poppersparadise.eu\/it\/wp-json\/wp\/v2\/comments?post=13011"}],"wp:featuredmedia":[{"embeddable":true,"href":"https:\/\/stage.poppersparadise.eu\/it\/wp-json\/wp\/v2\/media\/13012"}],"wp:attachment":[{"href":"https:\/\/stage.poppersparadise.eu\/it\/wp-json\/wp\/v2\/media?parent=13011"}],"wp:term":[{"taxonomy":"product_brand","embeddable":true,"href":"https:\/\/stage.poppersparadise.eu\/it\/wp-json\/wp\/v2\/product_brand?post=13011"},{"taxonomy":"product_cat","embeddable":true,"href":"https:\/\/stage.poppersparadise.eu\/it\/wp-json\/wp\/v2\/product_cat?post=13011"},{"taxonomy":"product_tag","embeddable":true,"href":"https:\/\/stage.poppersparadise.eu\/it\/wp-json\/wp\/v2\/product_tag?post=13011"}],"curies":[{"name":"wp","href":"https:\/\/api.w.org\/{rel}","templated":true}]}}