{"id":14580,"date":"2025-02-24T15:47:22","date_gmt":"2025-02-24T14:47:22","guid":{"rendered":"https:\/\/stage.poppersparadise.eu\/?post_type=product&#038;p=14580"},"modified":"2025-10-04T18:42:20","modified_gmt":"2025-10-04T16:42:20","slug":"popper-fing-prince-uk-30ml","status":"publish","type":"product","link":"https:\/\/stage.poppersparadise.eu\/it\/prodotto\/popper-fing-prince-uk-30ml\/","title":{"rendered":"F**ing Prince UK 30ml"},"content":{"rendered":"<h2 class=\"wp-block-heading\">Provate il modello F**ing Prince UK 30ml Poppers<\/h2>\n\n\n\n<p>Provate una sensazione esplosiva e impareggiabile con il F**ing Prince UK 30ml Poppers. Questa formula avanzata a base di nitrito di amile offre un'esperienza rapida e intensa che conquister\u00e0 completamente anche gli utenti pi\u00f9 esigenti.<\/p>\n\n\n\n<h3 class=\"wp-block-heading\">Specifiche del prodotto:<\/h3>\n\n\n\n<ul class=\"wp-block-list\">\n<li><strong>Formula<\/strong>Soluzione di nitrito di alta qualit\u00e0, a base di nitrito di amile.<\/li>\n\n\n\n<li><strong>Effetti<\/strong>Potente vasodilatatore per sensazioni rapide e intense.<\/li>\n\n\n\n<li><strong>Sicurezza<\/strong>: Rigorosamente testato per la purezza e la stabilit\u00e0 per la massima efficacia.<\/li>\n<\/ul>\n\n\n\n<h3 class=\"wp-block-heading\">Confezione pratica e quantit\u00e0 ottimale:<\/h3>\n\n\n\n<p>Il generoso flacone da 30 ml offre un volume sufficiente per gustare il prodotto pi\u00f9 a lungo. Il coperchio ermetico garantisce una maggiore durata di conservazione e preserva la qualit\u00e0 del prodotto. Il design ergonomico lo rende comodo da usare.<\/p>\n\n\n\n<h3 class=\"wp-block-heading\">Testato per qualit\u00e0 e sicurezza:<\/h3>\n\n\n\n<p>Il F**ing Prince UK 30ml Poppers \u00e8 sottoposto a rigorosi controlli di qualit\u00e0 per garantire purezza e stabilit\u00e0 ottimali. Ogni lotto viene testato singolarmente, in modo da poter essere certi di acquistare un prodotto affidabile e di alta qualit\u00e0. Questo garantisce la soddisfazione e la fiducia dei clienti.<\/p>\n\n\n\n<h3 class=\"wp-block-heading\">Importante da sapere:<\/h3>\n\n\n\n<p>Questo prodotto \u00e8 destinato esclusivamente all'uso come diffusore di fragranze o solvente per la pulizia. Non \u00e8 adatto al consumo umano o all'inalazione. Conservare il prodotto in un luogo fresco e buio e chiudere bene il flacone dopo l'uso.<\/p>\n\n\n\n<h3 class=\"wp-block-heading\">Avvertenze:<\/h3>\n\n\n\n<ul class=\"wp-block-list\">\n<li>Liquido e vapore altamente infiammabili (H225).<\/li>\n\n\n\n<li>Provoca irritazione cutanea e oculare (H315\/H319).<\/li>\n\n\n\n<li>Tossico per inalazione (H331).<\/li>\n\n\n\n<li>Nessun farmaco.<\/li>\n\n\n\n<li>Utilizzare solo come indicato.<\/li>\n<\/ul>\n\n\n\n<h3 class=\"wp-block-heading\">Stoccaggio:<\/h3>\n\n\n\n<p>Conservare in un luogo fresco e asciutto. Tenere fuori dalla portata dei bambini.<\/p>\n\n\n\n<h3 class=\"wp-block-heading\">Paese di origine:<\/h3>\n\n\n\n<p>Austria<\/p>\n\n\n\n<p><\/p>","protected":false},"excerpt":{"rendered":"<p><strong><br \/>ACCESSORI COMPATIBILI:<\/strong><\/p>\n<ul>\n<li><a href=\"https:\/\/stage.poppersparadise.eu\/it\/categoria-di-prodotto\/accessori\/annusatori-piccoli\/\">Fiuto Piccolo<\/a><\/li>\n<\/ul>","protected":false},"featured_media":14581,"comment_status":"open","ping_status":"closed","template":"","meta":[],"product_brand":[],"product_cat":[35],"product_tag":[],"class_list":{"0":"post-14580","1":"product","2":"type-product","3":"status-publish","4":"has-post-thumbnail","6":"product_cat-grote-flesjes-poppers","8":"first","9":"instock","10":"taxable","11":"shipping-taxable","12":"purchasable","13":"product-type-simple"},"_links":{"self":[{"href":"https:\/\/stage.poppersparadise.eu\/it\/wp-json\/wp\/v2\/product\/14580","targetHints":{"allow":["GET"]}}],"collection":[{"href":"https:\/\/stage.poppersparadise.eu\/it\/wp-json\/wp\/v2\/product"}],"about":[{"href":"https:\/\/stage.poppersparadise.eu\/it\/wp-json\/wp\/v2\/types\/product"}],"replies":[{"embeddable":true,"href":"https:\/\/stage.poppersparadise.eu\/it\/wp-json\/wp\/v2\/comments?post=14580"}],"wp:featuredmedia":[{"embeddable":true,"href":"https:\/\/stage.poppersparadise.eu\/it\/wp-json\/wp\/v2\/media\/14581"}],"wp:attachment":[{"href":"https:\/\/stage.poppersparadise.eu\/it\/wp-json\/wp\/v2\/media?parent=14580"}],"wp:term":[{"taxonomy":"product_brand","embeddable":true,"href":"https:\/\/stage.poppersparadise.eu\/it\/wp-json\/wp\/v2\/product_brand?post=14580"},{"taxonomy":"product_cat","embeddable":true,"href":"https:\/\/stage.poppersparadise.eu\/it\/wp-json\/wp\/v2\/product_cat?post=14580"},{"taxonomy":"product_tag","embeddable":true,"href":"https:\/\/stage.poppersparadise.eu\/it\/wp-json\/wp\/v2\/product_tag?post=14580"}],"curies":[{"name":"wp","href":"https:\/\/api.w.org\/{rel}","templated":true}]}}