{"id":15507,"date":"2025-03-26T09:49:44","date_gmt":"2025-03-26T08:49:44","guid":{"rendered":"https:\/\/stage.poppersparadise.eu\/product\/black-label-poeder-glijmiddel-op-waterbasis-275-gr\/"},"modified":"2025-08-15T11:41:14","modified_gmt":"2025-08-15T09:41:14","slug":"fist-it-black-label-lubrificante-in-polvere-a-base-dacqua-275-gr","status":"publish","type":"product","link":"https:\/\/stage.poppersparadise.eu\/it\/prodotto\/fist-it-black-label-lubrificante-in-polvere-a-base-dacqua-275-gr\/","title":{"rendered":"Fist-It Black Label Polvere Lubrificante a base d'acqua - 275 gr"},"content":{"rendered":"<h2 class=\"font-bold text-h3 leading-[40px] pt-[21px] pb-[2px] [&amp;_a]:underline-offset-[6px] [&amp;_.underline]:underline-offset-[6px]\" dir=\"ltr\">Fist It Black Label Powder Lube Lubrificante in polvere - 275 gr<\/h2>\n<p class=\"text-body font-regular leading-[24px] pt-[9px] pb-[2px]\" dir=\"ltr\">Ecco il vostro nuovo preferito per il massimo del piacere e del comfort. Il lubrificante in polvere a base acquosa Fist-It Black Label - 275 gr offre un'esperienza completamente personalizzata. \u00c8 sufficiente aggiungere acqua per creare un lubrificante setoso che si adatta perfettamente alle vostre esigenze. Ideale per il piacere in solitaria o per momenti eccitanti con il partner!<\/p>\n<h3 class=\"font-bold text-h4 leading-[30px] pt-[15px] pb-[2px] [&amp;_a]:underline-offset-[6px] [&amp;_.underline]:underline-offset-[6px]\" dir=\"ltr\">Caratteristiche principali<\/h3>\n<ul class=\"pt-[9px] pb-[2px] pl-[24px] list-inside list-disc pt-[5px]\">\n<li class=\"text-body font-regular leading-[24px] my-[5px] [&amp;&gt;ol]:!pt-0 [&amp;&gt;ol]:!pb-0 [&amp;&gt;ul]:!pt-0 [&amp;&gt;ul]:!pb-0\" value=\"1\"><b><strong class=\"font-bold\">Lubrificante automiscelante<\/strong><\/b>: Unire la polvere all'acqua per ottenere una texture morbida e controllabile.<\/li>\n<li class=\"text-body font-regular leading-[24px] my-[5px] [&amp;&gt;ol]:!pt-0 [&amp;&gt;ol]:!pb-0 [&amp;&gt;ul]:!pt-0 [&amp;&gt;ul]:!pb-0\" value=\"2\"><b><strong class=\"font-bold\">Insapore e inodore<\/strong><\/b>Non ci sono distrazioni e la passione \u00e8 centrale.<\/li>\n<li class=\"text-body font-regular leading-[24px] my-[5px] [&amp;&gt;ol]:!pt-0 [&amp;&gt;ol]:!pb-0 [&amp;&gt;ul]:!pt-0 [&amp;&gt;ul]:!pb-0\" value=\"3\"><b><strong class=\"font-bold\">Versatile e confortevole<\/strong><\/b>Adatto a vari giochi e momenti di intimit\u00e0.<\/li>\n<li class=\"text-body font-regular leading-[24px] my-[5px] [&amp;&gt;ol]:!pt-0 [&amp;&gt;ol]:!pb-0 [&amp;&gt;ul]:!pt-0 [&amp;&gt;ul]:!pb-0\" value=\"4\"><b><strong class=\"font-bold\">Facile da risciacquare<\/strong><\/b>Rende il riordino facile e veloce.<\/li>\n<li class=\"text-body font-regular leading-[24px] my-[5px] [&amp;&gt;ol]:!pt-0 [&amp;&gt;ol]:!pb-0 [&amp;&gt;ul]:!pt-0 [&amp;&gt;ul]:!pb-0\" value=\"5\"><b><strong class=\"font-bold\">Perfetto per i viaggi<\/strong><\/b>Comodo da trasportare e miscelare ovunque ci si trovi.<\/li>\n<li class=\"text-body font-regular leading-[24px] my-[5px] [&amp;&gt;ol]:!pt-0 [&amp;&gt;ol]:!pb-0 [&amp;&gt;ul]:!pt-0 [&amp;&gt;ul]:!pb-0\" value=\"6\"><b><strong class=\"font-bold\">Ingredienti<\/strong><\/b>: POLIACRILATO DI SODIO<\/li>\n<\/ul>\n<p class=\"text-body font-regular leading-[24px] pt-[9px] pb-[2px]\" dir=\"ltr\">Lasciate fluire la vostra creativit\u00e0 e godetevi una texture personalizzata che rende indimenticabile ogni momento di intimit\u00e0. Il <b><strong class=\"font-bold\">Fist It Black Label Powder Lube<\/strong><\/b> \u00e8 l\u00ec per sostenervi, indipendentemente dal modo in cui giocate.<\/p>","protected":false},"excerpt":{"rendered":"<p>Fist Render\u00e0 le vostre sessioni di fisting o fist-fucking pi\u00f9 facili, migliori e pi\u00f9 intense. La nostra collezione offre diversi lubrificanti, tra cui rilassanti anali, extra densi, naturali e anestetici. Ogni lubrificante \u00e8 progettato per migliorare la vostra esperienza e aumentare il vostro piacere.<\/p>","protected":false},"featured_media":15506,"comment_status":"open","ping_status":"closed","template":"","meta":[],"product_brand":[],"product_cat":[479,671],"product_tag":[],"class_list":{"0":"post-15507","1":"product","2":"type-product","3":"status-publish","4":"has-post-thumbnail","6":"product_cat-drogist","7":"product_cat-glijmiddelen","9":"first","10":"instock","11":"taxable","12":"shipping-taxable","13":"purchasable","14":"product-type-simple"},"_links":{"self":[{"href":"https:\/\/stage.poppersparadise.eu\/it\/wp-json\/wp\/v2\/product\/15507","targetHints":{"allow":["GET"]}}],"collection":[{"href":"https:\/\/stage.poppersparadise.eu\/it\/wp-json\/wp\/v2\/product"}],"about":[{"href":"https:\/\/stage.poppersparadise.eu\/it\/wp-json\/wp\/v2\/types\/product"}],"replies":[{"embeddable":true,"href":"https:\/\/stage.poppersparadise.eu\/it\/wp-json\/wp\/v2\/comments?post=15507"}],"wp:featuredmedia":[{"embeddable":true,"href":"https:\/\/stage.poppersparadise.eu\/it\/wp-json\/wp\/v2\/media\/15506"}],"wp:attachment":[{"href":"https:\/\/stage.poppersparadise.eu\/it\/wp-json\/wp\/v2\/media?parent=15507"}],"wp:term":[{"taxonomy":"product_brand","embeddable":true,"href":"https:\/\/stage.poppersparadise.eu\/it\/wp-json\/wp\/v2\/product_brand?post=15507"},{"taxonomy":"product_cat","embeddable":true,"href":"https:\/\/stage.poppersparadise.eu\/it\/wp-json\/wp\/v2\/product_cat?post=15507"},{"taxonomy":"product_tag","embeddable":true,"href":"https:\/\/stage.poppersparadise.eu\/it\/wp-json\/wp\/v2\/product_tag?post=15507"}],"curies":[{"name":"wp","href":"https:\/\/api.w.org\/{rel}","templated":true}]}}