{"id":16493,"date":"2025-04-29T20:31:26","date_gmt":"2025-04-29T18:31:26","guid":{"rendered":"https:\/\/stage.poppersparadise.eu\/?post_type=product&#038;p=16493"},"modified":"2025-09-29T15:41:26","modified_gmt":"2025-09-29T13:41:26","slug":"munizioni-per-il-culo-della-bestia-contorta-10ml","status":"publish","type":"product","link":"https:\/\/stage.poppersparadise.eu\/it\/prodotto\/munizioni-per-il-culo-della-bestia-contorta-10ml\/","title":{"rendered":"Twisted Beast Ass Ammo 10ml"},"content":{"rendered":"<h2 class=\"wp-block-heading\">Popper Twisted Beast Ass Ammo 10ml - potenti, avventurosi e di qualit\u00e0 superiore<\/h2>\n\n\n\n<p>I popper Twisted Beast Ass Ammo 10ml sono stati progettati appositamente per gli utenti che desiderano un'esperienza di profumo potente. Con una formula a base di nitrito di isopentile di prima qualit\u00e0 e una confezione compatta in alluminio, questo prodotto offre un'intensa esperienza olfattiva, perfetta per sessioni avventurose, giochi impegnativi e momenti speciali. Ideale per chi non conosce limiti ed \u00e8 alla ricerca della massima intensit\u00e0.<\/p>\n\n\n\n<h3 class=\"wp-block-heading\">Caratteristiche principali di Twisted Beast Ass Ammo 10ml<\/h3>\n\n\n\n<ul class=\"wp-block-list\">\n<li><strong>Formula potente<\/strong>A base di nitrito di isopentile per una diffusione rapida e intensa della fragranza.<\/li>\n\n\n\n<li><strong>Dimensioni compatte<\/strong>Il pratico flacone da 10 ml \u00e8 perfetto da portare con s\u00e9 ovunque si vada.<\/li>\n\n\n\n<li><strong>Imballaggio sostenibile<\/strong>: Flacone in alluminio che preserva la freschezza e la forza dell'aroma.<\/li>\n<\/ul>\n\n\n\n<h3 class=\"wp-block-heading\">Perch\u00e9 Ass Ammo \u00e8 uno dei preferiti<\/h3>\n\n\n\n<p>I popper Twisted Beast Ass Ammo 10ml combinano una formula potente con un design robusto e facile da usare. Amato per la sua affidabilit\u00e0 e intensit\u00e0, il prodotto \u00e8 la scelta perfetta per chi cerca un'esperienza olfattiva di alto livello. Se state pianificando una serata avventurosa o volete esplorare i confini, Ass Ammo offre un'esperienza unica e indimenticabile.<\/p>\n\n\n\n<h3 class=\"wp-block-heading\">Come si usa Twisted Beast Ass Ammo 10ml?<\/h3>\n\n\n\n<p>Utilizzare Twisted Beast Ass Ammo 10ml solo come diffusore di fragranze o solvente per la pulizia. Non \u00e8 adatto al consumo umano e non deve essere inalato. Conservare il prodotto in un luogo fresco e asciutto e chiudere bene il flacone dopo l'uso.<\/p>\n\n\n\n<h3 class=\"wp-block-heading\">Avvertenze<\/h3>\n\n\n\n<ul class=\"wp-block-list\">\n<li>Liquido e vapore altamente infiammabili (H225).<\/li>\n\n\n\n<li>Provoca irritazione cutanea e oculare (H315\/H319).<\/li>\n\n\n\n<li>Tossico per inalazione (H331).<\/li>\n\n\n\n<li>Non \u00e8 un farmaco. Usare a proprio rischio e pericolo.<\/li>\n<\/ul>\n\n\n\n<h3 class=\"wp-block-heading\">Utilizzo<\/h3>\n\n\n\n<p>\u00c8 inteso solo come diffusore di fragranze o solvente per la pulizia.<br>Non \u00e8 adatto al consumo umano e non deve essere inalato.<\/p>\n\n\n\n<h3 class=\"wp-block-heading\">Immagazzinamento<\/h3>\n\n\n\n<p>Conservare in un luogo fresco e asciutto. Tenere fuori dalla portata dei bambini.<\/p>\n\n\n\n<h3 class=\"wp-block-heading\">Paese di origine<\/h3>\n\n\n\n<p>Francia.<\/p>","protected":false},"excerpt":{"rendered":"<p><strong><br \/>ACCESSORI COMPATIBILI:<\/strong><\/p>\n<ul>\n<li><a href=\"https:\/\/stage.poppersparadise.eu\/it\/categoria-di-prodotto\/accessori\/annusatori-piccoli\/\">Fiuto Piccolo<\/a><\/li>\n<li><a href=\"https:\/\/stage.poppersparadise.eu\/it\/prodotto\/xtrm-poppers-houder-zwart-small\/\">XTRM Poppers Supporto Piccolo<\/a><\/li>\n<li><a href=\"https:\/\/stage.poppersparadise.eu\/it\/prodotto\/poppers-xtrm-keeper-small-10ml-2\/\">XTRM Poppers Custode Piccolo<\/a><\/li>\n<\/ul>","protected":false},"featured_media":16494,"comment_status":"open","ping_status":"closed","template":"","meta":[],"product_brand":[580],"product_cat":[34],"product_tag":[],"class_list":{"0":"post-16493","1":"product","2":"type-product","3":"status-publish","4":"has-post-thumbnail","6":"product_brand-twisted-beast","7":"product_cat-kleine-flesjes-poppers","9":"first","10":"instock","11":"taxable","12":"shipping-taxable","13":"purchasable","14":"product-type-simple"},"_links":{"self":[{"href":"https:\/\/stage.poppersparadise.eu\/it\/wp-json\/wp\/v2\/product\/16493","targetHints":{"allow":["GET"]}}],"collection":[{"href":"https:\/\/stage.poppersparadise.eu\/it\/wp-json\/wp\/v2\/product"}],"about":[{"href":"https:\/\/stage.poppersparadise.eu\/it\/wp-json\/wp\/v2\/types\/product"}],"replies":[{"embeddable":true,"href":"https:\/\/stage.poppersparadise.eu\/it\/wp-json\/wp\/v2\/comments?post=16493"}],"wp:featuredmedia":[{"embeddable":true,"href":"https:\/\/stage.poppersparadise.eu\/it\/wp-json\/wp\/v2\/media\/16494"}],"wp:attachment":[{"href":"https:\/\/stage.poppersparadise.eu\/it\/wp-json\/wp\/v2\/media?parent=16493"}],"wp:term":[{"taxonomy":"product_brand","embeddable":true,"href":"https:\/\/stage.poppersparadise.eu\/it\/wp-json\/wp\/v2\/product_brand?post=16493"},{"taxonomy":"product_cat","embeddable":true,"href":"https:\/\/stage.poppersparadise.eu\/it\/wp-json\/wp\/v2\/product_cat?post=16493"},{"taxonomy":"product_tag","embeddable":true,"href":"https:\/\/stage.poppersparadise.eu\/it\/wp-json\/wp\/v2\/product_tag?post=16493"}],"curies":[{"name":"wp","href":"https:\/\/api.w.org\/{rel}","templated":true}]}}