{"id":16867,"date":"2025-05-08T18:22:56","date_gmt":"2025-05-08T16:22:56","guid":{"rendered":"https:\/\/stage.poppersparadise.eu\/?post_type=product&#038;p=16867"},"modified":"2025-08-04T18:11:13","modified_gmt":"2025-08-04T16:11:13","slug":"lubrificante-in-polvere-2","status":"publish","type":"product","link":"https:\/\/stage.poppersparadise.eu\/it\/prodotto\/lubrificante-in-polvere-2\/","title":{"rendered":"Lubrificante in polvere - 8,1 oz \/ 230 gr Lubrificante a base d'acqua"},"content":{"rendered":"<h2 class=\"font-bold text-h3 leading-[40px] pt-[21px] pb-[2px] [&amp;_a]:underline-offset-[6px] [&amp;_.underline]:underline-offset-[6px]\" dir=\"ltr\">Aumentate i momenti di intimit\u00e0 con la polvere lubrificante fai-da-te<\/h2>\n<p class=\"text-body font-regular leading-[24px] pt-[9px] pb-[2px]\" dir=\"ltr\">Trasformate il vostro tocco con la nostra formula personalizzabile Powder Lube fai da te da polvere a lubrificante. Pensata per chi ama il tocco creativo: basta mescolare questa polvere con l'acqua per creare una texture di lubrificante setosa e personalizzata. Completamente privo di sapori e odori, per concentrarsi su ci\u00f2 che conta davvero. Leggero e facile da trasportare, \u00e8 perfetto per le avventure in movimento. Inoltre, si risciacqua facilmente, rendendo semplice la pulizia dopo l'uso. Ideale sia per l'esplorazione in solitaria che per il piacere condiviso, questo lubrificante versatile si adatta a qualsiasi occasione intima.<\/p>\n<h3 class=\"font-bold text-h4 leading-[30px] pt-[15px] pb-[2px] [&amp;_a]:underline-offset-[6px] [&amp;_.underline]:underline-offset-[6px]\" dir=\"ltr\">Specifiche del prodotto:<\/h3>\n<ul class=\"pt-[9px] pb-[2px] pl-[24px] list-inside list-disc pt-[5px]\">\n<li class=\"text-body font-regular leading-[24px] my-[5px] [&amp;&gt;ol]:!pt-0 [&amp;&gt;ol]:!pb-0 [&amp;&gt;ul]:!pt-0 [&amp;&gt;ul]:!pb-0\" value=\"1\">Formula in polvere fai da te per una texture lubrificante personalizzabile<\/li>\n<li class=\"text-body font-regular leading-[24px] my-[5px] [&amp;&gt;ol]:!pt-0 [&amp;&gt;ol]:!pb-0 [&amp;&gt;ul]:!pt-0 [&amp;&gt;ul]:!pb-0\" value=\"2\">Completamente privo di sapore e di odore per un'esperienza indisturbata<\/li>\n<li class=\"text-body font-regular leading-[24px] my-[5px] [&amp;&gt;ol]:!pt-0 [&amp;&gt;ol]:!pb-0 [&amp;&gt;ul]:!pt-0 [&amp;&gt;ul]:!pb-0\" value=\"3\">Compatto e adatto ai viaggi, facile da miscelare dove e quando si vuole<\/li>\n<li class=\"text-body font-regular leading-[24px] my-[5px] [&amp;&gt;ol]:!pt-0 [&amp;&gt;ol]:!pb-0 [&amp;&gt;ul]:!pt-0 [&amp;&gt;ul]:!pb-0\" value=\"4\">Facile da risciacquare, per una pulizia senza fatica dopo l'uso<\/li>\n<li class=\"text-body font-regular leading-[24px] my-[5px] [&amp;&gt;ol]:!pt-0 [&amp;&gt;ol]:!pb-0 [&amp;&gt;ul]:!pt-0 [&amp;&gt;ul]:!pb-0\" value=\"5\">Adatto sia per il gioco in coppia che in solitaria, per un maggiore comfort e versatilit\u00e0.<\/li>\n<li value=\"5\">Ingredienti: POLIACRILATO DI SODIO<\/li>\n<\/ul>\n\n\n<p><\/p>","protected":false},"excerpt":{"rendered":"<p>Fist Render\u00e0 le vostre sessioni di fisting o fist-fucking pi\u00f9 facili, migliori e pi\u00f9 intense. La nostra collezione offre diversi lubrificanti, tra cui rilassanti anali, extra densi, naturali e anestetici. Ogni lubrificante \u00e8 progettato per migliorare la vostra esperienza e aumentare il vostro piacere.<\/p>","protected":false},"featured_media":16868,"comment_status":"open","ping_status":"closed","template":"","meta":[],"product_brand":[],"product_cat":[479,671],"product_tag":[],"class_list":{"0":"post-16867","1":"product","2":"type-product","3":"status-publish","4":"has-post-thumbnail","6":"product_cat-drogist","7":"product_cat-glijmiddelen","9":"first","10":"instock","11":"taxable","12":"shipping-taxable","13":"purchasable","14":"product-type-simple"},"_links":{"self":[{"href":"https:\/\/stage.poppersparadise.eu\/it\/wp-json\/wp\/v2\/product\/16867","targetHints":{"allow":["GET"]}}],"collection":[{"href":"https:\/\/stage.poppersparadise.eu\/it\/wp-json\/wp\/v2\/product"}],"about":[{"href":"https:\/\/stage.poppersparadise.eu\/it\/wp-json\/wp\/v2\/types\/product"}],"replies":[{"embeddable":true,"href":"https:\/\/stage.poppersparadise.eu\/it\/wp-json\/wp\/v2\/comments?post=16867"}],"wp:featuredmedia":[{"embeddable":true,"href":"https:\/\/stage.poppersparadise.eu\/it\/wp-json\/wp\/v2\/media\/16868"}],"wp:attachment":[{"href":"https:\/\/stage.poppersparadise.eu\/it\/wp-json\/wp\/v2\/media?parent=16867"}],"wp:term":[{"taxonomy":"product_brand","embeddable":true,"href":"https:\/\/stage.poppersparadise.eu\/it\/wp-json\/wp\/v2\/product_brand?post=16867"},{"taxonomy":"product_cat","embeddable":true,"href":"https:\/\/stage.poppersparadise.eu\/it\/wp-json\/wp\/v2\/product_cat?post=16867"},{"taxonomy":"product_tag","embeddable":true,"href":"https:\/\/stage.poppersparadise.eu\/it\/wp-json\/wp\/v2\/product_tag?post=16867"}],"curies":[{"name":"wp","href":"https:\/\/api.w.org\/{rel}","templated":true}]}}