{"id":16872,"date":"2025-05-08T18:35:27","date_gmt":"2025-05-08T16:35:27","guid":{"rendered":"https:\/\/stage.poppersparadise.eu\/?post_type=product&#038;p=16872"},"modified":"2025-10-05T15:42:24","modified_gmt":"2025-10-05T13:42:24","slug":"lubrificante-anale","status":"publish","type":"product","link":"https:\/\/stage.poppersparadise.eu\/it\/prodotto\/lubrificante-anale\/","title":{"rendered":"Get In - Lubrificante anale - 5 fl oz \/ 150 ml"},"content":{"rendered":"<h2 class=\"font-bold text-h3 leading-[40px] pt-[21px] pb-[2px] [&amp;_a]:underline-offset-[6px] [&amp;_.underline]:underline-offset-[6px]\" dir=\"ltr\">Progettato per un'esperienza confortevole e piacevole,<\/h2>\n<p class=\"text-body font-regular leading-[24px] pt-[9px] pb-[2px]\" dir=\"ltr\">Get In Anal Lube \u00e8 una formula di alta qualit\u00e0 a base d'acqua appositamente sviluppata per l'uso anale. La punta di precisione rende l'applicazione facile e precisa, mentre il flacone spremibile assicura un dosaggio controllato, ogni volta. Combinatelo con il detergente per giocattoli Clean In per una pulizia facile ed efficace dopo l'uso.<\/p>\n<h3 class=\"font-bold text-h4 leading-[30px] pt-[15px] pb-[2px] [&amp;_a]:underline-offset-[6px] [&amp;_.underline]:underline-offset-[6px]\" dir=\"ltr\">Caratteristiche principali<\/h3>\n<ul class=\"pt-[9px] pb-[2px] pl-[24px] list-inside list-disc pt-[5px]\">\n<li class=\"text-body font-regular leading-[24px] my-[5px] [&amp;&gt;ol]:!pt-0 [&amp;&gt;ol]:!pb-0 [&amp;&gt;ul]:!pt-0 [&amp;&gt;ul]:!pb-0\" value=\"1\"><b><strong class=\"font-bold\">Formula a base d'acqua<\/strong><\/b> per una lubrificazione fluida e delicata<\/li>\n<li class=\"text-body font-regular leading-[24px] my-[5px] [&amp;&gt;ol]:!pt-0 [&amp;&gt;ol]:!pb-0 [&amp;&gt;ul]:!pt-0 [&amp;&gt;ul]:!pb-0\" value=\"2\">Compatibile con <b><strong class=\"font-bold\">Pulitore per giocattoli Clean In<\/strong><\/b> per un'igiene semplice<\/li>\n<li class=\"text-body font-regular leading-[24px] my-[5px] [&amp;&gt;ol]:!pt-0 [&amp;&gt;ol]:!pb-0 [&amp;&gt;ul]:!pt-0 [&amp;&gt;ul]:!pb-0\" value=\"3\">Progettato con un <b><strong class=\"font-bold\">punta di precisione di facile utilizzo<\/strong><\/b> per un'applicazione precisa<\/li>\n<li class=\"text-body font-regular leading-[24px] my-[5px] [&amp;&gt;ol]:!pt-0 [&amp;&gt;ol]:!pb-0 [&amp;&gt;ul]:!pt-0 [&amp;&gt;ul]:!pb-0\" value=\"4\"><b><strong class=\"font-bold\">Bottiglia spremibile<\/strong><\/b> per il controllo e la comodit\u00e0<\/li>\n<li class=\"text-body font-regular leading-[24px] my-[5px] [&amp;&gt;ol]:!pt-0 [&amp;&gt;ol]:!pb-0 [&amp;&gt;ul]:!pt-0 [&amp;&gt;ul]:!pb-0\" value=\"5\">Realizzato con <b><strong class=\"font-bold\">ingredienti di alta qualit\u00e0<\/strong><\/b> per la sicurezza e il comfort<\/li>\n<li class=\"text-body font-regular leading-[24px] my-[5px] [&amp;&gt;ol]:!pt-0 [&amp;&gt;ol]:!pb-0 [&amp;&gt;ul]:!pt-0 [&amp;&gt;ul]:!pb-0\" value=\"6\"><b><strong class=\"font-bold\">Contenuto<\/strong><\/b>: 150 ml (5 fl oz)<\/li>\n<\/ul>\n<h3 class=\"font-bold text-h4 leading-[30px] pt-[15px] pb-[2px] [&amp;_a]:underline-offset-[6px] [&amp;_.underline]:underline-offset-[6px]\" dir=\"ltr\">Ingredienti<\/h3>\n<p class=\"text-body font-regular leading-[24px] pt-[9px] pb-[2px]\" dir=\"ltr\">ACQUA, GLICERINA, IDROSSIETILCELLULOSA, ACIDO CITRICO, BENZOATO DI SODIO, SORBATO DI POTASSIO, GLICOLE PENTILENICO, SORBITOLO, LATTATO DI SODIO, UREA, ACIDO LATTICO, SERINA, IDROSSIDO DI SODIO, CLORURO DI SODIO, ALLANTOINA<\/p>\n\n\n<p><\/p>","protected":false},"excerpt":{"rendered":"<p>Fist Render\u00e0 le vostre sessioni di fisting o fist-fucking pi\u00f9 facili, migliori e pi\u00f9 intense. La nostra collezione offre diversi lubrificanti, tra cui rilassanti anali, extra densi, naturali e anestetici. Ogni lubrificante \u00e8 progettato per migliorare la vostra esperienza e aumentare il vostro piacere.<\/p>","protected":false},"featured_media":16873,"comment_status":"open","ping_status":"closed","template":"","meta":[],"product_brand":[],"product_cat":[479,671],"product_tag":[],"class_list":{"0":"post-16872","1":"product","2":"type-product","3":"status-publish","4":"has-post-thumbnail","6":"product_cat-drogist","7":"product_cat-glijmiddelen","9":"first","10":"instock","11":"taxable","12":"shipping-taxable","13":"purchasable","14":"product-type-simple"},"_links":{"self":[{"href":"https:\/\/stage.poppersparadise.eu\/it\/wp-json\/wp\/v2\/product\/16872","targetHints":{"allow":["GET"]}}],"collection":[{"href":"https:\/\/stage.poppersparadise.eu\/it\/wp-json\/wp\/v2\/product"}],"about":[{"href":"https:\/\/stage.poppersparadise.eu\/it\/wp-json\/wp\/v2\/types\/product"}],"replies":[{"embeddable":true,"href":"https:\/\/stage.poppersparadise.eu\/it\/wp-json\/wp\/v2\/comments?post=16872"}],"wp:featuredmedia":[{"embeddable":true,"href":"https:\/\/stage.poppersparadise.eu\/it\/wp-json\/wp\/v2\/media\/16873"}],"wp:attachment":[{"href":"https:\/\/stage.poppersparadise.eu\/it\/wp-json\/wp\/v2\/media?parent=16872"}],"wp:term":[{"taxonomy":"product_brand","embeddable":true,"href":"https:\/\/stage.poppersparadise.eu\/it\/wp-json\/wp\/v2\/product_brand?post=16872"},{"taxonomy":"product_cat","embeddable":true,"href":"https:\/\/stage.poppersparadise.eu\/it\/wp-json\/wp\/v2\/product_cat?post=16872"},{"taxonomy":"product_tag","embeddable":true,"href":"https:\/\/stage.poppersparadise.eu\/it\/wp-json\/wp\/v2\/product_tag?post=16872"}],"curies":[{"name":"wp","href":"https:\/\/api.w.org\/{rel}","templated":true}]}}