{"id":17046,"date":"2025-05-15T16:56:45","date_gmt":"2025-05-15T14:56:45","guid":{"rendered":"https:\/\/stage.poppersparadise.eu\/?post_type=product&#038;p=17046"},"modified":"2025-09-30T16:33:30","modified_gmt":"2025-09-30T14:33:30","slug":"everest-zero-24ml-popper-2","status":"publish","type":"product","link":"https:\/\/stage.poppersparadise.eu\/it\/prodotto\/everest-zero-24ml-popper-2\/","title":{"rendered":"Everest Zero 24ml"},"content":{"rendered":"<h2 class=\"wp-block-heading\">Popper Everest Zero 24ml - innovazione, potenza e freschezza a lunga durata<\/h2>\n\n\n\n<p>I popper Everest Zero 24ml offrono un'esperienza olfattiva unica grazie alla potente miscela di nitrito di propile e isoamile. Ci\u00f2 che distingue questo prodotto \u00e8 l'innovativo&nbsp;<strong>Tecnologia Mega Pellet<\/strong>che garantisce una formula completamente priva di umidit\u00e0 (0% di acqua). Questo garantisce una qualit\u00e0 costante e una freschezza duratura, anche con tempi di conservazione pi\u00f9 lunghi. Everest Zero \u00e8 la scelta perfetta per chi cerca un'esperienza premium senza compromessi.<\/p>\n\n\n\n<h3 class=\"wp-block-heading\">Caratteristiche principali di Everest Zero 24ml<\/h3>\n\n\n\n<ul class=\"wp-block-list\">\n<li><strong>Formula potente<\/strong>: Contiene una miscela di nitrito di propile e nitrito di isoamile per un'intensa diffusione della fragranza.<\/li>\n\n\n\n<li><strong>Tecnologia innovativa<\/strong>La tecnologia Mega Pellet garantisce una formula priva di umidit\u00e0 (0% di acqua) e una freschezza ottimale.<\/li>\n\n\n\n<li><strong>Qualit\u00e0 di lunga durata<\/strong>Progettato per mantenere un'efficacia costante per tutto il tempo di conservazione.<\/li>\n\n\n\n<li><strong>Dimensioni generose<\/strong>: Pratico flacone da 24 ml, ideale per un uso pratico e prolungato.<\/li>\n\n\n\n<li><strong>Esperienza di alta qualit\u00e0<\/strong>Everest garantisce un'esperienza di profumazione di alto livello.<\/li>\n<\/ul>\n\n\n\n<h3 class=\"wp-block-heading\">Perch\u00e9 le Everest Poppers sono le preferite<\/h3>\n\n\n\n<p>Everest \u00e8 un marchio leader nel mondo dei popper, noto per le sue potenti formulazioni, la qualit\u00e0 costante e il packaging innovativo. Le bottiglie ermetiche assicurano che il contenuto rimanga fresco ed efficace, offrendo agli utenti un'esperienza di qualit\u00e0 superiore, volta dopo volta.<\/p>\n\n\n\n<h3 class=\"wp-block-heading\">Come si usa l'Everest Zero 24ml?<\/h3>\n\n\n\n<p>Utilizzare Everest Zero 24ml solo come diffusore di fragranze o solvente per la pulizia. Non \u00e8 adatto al consumo umano e non deve essere inalato. Conservare il prodotto in un luogo fresco e asciutto e chiudere bene il flacone dopo l'uso.<\/p>\n\n\n\n<h3 class=\"wp-block-heading\">Avvertenze<\/h3>\n\n\n\n<ul class=\"wp-block-list\">\n<li>Liquido e vapore altamente infiammabili (H225).<\/li>\n\n\n\n<li>Provoca irritazione cutanea e oculare (H315\/H319).<\/li>\n\n\n\n<li>Tossico per inalazione (H331).<\/li>\n\n\n\n<li>Non \u00e8 un farmaco. Usare a proprio rischio e pericolo.<\/li>\n<\/ul>\n\n\n\n<h3 class=\"wp-block-heading\">Utilizzo<\/h3>\n\n\n\n<p>\u00c8 inteso solo come diffusore di fragranze o solvente per la pulizia.<br>Non \u00e8 adatto al consumo umano e non deve essere inalato.<\/p>\n\n\n\n<h3 class=\"wp-block-heading\">Immagazzinamento<\/h3>\n\n\n\n<p>Conservare in un luogo fresco e asciutto. Tenere fuori dalla portata dei bambini.<\/p>\n\n\n\n<h3 class=\"wp-block-heading\">Paese di origine<\/h3>\n\n\n\n<p>Francia.<\/p>","protected":false},"excerpt":{"rendered":"<p><strong><br \/>ACCESSORI COMPATIBILI:<\/strong><\/p>\n<ul>\n<li><a href=\"https:\/\/stage.poppersparadise.eu\/it\/categoria-di-prodotto\/accessori\/annusatori-grandi\/\">Fiuto Grande<\/a><\/li>\n<li><a href=\"https:\/\/stage.poppersparadise.eu\/it\/prodotto\/porta-poppers-xtrm-grande\/\">XTRM Poppers Supporto grande<\/a><\/li>\n<li><a href=\"https:\/\/stage.poppersparadise.eu\/it\/prodotto\/xtrm-poppers-keeper-grande-24ml\/\">XTRM Poppers Custode Grande<\/a><\/li>\n<\/ul>","protected":false},"featured_media":17047,"comment_status":"open","ping_status":"closed","template":"","meta":[],"product_brand":[585],"product_cat":[35],"product_tag":[],"class_list":{"0":"post-17046","1":"product","2":"type-product","3":"status-publish","4":"has-post-thumbnail","6":"product_brand-everest","7":"product_cat-grote-flesjes-poppers","9":"first","10":"instock","11":"taxable","12":"shipping-taxable","13":"purchasable","14":"product-type-simple"},"_links":{"self":[{"href":"https:\/\/stage.poppersparadise.eu\/it\/wp-json\/wp\/v2\/product\/17046","targetHints":{"allow":["GET"]}}],"collection":[{"href":"https:\/\/stage.poppersparadise.eu\/it\/wp-json\/wp\/v2\/product"}],"about":[{"href":"https:\/\/stage.poppersparadise.eu\/it\/wp-json\/wp\/v2\/types\/product"}],"replies":[{"embeddable":true,"href":"https:\/\/stage.poppersparadise.eu\/it\/wp-json\/wp\/v2\/comments?post=17046"}],"wp:featuredmedia":[{"embeddable":true,"href":"https:\/\/stage.poppersparadise.eu\/it\/wp-json\/wp\/v2\/media\/17047"}],"wp:attachment":[{"href":"https:\/\/stage.poppersparadise.eu\/it\/wp-json\/wp\/v2\/media?parent=17046"}],"wp:term":[{"taxonomy":"product_brand","embeddable":true,"href":"https:\/\/stage.poppersparadise.eu\/it\/wp-json\/wp\/v2\/product_brand?post=17046"},{"taxonomy":"product_cat","embeddable":true,"href":"https:\/\/stage.poppersparadise.eu\/it\/wp-json\/wp\/v2\/product_cat?post=17046"},{"taxonomy":"product_tag","embeddable":true,"href":"https:\/\/stage.poppersparadise.eu\/it\/wp-json\/wp\/v2\/product_tag?post=17046"}],"curies":[{"name":"wp","href":"https:\/\/api.w.org\/{rel}","templated":true}]}}