{"id":17051,"date":"2025-05-15T17:19:27","date_gmt":"2025-05-15T15:19:27","guid":{"rendered":"https:\/\/stage.poppersparadise.eu\/?post_type=product&#038;p=17051"},"modified":"2025-09-30T09:29:09","modified_gmt":"2025-09-30T07:29:09","slug":"popper-everest-climax-30ml-2","status":"publish","type":"product","link":"https:\/\/stage.poppersparadise.eu\/it\/prodotto\/popper-everest-climax-30ml-2\/","title":{"rendered":"Everest Climax 30ml"},"content":{"rendered":"<h2 class=\"wp-block-heading\">Popper Everest Climax 30ml - potente, intenso e di lunga durata<\/h2>\n\n\n\n<p>I popper Everest Climax 30ml sono pensati per chi cerca un'esperienza di fragranza potente in un formato generoso. Con una formula innovativa di Aromi Everest e una formulazione a base di butanolo, questo prodotto offre un'esperienza di fragranza intensa e duratura. Il grande flacone in vetro da 30 ml \u00e8 perfetto per un uso prolungato e garantisce la possibilit\u00e0 di goderne pi\u00f9 volte.<\/p>\n\n\n\n<h3 class=\"wp-block-heading\">Caratteristiche principali di Everest Climax 30ml<\/h3>\n\n\n\n<ul class=\"wp-block-list\">\n<li><strong>Formula potente<\/strong>Composizione a base di butanolo con nitriti di alta qualit\u00e0.<\/li>\n\n\n\n<li><strong>Dimensioni generose<\/strong>Flacone di vetro grande da 30 ml, ideale per un uso prolungato.<\/li>\n\n\n\n<li><strong>Imballaggio ermetico<\/strong>Progettato per mantenere i contenuti freschi ed efficaci.<\/li>\n\n\n\n<li><strong>Alta qualit\u00e0<\/strong>Everest Aromas \u00e8 nota per i suoi prodotti affidabili e di qualit\u00e0.<\/li>\n\n\n\n<li><strong>Uso versatile<\/strong>Perfetto per le occasioni sociali o per il relax personale.<\/li>\n<\/ul>\n\n\n\n<h3 class=\"wp-block-heading\">Perch\u00e9 le Everest Poppers sono le preferite<\/h3>\n\n\n\n<p>Everest \u00e8 un marchio leader nel mondo dei popper, amato per le sue formule potenti, la qualit\u00e0 costante e il design intelligente della confezione. Le bottiglie ermetiche assicurano che il contenuto rimanga fresco ed efficace, offrendo agli utenti un'esperienza di qualit\u00e0 superiore, volta dopo volta.<\/p>\n\n\n\n<h3 class=\"wp-block-heading\">Come si usa l'Everest Climax 30ml?<\/h3>\n\n\n\n<p>Utilizzare Everest Climax 30ml solo come diffusore di fragranze o solvente per la pulizia. Non \u00e8 adatto al consumo umano e non deve essere inalato. Conservare il prodotto in un luogo fresco e asciutto e chiudere bene il flacone dopo l'uso.<\/p>\n\n\n\n<h3 class=\"wp-block-heading\">Avvertenze<\/h3>\n\n\n\n<p>Liquido e vapore altamente infiammabili (H225).<br>Provoca irritazione cutanea e oculare (H315\/H319).<br>Tossico per inalazione (H331).<br>Non \u00e8 un farmaco. Usare a proprio rischio e pericolo.<\/p>\n\n\n\n<h3 class=\"wp-block-heading\">Utilizzo<\/h3>\n\n\n\n<p>\u00c8 inteso solo come diffusore di fragranze o solvente per la pulizia.<br>Non \u00e8 adatto al consumo umano e non deve essere inalato.<\/p>\n\n\n\n<h3 class=\"wp-block-heading\">Immagazzinamento<\/h3>\n\n\n\n<p>Conservare in un luogo fresco e asciutto. Tenere fuori dalla portata dei bambini.<\/p>\n\n\n\n<h3 class=\"wp-block-heading\">Paese di origine<\/h3>\n\n\n\n<p>Francia.<\/p>","protected":false},"excerpt":{"rendered":"<p><strong><br \/>ACCESSORI COMPATIBILI:<\/strong><\/p>\n<ul>\n<li><a href=\"https:\/\/stage.poppersparadise.eu\/it\/categoria-di-prodotto\/accessori\/annusatori-piccoli\/\">Fiuto Piccolo<\/a><\/li>\n<li><a href=\"https:\/\/stage.poppersparadise.eu\/it\/prodotto\/xtrm-poppers-houder-zwart-small\/\">XTRM Poppers Supporto Piccolo<\/a><\/li>\n<li><a href=\"https:\/\/stage.poppersparadise.eu\/it\/prodotto\/poppers-xtrm-keeper-small-10ml-2\/\">XTRM Poppers Custode Piccolo<\/a><\/li>\n<\/ul>","protected":false},"featured_media":17054,"comment_status":"open","ping_status":"closed","template":"","meta":[],"product_brand":[585],"product_cat":[35],"product_tag":[],"class_list":{"0":"post-17051","1":"product","2":"type-product","3":"status-publish","4":"has-post-thumbnail","6":"product_brand-everest","7":"product_cat-grote-flesjes-poppers","9":"first","10":"instock","11":"taxable","12":"shipping-taxable","13":"purchasable","14":"product-type-simple"},"_links":{"self":[{"href":"https:\/\/stage.poppersparadise.eu\/it\/wp-json\/wp\/v2\/product\/17051","targetHints":{"allow":["GET"]}}],"collection":[{"href":"https:\/\/stage.poppersparadise.eu\/it\/wp-json\/wp\/v2\/product"}],"about":[{"href":"https:\/\/stage.poppersparadise.eu\/it\/wp-json\/wp\/v2\/types\/product"}],"replies":[{"embeddable":true,"href":"https:\/\/stage.poppersparadise.eu\/it\/wp-json\/wp\/v2\/comments?post=17051"}],"wp:featuredmedia":[{"embeddable":true,"href":"https:\/\/stage.poppersparadise.eu\/it\/wp-json\/wp\/v2\/media\/17054"}],"wp:attachment":[{"href":"https:\/\/stage.poppersparadise.eu\/it\/wp-json\/wp\/v2\/media?parent=17051"}],"wp:term":[{"taxonomy":"product_brand","embeddable":true,"href":"https:\/\/stage.poppersparadise.eu\/it\/wp-json\/wp\/v2\/product_brand?post=17051"},{"taxonomy":"product_cat","embeddable":true,"href":"https:\/\/stage.poppersparadise.eu\/it\/wp-json\/wp\/v2\/product_cat?post=17051"},{"taxonomy":"product_tag","embeddable":true,"href":"https:\/\/stage.poppersparadise.eu\/it\/wp-json\/wp\/v2\/product_tag?post=17051"}],"curies":[{"name":"wp","href":"https:\/\/api.w.org\/{rel}","templated":true}]}}