{"id":17340,"date":"2025-05-22T21:16:22","date_gmt":"2025-05-22T19:16:22","guid":{"rendered":"https:\/\/stage.poppersparadise.eu\/?post_type=product&#038;p=17340"},"modified":"2025-10-03T19:12:04","modified_gmt":"2025-10-03T17:12:04","slug":"black-caviar-vortex-power-sniffer","status":"publish","type":"product","link":"https:\/\/stage.poppersparadise.eu\/it\/prodotto\/black-caviar-vortex-power-sniffer\/","title":{"rendered":"Black Caviar Vortex Power Sniffer - Piccolo"},"content":{"rendered":"<h2 class=\"wp-block-heading\"><strong>Lo Sniffer pi\u00f9 potente ed elegante del mercato<\/strong><\/h2>\n\n\n\n<p>Vi presentiamo il Black Caviar Vortex Power Sniffer - Small, la soluzione innovativa per sniffare senza fatica e in tutta sicurezza. Il nostro sniffer combina lusso e prestazioni, portando la vostra esperienza a un livello superiore. Grazie alla sua struttura ermetica e a prova di perdite al 100%, potete contare sulla massima purezza ed efficienza di ogni sniffata. Nessuna fuoriuscita, nessun problema.<\/p>\n\n\n\n<h3 class=\"wp-block-heading\">Vedetelo in azione<\/h3>\n\n\n\n<figure class=\"wp-block-video\"><video controls src=\"https:\/\/stage.poppersparadise.eu\/wp-content\/uploads\/2025\/05\/Actie.mp4\"><\/video><\/figure>\n\n\n\n<h3 class=\"wp-block-heading\"><br>L'essenza dell'Beakr - dove si fondono raffinatezza e artigianalit\u00e0<\/h3>\n\n\n\n<p>I prodotti di <strong>Beakr<\/strong> sono stati sviluppati e prodotti con estrema cura negli Stati Uniti, utilizzando solo i pi\u00f9 severi standard di qualit\u00e0. L'Beakr \u00e8 noto per la sua precisione e affidabilit\u00e0 - e ve ne accorgerete ad ogni sniffata. Ideale per chi cerca un'esperienza intensa e costante di alta classe.<\/p>\n\n\n\n<h3 class=\"wp-block-heading\">Perch\u00e9 scegliere il Black Caviar Vortex Power Sniffer?<\/h3>\n\n\n\n<ul class=\"wp-block-list\">\n<li><strong>Non si rovescia mai pi\u00f9:<\/strong> La tecnologia brevettata del quadrante assicura una perfetta tenuta stagna, per non sprecare nemmeno una goccia.<\/li>\n\n\n\n<li><strong>Super forte:<\/strong> Sperimentate una potenza costante grazie alla tecnologia Vortex Power. L'aria viene compressa in modo ottimale per un'annusata potente, fino all'ultima goccia.<\/li>\n\n\n\n<li><strong>Suono unico<\/strong>: Il suono \"pop\" che si sente non appena si spinge in posizione aperta fa venire voglia di sniffare subito.<\/li>\n\n\n\n<li><strong>Non bruciare mai:<\/strong> Il design mantiene il liquido lontano dal beccuccio. Proteggono le narici da brutte ustioni.<\/li>\n<\/ul>\n\n\n\n<h3 class=\"wp-block-heading\">Caratteristiche uniche<\/h3>\n\n\n\n<ul class=\"wp-block-list\">\n<li><strong>Durata stampata a iniezione:<\/strong> Molto pi\u00f9 forte e affidabile della plastica stampata in 3D.<\/li>\n\n\n\n<li><strong>Opzioni di colore:<\/strong> Disponibile in 5 colori vivaci: Black Caviar, Red Rush, Royal Purple, Pretty in Pink e Greedy Green.<\/li>\n\n\n\n<li><strong>Compatto e versatile:<\/strong> Adatto per bottiglie da 10 ml, bottiglie in alluminio Iron Fist, bottiglie ovali da 24 ml e bottiglie alte\/sottili.<\/li>\n<\/ul>\n\n\n\n<h3 class=\"wp-block-heading\">Specifiche tecniche<\/h3>\n\n\n\n<ul class=\"wp-block-list\">\n<li><strong>A prova di perdite:<\/strong> 100% garantito<\/li>\n\n\n\n<li><strong>Chiusura:<\/strong> A tenuta d'aria grazie alla tecnologia brevettata della manopola rotante<\/li>\n\n\n\n<li><strong>Qualit\u00e0 del materiale:<\/strong> Plastica premium stampata a iniezione<\/li>\n\n\n\n<li><strong>Colori:<\/strong> 5 opzioni di stile<\/li>\n<\/ul>\n\n\n\n<h3 class=\"wp-block-heading\">Colori ispirati al vostro stile<\/h3>\n\n\n\n<ul class=\"wp-block-list\">\n<li><strong><a href=\"https:\/\/stage.poppersparadise.eu\/it\/prodotto\/caviale-nero-power-sniffer\/\">Caviale nero<\/a><\/strong>: Classico, elegante e senza tempo. Scegliete la raffinatezza con questa lussuosa finitura nera.<\/li>\n\n\n\n<li><strong><a href=\"https:\/\/stage.poppersparadise.eu\/it\/prodotto\/red-rush-power-sniffer\/\">Rosso Rush<\/a><\/strong>: Ardito e audace, date un tocco di energia alla vostra esperienza con questa potente tonalit\u00e0 di rosso.<\/li>\n\n\n\n<li><strong><a href=\"https:\/\/stage.poppersparadise.eu\/it\/prodotto\/red-rush-power-sniffer-copy\/\">Viola reale<\/a><\/strong>Maestoso e misterioso, un colore che emana classe per i gusti pi\u00f9 esigenti.<\/li>\n\n\n\n<li><strong><a href=\"https:\/\/stage.poppersparadise.eu\/it\/prodotto\/power-sniffer-pretty-in-pink\/\">Bella in rosa<\/a><\/strong>: Leggero, giocoso e affascinante. Aggiungete un tocco di allegria con questo splendido colore rosa.<\/li>\n\n\n\n<li><strong><a href=\"https:\/\/stage.poppersparadise.eu\/it\/prodotto\/sniffer-di-potenza-del-vortice-verde-avido\/\">Verde avido<\/a><\/strong>: Fresco, vivace e accattivante. Perfetto per chi ama distinguersi con stile.<\/li>\n<\/ul>\n\n\n\n<h3 class=\"wp-block-heading\">Offerta introduttiva temporanea<\/h3>\n\n\n\n<p>Non c'\u00e8 momento migliore per aggiornare la vostra esperienza. Approfittate ora del nostro <strong>sconto introduttivo di 20%<\/strong> Sul Black Caviar Vortex Power Sniffer. Non aspettate troppo, questa offerta \u00e8 temporanea!<\/p>\n\n\n\n<p><strong>Ordinate subito il Black Caviar Vortex Power Sniffer e provate voi stessi perch\u00e9 questo \u00e8 il miglior Sniffer disponibile.<\/strong><\/p>","protected":false},"excerpt":{"rendered":"<p><strong>Disponibile dal 1\u00b0 giugno <\/strong> Vi presentiamo il Black Caviar Power Sniffer, la soluzione innovativa per sniffare senza fatica e in tutta sicurezza. Il nostro sniffer combina lusso e prestazioni, portando la vostra esperienza a un livello superiore. Grazie alla sua struttura 100% a prova di perdite ed ermetica, potete contare sulla massima purezza ed efficienza di ogni sniffata. Nessuna fuoriuscita, nessun problema.<\/p>","protected":false},"featured_media":17570,"comment_status":"open","ping_status":"closed","template":"","meta":[],"product_brand":[753],"product_cat":[330,529],"product_tag":[],"class_list":{"0":"post-17340","1":"product","2":"type-product","3":"status-publish","4":"has-post-thumbnail","6":"product_brand-beakr","7":"product_cat-accessoires","8":"product_cat-sniffers-small","10":"first","11":"instock","12":"sale","13":"taxable","14":"shipping-taxable","15":"purchasable","16":"product-type-simple"},"_links":{"self":[{"href":"https:\/\/stage.poppersparadise.eu\/it\/wp-json\/wp\/v2\/product\/17340","targetHints":{"allow":["GET"]}}],"collection":[{"href":"https:\/\/stage.poppersparadise.eu\/it\/wp-json\/wp\/v2\/product"}],"about":[{"href":"https:\/\/stage.poppersparadise.eu\/it\/wp-json\/wp\/v2\/types\/product"}],"replies":[{"embeddable":true,"href":"https:\/\/stage.poppersparadise.eu\/it\/wp-json\/wp\/v2\/comments?post=17340"}],"wp:featuredmedia":[{"embeddable":true,"href":"https:\/\/stage.poppersparadise.eu\/it\/wp-json\/wp\/v2\/media\/17570"}],"wp:attachment":[{"href":"https:\/\/stage.poppersparadise.eu\/it\/wp-json\/wp\/v2\/media?parent=17340"}],"wp:term":[{"taxonomy":"product_brand","embeddable":true,"href":"https:\/\/stage.poppersparadise.eu\/it\/wp-json\/wp\/v2\/product_brand?post=17340"},{"taxonomy":"product_cat","embeddable":true,"href":"https:\/\/stage.poppersparadise.eu\/it\/wp-json\/wp\/v2\/product_cat?post=17340"},{"taxonomy":"product_tag","embeddable":true,"href":"https:\/\/stage.poppersparadise.eu\/it\/wp-json\/wp\/v2\/product_tag?post=17340"}],"curies":[{"name":"wp","href":"https:\/\/api.w.org\/{rel}","templated":true}]}}