{"id":18767,"date":"2025-06-20T21:36:41","date_gmt":"2025-06-20T19:36:41","guid":{"rendered":"https:\/\/stage.poppersparadise.eu\/?post_type=product&#038;p=18767"},"modified":"2025-09-04T19:41:23","modified_gmt":"2025-09-04T17:41:23","slug":"fazzoletto-a-bandana-blu-prowler-rosso","status":"publish","type":"product","link":"https:\/\/stage.poppersparadise.eu\/it\/prodotto\/fazzoletto-a-bandana-blu-prowler-rosso\/","title":{"rendered":"Prowler Hanky Blauw"},"content":{"rendered":"<h2 class=\"wp-block-heading\">La bandana\/fazzoletto blu Prowler RED \u00e8 pi\u00f9 di un semplice pezzo di tessuto: \u00e8 una dichiarazione audace che evidenzia il vostro stile e la vostra personalit\u00e0. <\/h2>\n\n\n\n<p>Che siate alla ricerca di moda, simbolismo o funzionalit\u00e0, questa bandana combina tutto questo. Esprimete le vostre preferenze in modo non verbale e indossatela con orgoglio, a destra e a sinistra.<\/p>\n\n\n\n<p><strong>Specifiche del prodotto:<\/strong><\/p>\n\n\n\n<ul class=\"wp-block-list\">\n<li><strong>Materiale:<\/strong> 100% cotone di prima qualit\u00e0 per il massimo comfort e la massima durata.<\/li>\n\n\n\n<li><strong>Dimensioni:<\/strong> 55 x 55 cm (22 x 22 pollici) - ideale per varie opzioni di trasporto.<\/li>\n\n\n\n<li><strong>Colori:<\/strong> Disponibile in diverse tonalit\u00e0, con un significato simbolico unico per ogni colore.<\/li>\n\n\n\n<li><strong>Manutenzione:<\/strong> Di facile manutenzione, \u00e8 lavabile in lavatrice e adatto all'asciugatrice.<\/li>\n\n\n\n<li><strong>Provenienza:<\/strong> Importati e selezionati con cura per la massima qualit\u00e0.<\/li>\n\n\n\n<li><strong>Utilizzo:<\/strong> Adatto come accessorio di moda, strumento pratico o simbolo espressivo.<\/li>\n\n\n\n<li><strong>Durata aggiuntiva:<\/strong> Resistente ai colori e progettato per un uso prolungato.<\/li>\n\n\n\n<li><strong>Simbolismo:<\/strong> Il blu rappresenta un significato unico; scoprite come utilizzarlo.<\/li>\n\n\n\n<li><strong>Collocazione:<\/strong> Indossate a destra o a sinistra per comunicare con discrezione le vostre preferenze.<\/li>\n<\/ul>\n\n\n\n<p><strong>Hanky Codice Blu<\/strong><\/p>\n\n\n\n<ul class=\"wp-block-list\">\n<li><strong>Indossato a sinistra:<\/strong> In alto<\/li>\n\n\n\n<li><strong>Indossato a destra:<\/strong> Fondo<\/li>\n<\/ul>\n\n\n\n<p>Completate il vostro stile con la bandana\/fazzoletto blu Prowler RED e usatela per esprimere voi stessi. Sia che la indossiate come accessorio potente o come simbolo, la vostra scelta parla chiaro. Scegliete consapevolmente, indossatela con orgoglio e mostrate chi siete.<\/p>\n\n\n\n<p><\/p>","protected":false},"excerpt":{"rendered":"<p>De Blauwe Prowler RED Bandana\/Hanky is meer dan een stuk stof \u2013 het is een gedurfd statement dat jouw stijl \u00e9n persoonlijkheid benadrukt. Of je nu mode, symboliek of functionaliteit zoekt, deze bandana combineert het allemaal. Geef jouw voorkeuren non-verbaal weer en draag het met trots, links of rechts. Productspecificaties: Hanky Code Blauw Maak jouw [&hellip;]<\/p>","protected":false},"featured_media":18732,"comment_status":"open","ping_status":"closed","template":"","meta":[],"product_brand":[761],"product_cat":[330,762],"product_tag":[],"class_list":{"0":"post-18767","1":"product","2":"type-product","3":"status-publish","4":"has-post-thumbnail","6":"product_brand-prowler-red","7":"product_cat-accessoires","8":"product_cat-hanky-code","10":"first","11":"instock","12":"taxable","13":"shipping-taxable","14":"purchasable","15":"product-type-simple"},"_links":{"self":[{"href":"https:\/\/stage.poppersparadise.eu\/it\/wp-json\/wp\/v2\/product\/18767","targetHints":{"allow":["GET"]}}],"collection":[{"href":"https:\/\/stage.poppersparadise.eu\/it\/wp-json\/wp\/v2\/product"}],"about":[{"href":"https:\/\/stage.poppersparadise.eu\/it\/wp-json\/wp\/v2\/types\/product"}],"replies":[{"embeddable":true,"href":"https:\/\/stage.poppersparadise.eu\/it\/wp-json\/wp\/v2\/comments?post=18767"}],"wp:featuredmedia":[{"embeddable":true,"href":"https:\/\/stage.poppersparadise.eu\/it\/wp-json\/wp\/v2\/media\/18732"}],"wp:attachment":[{"href":"https:\/\/stage.poppersparadise.eu\/it\/wp-json\/wp\/v2\/media?parent=18767"}],"wp:term":[{"taxonomy":"product_brand","embeddable":true,"href":"https:\/\/stage.poppersparadise.eu\/it\/wp-json\/wp\/v2\/product_brand?post=18767"},{"taxonomy":"product_cat","embeddable":true,"href":"https:\/\/stage.poppersparadise.eu\/it\/wp-json\/wp\/v2\/product_cat?post=18767"},{"taxonomy":"product_tag","embeddable":true,"href":"https:\/\/stage.poppersparadise.eu\/it\/wp-json\/wp\/v2\/product_tag?post=18767"}],"curies":[{"name":"wp","href":"https:\/\/api.w.org\/{rel}","templated":true}]}}