{"id":19164,"date":"2025-06-27T17:38:34","date_gmt":"2025-06-27T15:38:34","guid":{"rendered":"https:\/\/stage.poppersparadise.eu\/product\/starlight-stinger-dildo-m\/"},"modified":"2025-09-23T11:25:14","modified_gmt":"2025-09-23T09:25:14","slug":"dildo-starlight-stinger-m","status":"publish","type":"product","link":"https:\/\/stage.poppersparadise.eu\/it\/prodotto\/dildo-starlight-stinger-m\/","title":{"rendered":"Dildo Starlight Stinger - M"},"content":{"rendered":"<h2 class=\"font-bold text-h3 leading-[40px] pt-[21px] pb-[2px] [&amp;_a]:underline-offset-[6px] [&amp;_.underline]:underline-offset-[6px]\" dir=\"ltr\">Dopo un lungo viaggio, ecco il dildo Starlight Stinger.<\/h2>\n<p class=\"text-body font-regular leading-[24px] pt-[9px] pb-[2px]\" dir=\"ltr\">Una creazione ultraterrena \u00e8 atterrata sulla Terra: Starlight Stinger. Con i suoi colori vivaci, i materiali di alta qualit\u00e0 e il design versatile, questo non \u00e8 un dildo come gli altri: \u00e8 un alleato celeste che alimenta i vostri desideri e realizza le vostre fantasie.<\/p>\n<p class=\"text-body font-regular leading-[24px] pt-[9px] pb-[2px]\" dir=\"ltr\">Secondo la leggenda, lo Starlight Stinger non \u00e8 un oggetto ordinario. Proveniente dagli estremi confini di una galassia aliena, ha una missione ben precisa: far provare ai suoi utilizzatori un piacere ineguagliabile, diffondendo gioia ovunque vada. Appositamente progettato per le coppie avventurose e gli esploratori solitari, questa creazione di alta qualit\u00e0 \u00e8 qui per sedurre, eccitare e coinvolgere in modi che non avreste mai immaginato possibili.<\/p>\n<h3 class=\"font-bold text-h4 leading-[30px] pt-[15px] pb-[2px] [&amp;_a]:underline-offset-[6px] [&amp;_.underline]:underline-offset-[6px]\" dir=\"ltr\">Perch\u00e9 Starlight Stinger \u00e8 unico<\/h3>\n<p class=\"text-body font-regular leading-[24px] pt-[9px] pb-[2px]\" dir=\"ltr\">Realizzato in finissimo silicone platinico, lo Starlight Stinger \u00e8 progettato per offrire un'esperienza ultraterrena ma incredibilmente realistica. L'ipnotica combinazione di colori verde-blu, oro e viola aggiunge un elemento visivamente sorprendente ai vostri momenti, stuzzicando i vostri sensi ancor prima che l'avventura abbia inizio.<\/p>\n<p class=\"text-body font-regular leading-[24px] pt-[9px] pb-[2px]\" dir=\"ltr\">Con dimensioni perfettamente bilanciate per la stimolazione vaginale e anale, questo giocattolo versatile \u00e8 la scelta perfetta per chiunque voglia esplorare la propria sensualit\u00e0. \u00c8 resistente, adatto al corpo e realizzato per coloro che credono che il piacere non conosca limiti.<\/p>\n<h3 class=\"font-bold text-h4 leading-[30px] pt-[15px] pb-[2px] [&amp;_a]:underline-offset-[6px] [&amp;_.underline]:underline-offset-[6px]\" dir=\"ltr\">Specifiche del prodotto<\/h3>\n<ul class=\"pt-[9px] pb-[2px] pl-[24px] list-disc [&amp;_ul]:pt-[5px] pt-[5px]\">\n<li class=\"text-body font-regular leading-[24px] my-[5px] [&amp;&gt;ol]:!pt-0 [&amp;&gt;ol]:!pb-0 [&amp;&gt;ul]:!pt-0 [&amp;&gt;ul]:!pb-0\" value=\"1\"><b><strong class=\"font-bold\">Lunghezza complessiva<\/strong><\/b>: 21,0 cm<\/li>\n<li class=\"text-body font-regular leading-[24px] my-[5px] [&amp;&gt;ol]:!pt-0 [&amp;&gt;ol]:!pb-0 [&amp;&gt;ul]:!pt-0 [&amp;&gt;ul]:!pb-0\" value=\"2\"><b><strong class=\"font-bold\">Lunghezza di inserimento<\/strong><\/b>: 15,5 cm<\/li>\n<li class=\"text-body font-regular leading-[24px] my-[5px] [&amp;&gt;ol]:!pt-0 [&amp;&gt;ol]:!pb-0 [&amp;&gt;ul]:!pt-0 [&amp;&gt;ul]:!pb-0\" value=\"3\"><b><strong class=\"font-bold\">Diametro punta<\/strong><\/b>: 5,4 cm<\/li>\n<li class=\"text-body font-regular leading-[24px] my-[5px] [&amp;&gt;ol]:!pt-0 [&amp;&gt;ol]:!pb-0 [&amp;&gt;ul]:!pt-0 [&amp;&gt;ul]:!pb-0\" value=\"4\"><b><strong class=\"font-bold\">Diametro albero centrale<\/strong><\/b>: 6,0 cm<\/li>\n<li class=\"text-body font-regular leading-[24px] my-[5px] [&amp;&gt;ol]:!pt-0 [&amp;&gt;ol]:!pb-0 [&amp;&gt;ul]:!pt-0 [&amp;&gt;ul]:!pb-0\" value=\"5\"><b><strong class=\"font-bold\">Diametro della base<\/strong><\/b>: 12,5 cm<\/li>\n<li class=\"text-body font-regular leading-[24px] my-[5px] [&amp;&gt;ol]:!pt-0 [&amp;&gt;ol]:!pb-0 [&amp;&gt;ul]:!pt-0 [&amp;&gt;ul]:!pb-0\" value=\"6\"><b><strong class=\"font-bold\">Peso<\/strong><\/b>: 902 g<\/li>\n<li class=\"text-body font-regular leading-[24px] my-[5px] [&amp;&gt;ol]:!pt-0 [&amp;&gt;ol]:!pb-0 [&amp;&gt;ul]:!pt-0 [&amp;&gt;ul]:!pb-0\" value=\"7\"><b><strong class=\"font-bold\">Materiale<\/strong><\/b>Silicone di platino di alta qualit\u00e0<\/li>\n<li class=\"text-body font-regular leading-[24px] my-[5px] [&amp;&gt;ol]:!pt-0 [&amp;&gt;ol]:!pb-0 [&amp;&gt;ul]:!pt-0 [&amp;&gt;ul]:!pb-0\" value=\"8\"><b><strong class=\"font-bold\">Colore<\/strong><\/b>Un mix paradisiaco di verde-blu, oro e viola.<\/li>\n<li><b><strong class=\"font-bold\">Utilizzo versatile:<\/strong><\/b> Ideale per la stimolazione sia anale che vaginale, perfetto per ogni amante delle fantasie.<\/li>\n<\/ul>\n<h3 class=\"font-bold text-h4 leading-[30px] pt-[15px] pb-[2px] [&amp;_a]:underline-offset-[6px] [&amp;_.underline]:underline-offset-[6px]\" dir=\"ltr\">Il vostro piacere finale vi aspetta<\/h3>\n<p class=\"text-body font-regular leading-[24px] pt-[9px] pb-[2px]\" dir=\"ltr\">Lo Starlight Stinger \u00e8 per coloro che non hanno paura di immergersi nelle loro fantasie pi\u00f9 vivide. Portate la straordinaria energia dell'universo nella vostra camera da letto e sperimentate la magia di questo compagno ultraterreno. Perfetto per chi ama esplorare i propri confini o aggiungere un tocco di eccitazione alla propria collezione.<\/p>\n<p class=\"text-body font-regular leading-[24px] pt-[9px] pb-[2px]\" dir=\"ltr\">Lo Starlight Stinger viene fornito in una confezione discreta ed ecologica e viene spedito nel pieno rispetto della vostra privacy. Che si voli da soli o si esplori con un partner, questo giocattolo cosmico \u00e8 destinato a lasciare esperienze indimenticabili.<\/p>\n<p class=\"text-body font-regular leading-[24px] pt-[9px] pb-[2px]\" dir=\"ltr\">Non limitatevi a sognare il piacere al di l\u00e0 di questo mondo, ma sperimentatelo.<\/p>","protected":false},"excerpt":{"rendered":"<p>Scoprite Starlight Stinger, un dildo in silicone platinico di prima qualit\u00e0 progettato per il piacere cosmico con colori vibranti e qualit\u00e0 senza pari.<\/p>","protected":false},"featured_media":19163,"comment_status":"open","ping_status":"closed","template":"","meta":[],"product_brand":[767],"product_cat":[766,787],"product_tag":[],"class_list":{"0":"post-19164","1":"product","2":"type-product","3":"status-publish","4":"has-post-thumbnail","6":"product_brand-giant-space-intruders","7":"product_cat-dildos","8":"product_cat-monster-fantasy-dildos","10":"first","11":"instock","12":"sale","13":"taxable","14":"shipping-taxable","15":"purchasable","16":"product-type-simple"},"_links":{"self":[{"href":"https:\/\/stage.poppersparadise.eu\/it\/wp-json\/wp\/v2\/product\/19164","targetHints":{"allow":["GET"]}}],"collection":[{"href":"https:\/\/stage.poppersparadise.eu\/it\/wp-json\/wp\/v2\/product"}],"about":[{"href":"https:\/\/stage.poppersparadise.eu\/it\/wp-json\/wp\/v2\/types\/product"}],"replies":[{"embeddable":true,"href":"https:\/\/stage.poppersparadise.eu\/it\/wp-json\/wp\/v2\/comments?post=19164"}],"wp:featuredmedia":[{"embeddable":true,"href":"https:\/\/stage.poppersparadise.eu\/it\/wp-json\/wp\/v2\/media\/19163"}],"wp:attachment":[{"href":"https:\/\/stage.poppersparadise.eu\/it\/wp-json\/wp\/v2\/media?parent=19164"}],"wp:term":[{"taxonomy":"product_brand","embeddable":true,"href":"https:\/\/stage.poppersparadise.eu\/it\/wp-json\/wp\/v2\/product_brand?post=19164"},{"taxonomy":"product_cat","embeddable":true,"href":"https:\/\/stage.poppersparadise.eu\/it\/wp-json\/wp\/v2\/product_cat?post=19164"},{"taxonomy":"product_tag","embeddable":true,"href":"https:\/\/stage.poppersparadise.eu\/it\/wp-json\/wp\/v2\/product_tag?post=19164"}],"curies":[{"name":"wp","href":"https:\/\/api.w.org\/{rel}","templated":true}]}}