{"id":19423,"date":"2025-07-03T08:25:38","date_gmt":"2025-07-03T06:25:38","guid":{"rendered":"https:\/\/stage.poppersparadise.eu\/product\/just-glide-anaal-glijmiddel-200-ml\/"},"modified":"2025-10-07T10:19:23","modified_gmt":"2025-10-07T08:19:23","slug":"lubrificante-anale-just-glide-200-ml","status":"publish","type":"product","link":"https:\/\/stage.poppersparadise.eu\/it\/prodotto\/lubrificante-anale-just-glide-200-ml\/","title":{"rendered":"Just Glide Anaal Glijmiddel 200 ml"},"content":{"rendered":"<h2 class=\"font-bold text-h3 leading-[36px] pt-[21px] pb-[2px] [&amp;_a]:underline-offset-[6px] [&amp;_.underline]:underline-offset-[6px]\" dir=\"ltr\">Just Glide lubrificanti anali a base d'acqua<\/h2>\n<p class=\"text-body font-regular leading-[24px] pt-[9px] pb-[2px]\" dir=\"ltr\">Provate un incontro intimo pi\u00f9 delicato e piacevole con Just Glide, un lubrificante anale di alta qualit\u00e0, 100% vegano e a base d'acqua. Sviluppato per rendere la penetrazione pi\u00f9 facile e piacevole, questo lubrificante \u00e8 realizzato con una combinazione unica di sette erbe emollienti.<\/p>\n<h3 class=\"font-bold text-h4 leading-[30px] pt-[15px] pb-[2px] [&amp;_a]:underline-offset-[6px] [&amp;_.underline]:underline-offset-[6px]\" dir=\"ltr\">Caratteristiche principali:<\/h3>\n<ul class=\"pt-[9px] pb-[2px] pl-[24px] list-disc [&amp;_ul]:pt-[5px] pt-[5px]\">\n<li class=\"text-body font-regular leading-[24px] my-[5px] [&amp;&gt;ol]:!pt-0 [&amp;&gt;ol]:!pb-0 [&amp;&gt;ul]:!pt-0 [&amp;&gt;ul]:!pb-0\" value=\"1\"><b><strong class=\"font-bold\">Senza olio<\/strong><\/b>: Nessun residuo grasso.<\/li>\n<li class=\"text-body font-regular leading-[24px] my-[5px] [&amp;&gt;ol]:!pt-0 [&amp;&gt;ol]:!pb-0 [&amp;&gt;ul]:!pt-0 [&amp;&gt;ul]:!pb-0\" value=\"2\"><b><strong class=\"font-bold\">Complesso di 7 spezie<\/strong><\/b>: Favorisce il rilassamento e il comfort.<\/li>\n<li class=\"text-body font-regular leading-[24px] my-[5px] [&amp;&gt;ol]:!pt-0 [&amp;&gt;ol]:!pb-0 [&amp;&gt;ul]:!pt-0 [&amp;&gt;ul]:!pb-0\" value=\"3\"><b><strong class=\"font-bold\">Inodore e insapore<\/strong><\/b>Perfetto per i soggetti sensibili.<\/li>\n<li class=\"text-body font-regular leading-[24px] my-[5px] [&amp;&gt;ol]:!pt-0 [&amp;&gt;ol]:!pb-0 [&amp;&gt;ul]:!pt-0 [&amp;&gt;ul]:!pb-0\" value=\"4\"><b><strong class=\"font-bold\">Rispettoso della pelle<\/strong><\/b>Adatto ai tipi di pelle sensibili.<\/li>\n<li class=\"text-body font-regular leading-[24px] my-[5px] [&amp;&gt;ol]:!pt-0 [&amp;&gt;ol]:!pb-0 [&amp;&gt;ul]:!pt-0 [&amp;&gt;ul]:!pb-0\" value=\"5\"><b><strong class=\"font-bold\">Sicuro per i preservativi in lattice<\/strong><\/b>: Compatibile con i preservativi in lattice per una maggiore protezione.<\/li>\n<li class=\"text-body font-regular leading-[24px] my-[5px] [&amp;&gt;ol]:!pt-0 [&amp;&gt;ol]:!pb-0 [&amp;&gt;ul]:!pt-0 [&amp;&gt;ul]:!pb-0\" value=\"6\"><b><strong class=\"font-bold\">Scorrevolezza di lunga durata<\/strong><\/b>: mantiene la planarit\u00e0 pi\u00f9 a lungo.<\/li>\n<\/ul>\n<h3 class=\"font-bold text-h4 leading-[30px] pt-[15px] pb-[2px] [&amp;_a]:underline-offset-[6px] [&amp;_.underline]:underline-offset-[6px]\" dir=\"ltr\">Dettagli del prodotto:<\/h3>\n<ul class=\"pt-[9px] pb-[2px] pl-[24px] list-disc [&amp;_ul]:pt-[5px] pt-[5px]\">\n<li class=\"text-body font-regular leading-[24px] my-[5px] [&amp;&gt;ol]:!pt-0 [&amp;&gt;ol]:!pb-0 [&amp;&gt;ul]:!pt-0 [&amp;&gt;ul]:!pb-0\" value=\"1\"><b><strong class=\"font-bold\">Colore<\/strong><\/b>: Trasparente<\/li>\n<li class=\"text-body font-regular leading-[24px] my-[5px] [&amp;&gt;ol]:!pt-0 [&amp;&gt;ol]:!pb-0 [&amp;&gt;ul]:!pt-0 [&amp;&gt;ul]:!pb-0\" value=\"2\"><b><strong class=\"font-bold\">Volume<\/strong><\/b>: 200 mL<\/li>\n<\/ul>\n<p class=\"text-body font-regular leading-[24px] pt-[9px] pb-[2px]\" dir=\"ltr\">Just Glide \u00e8 ideale per gli adulti che apprezzano il piacere intimo e il comfort. \u00c8 perfetto anche per il sesso orale, grazie al suo sapore e odore neutro. La sua formula delicata lo rende adatto anche alle pelli pi\u00f9 sensibili.<\/p>\n<h3 class=\"font-bold text-h4 leading-[30px] pt-[15px] pb-[2px] [&amp;_a]:underline-offset-[6px] [&amp;_.underline]:underline-offset-[6px]\" dir=\"ltr\">Elenco degli ingredienti:<\/h3>\n<p class=\"text-body font-regular leading-[24px] pt-[9px] pb-[2px]\" dir=\"ltr\">Acqua, Alcool denat, Sorbitolo, Idrossietilcellulosa, Benzoato di sodio, Pantenolo, Lattato di sodio, Glicerina, Acido citrico, Estratto di frutta di Citrus Aurantium Dulcis (Arancia), Estratto di semi di Myristica Fragrans (Noce Moscata), Estratto di Cymbopogon Citratus, Estratto di frutta di Origanum Citrus Paradisi (Pompelmo), Estratto di foglie di Rosmarinus Officinalis (Rosmarino).<\/p>\n<p class=\"text-body font-regular leading-[24px] pt-[9px] pb-[2px]\" dir=\"ltr\">Scoprite il massimo del comfort intimo con Just Glide, il lubrificante ideale per un'esperienza piacevole e senza sforzo.<\/p>\n\n\n<p><\/p>","protected":false},"excerpt":{"rendered":"<p>Provate un incontro intimo pi\u00f9 delicato e piacevole con Just Glide, un lubrificante anale di alta qualit\u00e0, 100% vegano e a base d'acqua. Sviluppato per rendere la penetrazione pi\u00f9 facile e piacevole, questo lubrificante \u00e8 realizzato con una combinazione unica di sette erbe emollienti.<\/p>","protected":false},"featured_media":19400,"comment_status":"open","ping_status":"closed","template":"","meta":[],"product_brand":[770],"product_cat":[479,671],"product_tag":[],"class_list":{"0":"post-19423","1":"product","2":"type-product","3":"status-publish","4":"has-post-thumbnail","6":"product_brand-orion","7":"product_cat-drogist","8":"product_cat-glijmiddelen","10":"first","11":"outofstock","12":"sale","13":"taxable","14":"shipping-taxable","15":"purchasable","16":"product-type-simple"},"_links":{"self":[{"href":"https:\/\/stage.poppersparadise.eu\/it\/wp-json\/wp\/v2\/product\/19423","targetHints":{"allow":["GET"]}}],"collection":[{"href":"https:\/\/stage.poppersparadise.eu\/it\/wp-json\/wp\/v2\/product"}],"about":[{"href":"https:\/\/stage.poppersparadise.eu\/it\/wp-json\/wp\/v2\/types\/product"}],"replies":[{"embeddable":true,"href":"https:\/\/stage.poppersparadise.eu\/it\/wp-json\/wp\/v2\/comments?post=19423"}],"wp:featuredmedia":[{"embeddable":true,"href":"https:\/\/stage.poppersparadise.eu\/it\/wp-json\/wp\/v2\/media\/19400"}],"wp:attachment":[{"href":"https:\/\/stage.poppersparadise.eu\/it\/wp-json\/wp\/v2\/media?parent=19423"}],"wp:term":[{"taxonomy":"product_brand","embeddable":true,"href":"https:\/\/stage.poppersparadise.eu\/it\/wp-json\/wp\/v2\/product_brand?post=19423"},{"taxonomy":"product_cat","embeddable":true,"href":"https:\/\/stage.poppersparadise.eu\/it\/wp-json\/wp\/v2\/product_cat?post=19423"},{"taxonomy":"product_tag","embeddable":true,"href":"https:\/\/stage.poppersparadise.eu\/it\/wp-json\/wp\/v2\/product_tag?post=19423"}],"curies":[{"name":"wp","href":"https:\/\/api.w.org\/{rel}","templated":true}]}}