{"id":21408,"date":"2025-09-16T10:57:36","date_gmt":"2025-09-16T08:57:36","guid":{"rendered":"https:\/\/stage.poppersparadise.eu\/?post_type=product&#038;p=21408"},"modified":"2025-09-28T13:06:36","modified_gmt":"2025-09-28T11:06:36","slug":"il-radikal-di-rush-30ml-popper","status":"publish","type":"product","link":"https:\/\/stage.poppersparadise.eu\/it\/prodotto\/il-radikal-di-rush-30ml-popper\/","title":{"rendered":"The Radikal by Rush 30ml"},"content":{"rendered":"<h2 class=\"wp-block-heading\">The Radikal by Rush 30ml Poppers: potenza in una bottiglia di metallo<\/h2>\n\n\n\n<p>The Radikal by Rush 30ml Poppers \u00e8 un diffusore di fragranze progettato per una diffusione istantanea e intensa dei profumi. Questo prodotto premium soddisfa perfettamente le aspettative degli utenti che cercano potenza ed efficienza immediata.<\/p>\n\n\n\n<p>Grazie alle sue grandi dimensioni, \u00e8 la scelta ideale per i clienti che desiderano combinare un potente diffusore di fragranze con la facilit\u00e0 d'uso e la portabilit\u00e0.<\/p>\n\n\n\n<h3 class=\"wp-block-heading\">Perch\u00e9 scegliere The Radikal by Rush 30ml Poppers?<\/h3>\n\n\n\n<ul class=\"wp-block-list\">\n<li><strong>Effetto diretto:<\/strong>&nbsp;Sviluppato per una diffusione rapida e intensa della fragranza.<\/li>\n\n\n\n<li><strong>Grande formato:<\/strong>\u00a0Pratico e fresco pi\u00f9 a lungo grazie alla confezione in metallo.<\/li>\n\n\n\n<li><strong>Qualit\u00e0 premium:<\/strong>&nbsp;Appositamente progettato per gli utenti che hanno esigenze elevate per il loro diffusore di fragranze.<\/li>\n<\/ul>\n\n\n\n<h3 class=\"wp-block-heading\">Informazioni importanti per l'utente<\/h3>\n\n\n\n<ul class=\"wp-block-list\">\n<li>Questo prodotto \u00e8 destinato esclusivamente all'uso come diffusore di fragranze o come solvente per la pulizia.<\/li>\n\n\n\n<li>Non \u00e8 adatto al consumo umano o all'inalazione.<\/li>\n\n\n\n<li>Evitare il contatto diretto con la pelle a causa delle sue propriet\u00e0 caustiche.<\/li>\n\n\n\n<li>Conservare in un luogo fresco e buio e chiudere bene il flacone dopo l'uso.<\/li>\n<\/ul>\n\n\n\n<h3 class=\"wp-block-heading\">Avvertenze<\/h3>\n\n\n\n<ul class=\"wp-block-list\">\n<li>Liquido e vapore altamente infiammabili (H225).<\/li>\n\n\n\n<li>Provoca irritazione cutanea e oculare (H315\/H319).<\/li>\n\n\n\n<li>Tossico per inalazione (H331).<\/li>\n\n\n\n<li>Non \u00e8 un farmaco o un prodotto medico.<\/li>\n\n\n\n<li>Utilizzare solo come indicato.<\/li>\n<\/ul>\n\n\n\n<h3 class=\"wp-block-heading\">Immagazzinamento<\/h3>\n\n\n\n<ul class=\"wp-block-list\">\n<li>Conservare al fresco e all'asciutto.<\/li>\n\n\n\n<li>Tenere fuori dalla portata dei bambini.<\/li>\n<\/ul>\n\n\n\n<h3 class=\"wp-block-heading\">Paese di origine<\/h3>\n\n\n\n<p>Francia<\/p>\n\n\n\n<h3 class=\"wp-block-heading\">Perch\u00e9 scegliere The Radikal by Rush 30ml Poppers?<\/h3>\n\n\n\n<p>The Radikal by Rush 30ml Poppers combina una potente diffusione di fragranze con un design metallico e pratico. Perfetto per chi cerca un diffusore di fragranze di alta qualit\u00e0 con effetto immediato.<\/p>\n\n\n\n<p>Ordinate oggi stesso il vostro flacone di The Radikal by Rush 30ml Poppers e scoprite perch\u00e9 questo prodotto \u00e8 il preferito dagli utilizzatori di diffusori di profumo!<\/p>\n\n\n\n<p><\/p>","protected":false},"excerpt":{"rendered":"<p><strong><br \/>ACCESSORI COMPATIBILI:<\/strong><\/p>\n<ul>\n<li><a href=\"https:\/\/stage.poppersparadise.eu\/it\/categoria-di-prodotto\/accessori\/annusatori-piccoli\/\">Fiuto Piccolo<\/a><\/li>\n<\/ul>","protected":false},"featured_media":21409,"comment_status":"open","ping_status":"closed","template":"","meta":[],"product_brand":[751],"product_cat":[35],"product_tag":[],"class_list":{"0":"post-21408","1":"product","2":"type-product","3":"status-publish","4":"has-post-thumbnail","6":"product_brand-rush","7":"product_cat-grote-flesjes-poppers","9":"first","10":"instock","11":"taxable","12":"shipping-taxable","13":"purchasable","14":"product-type-simple"},"_links":{"self":[{"href":"https:\/\/stage.poppersparadise.eu\/it\/wp-json\/wp\/v2\/product\/21408","targetHints":{"allow":["GET"]}}],"collection":[{"href":"https:\/\/stage.poppersparadise.eu\/it\/wp-json\/wp\/v2\/product"}],"about":[{"href":"https:\/\/stage.poppersparadise.eu\/it\/wp-json\/wp\/v2\/types\/product"}],"replies":[{"embeddable":true,"href":"https:\/\/stage.poppersparadise.eu\/it\/wp-json\/wp\/v2\/comments?post=21408"}],"wp:featuredmedia":[{"embeddable":true,"href":"https:\/\/stage.poppersparadise.eu\/it\/wp-json\/wp\/v2\/media\/21409"}],"wp:attachment":[{"href":"https:\/\/stage.poppersparadise.eu\/it\/wp-json\/wp\/v2\/media?parent=21408"}],"wp:term":[{"taxonomy":"product_brand","embeddable":true,"href":"https:\/\/stage.poppersparadise.eu\/it\/wp-json\/wp\/v2\/product_brand?post=21408"},{"taxonomy":"product_cat","embeddable":true,"href":"https:\/\/stage.poppersparadise.eu\/it\/wp-json\/wp\/v2\/product_cat?post=21408"},{"taxonomy":"product_tag","embeddable":true,"href":"https:\/\/stage.poppersparadise.eu\/it\/wp-json\/wp\/v2\/product_tag?post=21408"}],"curies":[{"name":"wp","href":"https:\/\/api.w.org\/{rel}","templated":true}]}}