{"id":834,"date":"2024-10-08T16:52:04","date_gmt":"2024-10-08T14:52:04","guid":{"rendered":"https:\/\/stage.poppersparadise.eu\/product\/bleachers-extra-strong-24ml\/"},"modified":"2025-08-31T13:33:17","modified_gmt":"2025-08-31T11:33:17","slug":"candeggianti-extra-strong-poppers-24ml","status":"publish","type":"product","link":"https:\/\/stage.poppersparadise.eu\/it\/prodotto\/candeggianti-extra-strong-poppers-24ml\/","title":{"rendered":"Bleachers Extra Strong 24ml"},"content":{"rendered":"<h2 class=\"wp-block-heading\">Scoprite la potenza di Bleachers Extra Strong Poppers<\/h2>\n\n\n\n<p>I Bleachers Extra Strong Poppers sono una scelta di alta qualit\u00e0 per gli amanti degli aromi intensi. Con una potente formula a base di nitrito di pentile, questi popper offrono un'esperienza di fragranza sofisticata e di lunga durata.<\/p>\n\n\n\n<h3 class=\"wp-block-heading\">Perch\u00e9 scegliere Bleachers Extra Strong?<\/h3>\n\n\n\n<ul class=\"wp-block-list\">\n<li><strong>Formula extra-forte<\/strong>Per una diffusione potente e duratura della fragranza.<\/li>\n\n\n\n<li><strong>Composizione di alta qualit\u00e0<\/strong>A base di nitrito di pentile, un ingrediente popolare per ottenere sapori intensi.<\/li>\n\n\n\n<li><strong>Contenuto flessibile<\/strong>Disponibile in flaconi da 15 e 24 ml per soddisfare le vostre esigenze.<\/li>\n\n\n\n<li><strong>Adatto a tutti<\/strong>: Ideale sia per i nuovi utenti che per gli intenditori.<\/li>\n\n\n\n<li><strong>Interessante sconto sul volume<\/strong>: Risparmia di pi\u00f9 se acquisti pi\u00f9 bottiglie.<\/li>\n<\/ul>\n\n\n\n<h3 class=\"wp-block-heading\">Informazioni importanti per l'utente<\/h3>\n\n\n\n<ul class=\"wp-block-list\">\n<li>Questo prodotto \u00e8 destinato esclusivamente all'uso come diffusore di fragranze o come solvente per la pulizia.<\/li>\n\n\n\n<li>Non \u00e8 adatto al consumo umano o all'inalazione.<\/li>\n\n\n\n<li>Evitare il contatto diretto con la pelle o con gli occhi a causa delle sue propriet\u00e0 corrosive.<\/li>\n\n\n\n<li>Conservare in un luogo fresco e buio e chiudere bene il flacone dopo l'uso.<\/li>\n<\/ul>\n\n\n\n<h3 class=\"wp-block-heading\">Avvertenze<\/h3>\n\n\n\n<ul class=\"wp-block-list\">\n<li>Liquido e vapore altamente infiammabili (H225).<\/li>\n\n\n\n<li>Provoca irritazione cutanea e oculare (H315\/H319).<\/li>\n\n\n\n<li>Tossico per inalazione (H331).<\/li>\n\n\n\n<li>Non \u00e8 un farmaco o un prodotto medico.<\/li>\n\n\n\n<li>Utilizzare solo come indicato.<\/li>\n<\/ul>\n\n\n\n<h3 class=\"wp-block-heading\">Immagazzinamento<\/h3>\n\n\n\n<ul class=\"wp-block-list\">\n<li>Conservare al fresco e all'asciutto.<\/li>\n\n\n\n<li>Tenere fuori dalla portata dei bambini.<\/li>\n<\/ul>\n\n\n\n<p><strong>Paese di origine<\/strong>: Lussemburgo<\/p>\n\n\n\n<h3 class=\"wp-block-heading\">Ordina oggi stesso Bleachers Extra Strong Poppers<\/h3>\n\n\n\n<p>Con Bleachers Extra Strong Poppers, vi portate a casa un diffusore di fragranze di alta qualit\u00e0 che unisce qualit\u00e0 e funzionalit\u00e0. Ordinate oggi stesso e scoprite perch\u00e9 questo prodotto \u00e8 il preferito dagli appassionati di diffusori di fragranze!<\/p>\n\n\n\n<p><\/p>","protected":false},"excerpt":{"rendered":"<p><strong><br \/>ACCESSORI COMPATIBILI:<\/strong><\/p>\n<ul>\n<li><a href=\"https:\/\/stage.poppersparadise.eu\/it\/categoria-di-prodotto\/accessori\/annusatori-piccoli\/\">Fiuto Piccolo<\/a><\/li>\n<li><a href=\"https:\/\/stage.poppersparadise.eu\/it\/prodotto\/porta-poppers-xtrm-ovale-2\/\">XTRM Poppers Supporto ovale<\/a><\/li>\n<li><a href=\"https:\/\/stage.poppersparadise.eu\/it\/prodotto\/xtrm-poppers-keeper-grande-24ml\/\">XTRM Poppers Custode Grande<\/a><\/li>\n<\/ul>","protected":false},"featured_media":288,"comment_status":"open","ping_status":"closed","template":"","meta":[],"product_brand":[],"product_cat":[35],"product_tag":[],"class_list":{"0":"post-834","1":"product","2":"type-product","3":"status-publish","4":"has-post-thumbnail","6":"product_cat-grote-flesjes-poppers","8":"first","9":"instock","10":"taxable","11":"shipping-taxable","12":"purchasable","13":"product-type-simple"},"_links":{"self":[{"href":"https:\/\/stage.poppersparadise.eu\/it\/wp-json\/wp\/v2\/product\/834","targetHints":{"allow":["GET"]}}],"collection":[{"href":"https:\/\/stage.poppersparadise.eu\/it\/wp-json\/wp\/v2\/product"}],"about":[{"href":"https:\/\/stage.poppersparadise.eu\/it\/wp-json\/wp\/v2\/types\/product"}],"replies":[{"embeddable":true,"href":"https:\/\/stage.poppersparadise.eu\/it\/wp-json\/wp\/v2\/comments?post=834"}],"wp:featuredmedia":[{"embeddable":true,"href":"https:\/\/stage.poppersparadise.eu\/it\/wp-json\/wp\/v2\/media\/288"}],"wp:attachment":[{"href":"https:\/\/stage.poppersparadise.eu\/it\/wp-json\/wp\/v2\/media?parent=834"}],"wp:term":[{"taxonomy":"product_brand","embeddable":true,"href":"https:\/\/stage.poppersparadise.eu\/it\/wp-json\/wp\/v2\/product_brand?post=834"},{"taxonomy":"product_cat","embeddable":true,"href":"https:\/\/stage.poppersparadise.eu\/it\/wp-json\/wp\/v2\/product_cat?post=834"},{"taxonomy":"product_tag","embeddable":true,"href":"https:\/\/stage.poppersparadise.eu\/it\/wp-json\/wp\/v2\/product_tag?post=834"}],"curies":[{"name":"wp","href":"https:\/\/api.w.org\/{rel}","templated":true}]}}