{"id":866,"date":"2024-10-08T16:52:13","date_gmt":"2024-10-08T14:52:13","guid":{"rendered":"https:\/\/stage.poppersparadise.eu\/product\/amyl-titanium-24ml\/"},"modified":"2025-09-18T20:07:47","modified_gmt":"2025-09-18T18:07:47","slug":"popper-al-titanio-amilico-24ml","status":"publish","type":"product","link":"https:\/\/stage.poppersparadise.eu\/it\/prodotto\/popper-al-titanio-amilico-24ml\/","title":{"rendered":"Amyl Titanium 24ml"},"content":{"rendered":"<h2 class=\"wp-block-heading\">Lasciatevi andare con il nostro potente Amyl Titanio Poppers<\/h2>\n\n\n\n<p>Scoprite la potenza di Amyl Titanium Poppers, confezionato in un comodo flacone quadrato da 24 ml. Questo diffusore di fragranze di alta qualit\u00e0 offre un'esperienza di profumazione intensa e duratura, appositamente studiata per gli utenti esperti che cercano qualit\u00e0 ed efficacia.<\/p>\n\n\n\n<h3 class=\"wp-block-heading\">Caratteristiche principali<\/h3>\n\n\n\n<ul class=\"wp-block-list\">\n<li><strong>Diffusione degli odori di lunga durata<\/strong>Con una capacit\u00e0 di 24 ml, potrete godere di un'esperienza di fragranza potente pi\u00f9 a lungo.<\/li>\n\n\n\n<li><strong>Formula potente<\/strong>: Contiene nitrito di isoamile, una delle formulazioni pi\u00f9 forti ed efficaci.<\/li>\n\n\n\n<li><strong>Formato conveniente<\/strong>Il flacone quadrato \u00e8 compatto e facile da riporre.<\/li>\n<\/ul>\n\n\n\n<h3 class=\"wp-block-heading\">Informazioni importanti per l'utente<\/h3>\n\n\n\n<ul class=\"wp-block-list\">\n<li>Questo prodotto \u00e8 destinato esclusivamente all'uso come diffusore di fragranze o come solvente per la pulizia.<\/li>\n\n\n\n<li>Non \u00e8 adatto al consumo umano o all'inalazione.<\/li>\n\n\n\n<li>Evitare il contatto diretto con la pelle a causa delle sue propriet\u00e0 caustiche.<\/li>\n\n\n\n<li>Conservare in un luogo fresco e buio e chiudere bene il flacone dopo l'uso.<\/li>\n<\/ul>\n\n\n\n<h3 class=\"wp-block-heading\">Avvertenze<\/h3>\n\n\n\n<ul class=\"wp-block-list\">\n<li>Liquido e vapore altamente infiammabili (H225).<\/li>\n\n\n\n<li>Provoca irritazione cutanea e oculare (H315\/H319).<\/li>\n\n\n\n<li>Tossico per inalazione (H331).<\/li>\n\n\n\n<li>Non \u00e8 un farmaco o un prodotto medico.<\/li>\n\n\n\n<li>Utilizzare solo come indicato.<\/li>\n<\/ul>\n\n\n\n<h3 class=\"wp-block-heading\">Immagazzinamento<\/h3>\n\n\n\n<ul class=\"wp-block-list\">\n<li>Conservare al fresco e all'asciutto.<\/li>\n\n\n\n<li>Tenere fuori dalla portata dei bambini.<\/li>\n<\/ul>\n\n\n\n<p><strong>Paese di origine<\/strong>: Lussemburgo<\/p>\n\n\n\n<h3 class=\"wp-block-heading\">Ordina oggi Amyl Titanio Poppers<\/h3>\n\n\n\n<p>Con Amyl Titanium Poppers si ottiene un potente diffusore di fragranze che unisce qualit\u00e0 e funzionalit\u00e0. Ordinate oggi stesso e scoprite perch\u00e9 questo prodotto \u00e8 il preferito dagli appassionati di diffusori di fragranze!<\/p>","protected":false},"excerpt":{"rendered":"<p><strong><br \/>ACCESSORI COMPATIBILI:<\/strong><\/p>\n<ul>\n<li><a href=\"https:\/\/stage.poppersparadise.eu\/it\/categoria-di-prodotto\/accessori\/annusatori-grandi\/\">Fiuto Grande<\/a><\/li>\n<li><a href=\"https:\/\/stage.poppersparadise.eu\/it\/prodotto\/porta-poppers-xtrm-grande\/\">XTRM Poppers Supporto grande<\/a><\/li>\n<li><a href=\"https:\/\/stage.poppersparadise.eu\/it\/prodotto\/xtrm-poppers-keeper-grande-24ml\/\">XTRM Poppers Custode Grande<\/a><\/li>\n<\/ul>","protected":false},"featured_media":330,"comment_status":"open","ping_status":"closed","template":"","meta":[],"product_brand":[736],"product_cat":[35],"product_tag":[],"class_list":{"0":"post-866","1":"product","2":"type-product","3":"status-publish","4":"has-post-thumbnail","6":"product_brand-amyl","7":"product_cat-grote-flesjes-poppers","9":"first","10":"instock","11":"taxable","12":"shipping-taxable","13":"purchasable","14":"product-type-simple"},"_links":{"self":[{"href":"https:\/\/stage.poppersparadise.eu\/it\/wp-json\/wp\/v2\/product\/866","targetHints":{"allow":["GET"]}}],"collection":[{"href":"https:\/\/stage.poppersparadise.eu\/it\/wp-json\/wp\/v2\/product"}],"about":[{"href":"https:\/\/stage.poppersparadise.eu\/it\/wp-json\/wp\/v2\/types\/product"}],"replies":[{"embeddable":true,"href":"https:\/\/stage.poppersparadise.eu\/it\/wp-json\/wp\/v2\/comments?post=866"}],"wp:featuredmedia":[{"embeddable":true,"href":"https:\/\/stage.poppersparadise.eu\/it\/wp-json\/wp\/v2\/media\/330"}],"wp:attachment":[{"href":"https:\/\/stage.poppersparadise.eu\/it\/wp-json\/wp\/v2\/media?parent=866"}],"wp:term":[{"taxonomy":"product_brand","embeddable":true,"href":"https:\/\/stage.poppersparadise.eu\/it\/wp-json\/wp\/v2\/product_brand?post=866"},{"taxonomy":"product_cat","embeddable":true,"href":"https:\/\/stage.poppersparadise.eu\/it\/wp-json\/wp\/v2\/product_cat?post=866"},{"taxonomy":"product_tag","embeddable":true,"href":"https:\/\/stage.poppersparadise.eu\/it\/wp-json\/wp\/v2\/product_tag?post=866"}],"curies":[{"name":"wp","href":"https:\/\/api.w.org\/{rel}","templated":true}]}}