{"id":889,"date":"2024-10-08T16:52:20","date_gmt":"2024-10-08T14:52:20","guid":{"rendered":"https:\/\/stage.poppersparadise.eu\/product\/juicd-gold-label-24ml\/"},"modified":"2025-09-22T10:51:34","modified_gmt":"2025-09-22T08:51:34","slug":"juicd-gold-label-poppers-24ml","status":"publish","type":"product","link":"https:\/\/stage.poppersparadise.eu\/it\/prodotto\/juicd-gold-label-poppers-24ml\/","title":{"rendered":"Juic'D Gold Label 24ml"},"content":{"rendered":"<h2 class=\"wp-block-heading\">Scoprite l'emozione di Juice'd Gold Label Poppers<\/h2>\n\n\n\n<p>Siete fan di Juice'd Poppers? Allora provate il Gold Label Poppers per un'esperienza di fragranza intensa. Con una formula potente e confezionati in flaconi di vetro da 10 ml o 24 ml, questi popper offrono qualit\u00e0 e convenienza.<\/p>\n\n\n\n<h3 class=\"wp-block-heading\">Caratteristiche principali di Juice'd Gold Label Poppers<\/h3>\n\n\n\n<ul class=\"wp-block-list\">\n<li><strong>Marchio<\/strong>Juice (precedentemente noto come Jungle Juice)<\/li>\n\n\n\n<li><strong>Formula unica<\/strong>Prodotto con nitrito di isoamile, uno degli ingredienti pi\u00f9 apprezzati nei diffusori di fragranze.<\/li>\n\n\n\n<li><strong>Imballaggio di alta qualit\u00e0<\/strong>Disponibile in flaconi di vetro da 10 e 24 ml per una freschezza di lunga durata.<\/li>\n\n\n\n<li><strong>Uso efficiente<\/strong>\u00c8 sufficiente una piccola quantit\u00e0 per una diffusione ottimale della fragranza.<\/li>\n<\/ul>\n\n\n\n<h3 class=\"wp-block-heading\">Che cos'\u00e8 il nitrito di isoamile?<\/h3>\n\n\n\n<p>Il nitrito di isoamile \u00e8 un ingrediente comune nei diffusori di fragranze ed \u00e8 noto per le sue potenti propriet\u00e0. Si raccomanda di usare questo prodotto in modo responsabile e di iniziare con una formula pi\u00f9 blanda se si \u00e8 alle prime armi con questo tipo di diffusori di fragranze.<\/p>\n\n\n\n<h3 class=\"wp-block-heading\">Informazioni importanti per l'utente<\/h3>\n\n\n\n<ul class=\"wp-block-list\">\n<li>Questo prodotto \u00e8 destinato esclusivamente all'uso come diffusore di fragranze o come solvente per la pulizia.<\/li>\n\n\n\n<li>Non \u00e8 adatto al consumo umano o all'inalazione.<\/li>\n\n\n\n<li>Evitare il contatto diretto con la pelle a causa delle sue propriet\u00e0 caustiche.<\/li>\n\n\n\n<li>Conservare in un luogo fresco e buio e chiudere bene il flacone dopo l'uso.<\/li>\n<\/ul>\n\n\n\n<h3 class=\"wp-block-heading\">Avvertenze<\/h3>\n\n\n\n<ul class=\"wp-block-list\">\n<li>Liquido e vapore altamente infiammabili (H225).<\/li>\n\n\n\n<li>Provoca irritazione cutanea e oculare (H315\/H319).<\/li>\n\n\n\n<li>Tossico per inalazione (H331).<\/li>\n\n\n\n<li>Non \u00e8 un farmaco o un prodotto medico.<\/li>\n\n\n\n<li>Utilizzare solo come indicato.<\/li>\n<\/ul>\n\n\n\n<h3 class=\"wp-block-heading\">Immagazzinamento<\/h3>\n\n\n\n<ul class=\"wp-block-list\">\n<li>Conservare al fresco e all'asciutto.<\/li>\n\n\n\n<li>Tenere fuori dalla portata dei bambini.<\/li>\n<\/ul>\n\n\n\n<h3 class=\"wp-block-heading\">Perch\u00e9 scegliere Juice'd Gold Label Poppers?<\/h3>\n\n\n\n<p>Juice'd Gold Label Poppers combinano un aroma intenso con una composizione di alta qualit\u00e0, perfetta per gli appassionati alla ricerca di un'esperienza di fragranza unica.<\/p>\n\n\n\n<p>Ordinate oggi stesso il vostro flacone di Juice'd Gold Label Poppers e scoprite la qualit\u00e0 e l'intensit\u00e0 che questo prodotto ha da offrire!<\/p>","protected":false},"excerpt":{"rendered":"<p><strong><br \/>ACCESSORI COMPATIBILI:<\/strong><\/p>\n<ul>\n<li><a href=\"https:\/\/stage.poppersparadise.eu\/it\/categoria-di-prodotto\/accessori\/annusatori-grandi\/\">Fiuto Grande<\/a><\/li>\n<li><a href=\"https:\/\/stage.poppersparadise.eu\/it\/prodotto\/porta-poppers-xtrm-grande\/\">XTRM Poppers Supporto grande<\/a><\/li>\n<li><a href=\"https:\/\/stage.poppersparadise.eu\/it\/prodotto\/xtrm-poppers-keeper-grande-24ml\/\">XTRM Poppers Custode Grande<\/a><\/li>\n<\/ul>","protected":false},"featured_media":382,"comment_status":"open","ping_status":"closed","template":"","meta":[],"product_brand":[743],"product_cat":[35],"product_tag":[],"class_list":{"0":"post-889","1":"product","2":"type-product","3":"status-publish","4":"has-post-thumbnail","6":"product_brand-juicd","7":"product_cat-grote-flesjes-poppers","9":"first","10":"instock","11":"taxable","12":"shipping-taxable","13":"purchasable","14":"product-type-simple"},"_links":{"self":[{"href":"https:\/\/stage.poppersparadise.eu\/it\/wp-json\/wp\/v2\/product\/889","targetHints":{"allow":["GET"]}}],"collection":[{"href":"https:\/\/stage.poppersparadise.eu\/it\/wp-json\/wp\/v2\/product"}],"about":[{"href":"https:\/\/stage.poppersparadise.eu\/it\/wp-json\/wp\/v2\/types\/product"}],"replies":[{"embeddable":true,"href":"https:\/\/stage.poppersparadise.eu\/it\/wp-json\/wp\/v2\/comments?post=889"}],"wp:featuredmedia":[{"embeddable":true,"href":"https:\/\/stage.poppersparadise.eu\/it\/wp-json\/wp\/v2\/media\/382"}],"wp:attachment":[{"href":"https:\/\/stage.poppersparadise.eu\/it\/wp-json\/wp\/v2\/media?parent=889"}],"wp:term":[{"taxonomy":"product_brand","embeddable":true,"href":"https:\/\/stage.poppersparadise.eu\/it\/wp-json\/wp\/v2\/product_brand?post=889"},{"taxonomy":"product_cat","embeddable":true,"href":"https:\/\/stage.poppersparadise.eu\/it\/wp-json\/wp\/v2\/product_cat?post=889"},{"taxonomy":"product_tag","embeddable":true,"href":"https:\/\/stage.poppersparadise.eu\/it\/wp-json\/wp\/v2\/product_tag?post=889"}],"curies":[{"name":"wp","href":"https:\/\/api.w.org\/{rel}","templated":true}]}}