{"id":944,"date":"2024-10-08T14:52:36","date_gmt":"2024-10-08T14:52:36","guid":{"rendered":"https:\/\/stage.poppersparadise.eu\/product\/original-zero30ml\/"},"modified":"2025-08-21T10:52:42","modified_gmt":"2025-08-21T08:52:42","slug":"zero-popper-originale-30ml-2","status":"publish","type":"product","link":"https:\/\/stage.poppersparadise.eu\/it\/prodotto\/zero-popper-originale-30ml-2\/","title":{"rendered":"\u26a1Original Zero\u26a130ml"},"content":{"rendered":"<h2 class=\"wp-block-heading\">Scatenate un'emozionante esperienza di fragranza con il potente Original Zero Poppers<\/h2>\n\n\n\n<p>Provate la diffusione di fragranze uniche e intense con Original Zero Poppers, appositamente studiato per gli amanti degli aromi di alta qualit\u00e0. Con una miscela di nitrito di isoamile e nitrito di isopropile, questo prodotto offre un'esperienza di fragranza potente e duratura, perfetta per varie applicazioni.<\/p>\n\n\n\n<h3 class=\"wp-block-heading\">Specifiche del prodotto<\/h3>\n\n\n\n<ul class=\"wp-block-list\">\n<li><strong>Formula potente<\/strong>Composizione di alta qualit\u00e0 per un'intensa diffusione della fragranza.<\/li>\n\n\n\n<li><strong>Confezione conveniente<\/strong>Disponibile in flaconi di vetro da 10 e 30 ml, ideali per i viaggi.<\/li>\n\n\n\n<li><strong>Offerta esclusiva<\/strong>Approfittate dello sconto per l'acquisto di 3 o pi\u00f9 bottiglie.<\/li>\n\n\n\n<li><strong>Miglioramento della freschezza<\/strong>Ogni flacone contiene un pellet per preservare la freschezza e la qualit\u00e0 dell'aroma.<\/li>\n<\/ul>\n\n\n\n<h3 class=\"wp-block-heading\">Informazioni importanti per l'utente<\/h3>\n\n\n\n<ul class=\"wp-block-list\">\n<li>Questo prodotto \u00e8 destinato esclusivamente all'uso come diffusore di fragranze o come solvente per la pulizia.<\/li>\n\n\n\n<li>Non \u00e8 adatto al consumo umano o all'inalazione.<\/li>\n\n\n\n<li>Evitare il contatto diretto con la pelle o con gli occhi a causa delle sue propriet\u00e0 corrosive.<\/li>\n\n\n\n<li>Conservare in un luogo fresco e buio e chiudere bene il flacone dopo l'uso.<\/li>\n<\/ul>\n\n\n\n<h3 class=\"wp-block-heading\">Avvertenze<\/h3>\n\n\n\n<ul class=\"wp-block-list\">\n<li>Liquido e vapore altamente infiammabili (H225).<\/li>\n\n\n\n<li>Provoca irritazione cutanea e oculare (H315\/H319).<\/li>\n\n\n\n<li>Tossico per inalazione (H331).<\/li>\n\n\n\n<li>Non \u00e8 un farmaco o un prodotto medico.<\/li>\n\n\n\n<li>Utilizzare solo come indicato.<\/li>\n<\/ul>\n\n\n\n<h3 class=\"wp-block-heading\">Immagazzinamento<\/h3>\n\n\n\n<ul class=\"wp-block-list\">\n<li>Conservare al fresco e all'asciutto.<\/li>\n\n\n\n<li>Tenere fuori dalla portata dei bambini.<\/li>\n<\/ul>\n\n\n\n<p><strong>Paese di origine<\/strong>: Lussemburgo<\/p>\n\n\n\n<h3 class=\"wp-block-heading\">Ordina oggi Original Zero Poppers<\/h3>\n\n\n\n<p>Con Original Zero Poppers si ottiene un diffusore di fragranze di alta qualit\u00e0 che unisce qualit\u00e0 e funzionalit\u00e0. Ordinate oggi stesso e scoprite perch\u00e9 questo prodotto \u00e8 il preferito dagli appassionati di diffusori di fragranze!<\/p>","protected":false},"excerpt":{"rendered":"<p>Amyl<\/p>","protected":false},"featured_media":651,"comment_status":"open","ping_status":"closed","template":"","meta":[],"product_brand":[748],"product_cat":[35],"product_tag":[],"class_list":{"0":"post-944","1":"product","2":"type-product","3":"status-publish","4":"has-post-thumbnail","6":"product_brand-original","7":"product_cat-grote-flesjes-poppers","9":"first","10":"instock","11":"taxable","12":"shipping-taxable","13":"purchasable","14":"product-type-simple"},"_links":{"self":[{"href":"https:\/\/stage.poppersparadise.eu\/it\/wp-json\/wp\/v2\/product\/944","targetHints":{"allow":["GET"]}}],"collection":[{"href":"https:\/\/stage.poppersparadise.eu\/it\/wp-json\/wp\/v2\/product"}],"about":[{"href":"https:\/\/stage.poppersparadise.eu\/it\/wp-json\/wp\/v2\/types\/product"}],"replies":[{"embeddable":true,"href":"https:\/\/stage.poppersparadise.eu\/it\/wp-json\/wp\/v2\/comments?post=944"}],"wp:featuredmedia":[{"embeddable":true,"href":"https:\/\/stage.poppersparadise.eu\/it\/wp-json\/wp\/v2\/media\/651"}],"wp:attachment":[{"href":"https:\/\/stage.poppersparadise.eu\/it\/wp-json\/wp\/v2\/media?parent=944"}],"wp:term":[{"taxonomy":"product_brand","embeddable":true,"href":"https:\/\/stage.poppersparadise.eu\/it\/wp-json\/wp\/v2\/product_brand?post=944"},{"taxonomy":"product_cat","embeddable":true,"href":"https:\/\/stage.poppersparadise.eu\/it\/wp-json\/wp\/v2\/product_cat?post=944"},{"taxonomy":"product_tag","embeddable":true,"href":"https:\/\/stage.poppersparadise.eu\/it\/wp-json\/wp\/v2\/product_tag?post=944"}],"curies":[{"name":"wp","href":"https:\/\/api.w.org\/{rel}","templated":true}]}}