{"id":10631,"date":"2024-10-13T19:06:52","date_gmt":"2024-10-13T19:06:52","guid":{"rendered":"https:\/\/stage.poppersparadise.eu\/product\/xtrm-snffr-solo-large\/"},"modified":"2025-10-06T23:06:21","modified_gmt":"2025-10-06T21:06:21","slug":"xtrm-snffr-solo-large","status":"publish","type":"product","link":"https:\/\/stage.poppersparadise.eu\/pl\/product\/xtrm-snffr-solo-large\/","title":{"rendered":"XTRM SNFFR Large Solo"},"content":{"rendered":"<p><strong>Inhalator XTRM Sniffer to przystawka do w\u0105chania do urz\u0105dze\u0144 do czyszczenia sk\u00f3ry<\/strong>. Dzi\u0119ki tej przystawce wci\u0105ganie daje zupe\u0142nie nowy odlot. Tak intensywny, tak czysty, tak napalony z najgrubszym m\u0142otkiem, jakiego nigdy nie widzia\u0142e\u015b.<\/p>\n<p>Dzi\u0119ki inhalatorowi XTRM Sniffer, \u015brodek do czyszczenia sk\u00f3ry jest natychmiast gotowy do u\u017cycia, bez konieczno\u015bci grzebania przy zakr\u0119tce. Nie potrzeba ju\u017c waty ani maski, a ryzyko rozlania produktu jest znacznie mniejsze.<\/p>\n<p><strong>A co najlepsze: nie ma \u017cadnych skutk\u00f3w ubocznych. Brak nieprzyjemnego kontaktu sk\u00f3ry z aromatem, brak podra\u017cnie\u0144 i zaczerwienie\u0144 sk\u00f3ry.<\/strong><\/p>\n<ul>\n<li>Pasuje do wszystkich du\u017cych butelek Leather Cleaner<\/li>\n<li>Efekt jest wielokrotnie wzmocniony<\/li>\n<li>System inhalacji otrzymuje wspania\u0142ego kopa dzi\u0119ki wielokrotnej cyrkulacji aromatu<\/li>\n<li>Brak podra\u017cnie\u0144 sk\u00f3ry i czerwonego nosa<\/li>\n<li>Stare aromaty s\u0105 o\u017cywiane przez nasz SNFFR i zn\u00f3w s\u0105 silne jak przedtem<\/li>\n<li>Brak nieprzyjemnego kontaktu sk\u00f3ry z aromatem, brak podra\u017cnienia lub zaczerwienienia sk\u00f3ry<\/li>\n<li>Zabawa na wyci\u0105gni\u0119cie r\u0119ki, koniec k\u0142opot\u00f3w z zakr\u0119tk\u0105<\/li>\n<li>100% wyprodukowane w Austrii (nie w Chinach lub innych tanich krajach)<\/li>\n<li>Inhalator XTRM Sniffer to przystawka do w\u0105chania przeznaczona do czyszczenia sk\u00f3r. Dzi\u0119ki tej przystawce w\u0105chanie daje zupe\u0142nie nowy odlot. Tak intensywny, tak czysty, tak napalony z najgrubszym m\u0142otkiem, jakiego nigdy nie widzia\u0142e\u015b.<\/li>\n<li>Dzi\u0119ki temu inhalatorowi XTRM Sniffer \u015brodek do czyszczenia sk\u00f3ry jest natychmiast gotowy do u\u017cycia, bez konieczno\u015bci grzebania przy zakr\u0119tce. Nie potrzeba ju\u017c waty ani maski, a ryzyko rozlania produktu jest znacznie mniejsze.<\/li>\n<li>A co najlepsze: nie ma \u017cadnych skutk\u00f3w ubocznych. Brak nieprzyjemnego kontaktu sk\u00f3ry z aromatem, brak podra\u017cnie\u0144 i zaczerwienie\u0144 sk\u00f3ry.<\/li>\n<\/ul>\n<p><strong><br \/>Podr\u0119cznik u\u017cytkownika<\/strong>Inhalator XTRM Sniffer nie lubi s\u0142o\u0144ca, ciep\u0142a, zimna ani ostrych \u015brodk\u00f3w czyszcz\u0105cych. Najlepiej umy\u0107 go po ka\u017cdym u\u017cyciu i w\u0142o\u017cy\u0107 z powrotem do opakowania.<\/p>\n<p><img decoding=\"async\" src=\"https:\/\/cdn.webshopapp.com\/shops\/261986\/files\/457767906\/large-bottles.jpg\" alt=\"\" width=\"100%\" \/><\/p>","protected":false},"excerpt":{"rendered":"<p>Inhalator XTRM Sniffer to przystawka do w\u0105chania do urz\u0105dze\u0144 do czyszczenia sk\u00f3ry. Dzi\u0119ki tej przystawce w\u0105chanie daje zupe\u0142nie nowy odlot. Tak intensywny, tak czysty, tak napalony z najgrubszym m\u0142otkiem, jakiego nigdy nie widzia\u0142e\u015b.<\/p>","protected":false},"featured_media":14750,"comment_status":"open","ping_status":"closed","template":"","meta":[],"product_brand":[752],"product_cat":[330,530],"product_tag":[528],"class_list":{"0":"post-10631","1":"product","2":"type-product","3":"status-publish","4":"has-post-thumbnail","6":"product_brand-xtrm","7":"product_cat-accessoires","8":"product_cat-sniffers-large","9":"product_tag-largesnnfr","11":"first","12":"instock","13":"sale","14":"taxable","15":"shipping-taxable","16":"purchasable","17":"product-type-simple"},"_links":{"self":[{"href":"https:\/\/stage.poppersparadise.eu\/pl\/wp-json\/wp\/v2\/product\/10631","targetHints":{"allow":["GET"]}}],"collection":[{"href":"https:\/\/stage.poppersparadise.eu\/pl\/wp-json\/wp\/v2\/product"}],"about":[{"href":"https:\/\/stage.poppersparadise.eu\/pl\/wp-json\/wp\/v2\/types\/product"}],"replies":[{"embeddable":true,"href":"https:\/\/stage.poppersparadise.eu\/pl\/wp-json\/wp\/v2\/comments?post=10631"}],"wp:featuredmedia":[{"embeddable":true,"href":"https:\/\/stage.poppersparadise.eu\/pl\/wp-json\/wp\/v2\/media\/14750"}],"wp:attachment":[{"href":"https:\/\/stage.poppersparadise.eu\/pl\/wp-json\/wp\/v2\/media?parent=10631"}],"wp:term":[{"taxonomy":"product_brand","embeddable":true,"href":"https:\/\/stage.poppersparadise.eu\/pl\/wp-json\/wp\/v2\/product_brand?post=10631"},{"taxonomy":"product_cat","embeddable":true,"href":"https:\/\/stage.poppersparadise.eu\/pl\/wp-json\/wp\/v2\/product_cat?post=10631"},{"taxonomy":"product_tag","embeddable":true,"href":"https:\/\/stage.poppersparadise.eu\/pl\/wp-json\/wp\/v2\/product_tag?post=10631"}],"curies":[{"name":"wp","href":"https:\/\/api.w.org\/{rel}","templated":true}]}}