{"id":10675,"date":"2024-10-13T19:07:15","date_gmt":"2024-10-13T19:07:15","guid":{"rendered":"https:\/\/stage.poppersparadise.eu\/product\/republik-ppprs-sniffer-cap-small\/"},"modified":"2025-09-22T15:59:06","modified_gmt":"2025-09-22T13:59:06","slug":"republik-ppprs-sniffer-cap-small","status":"publish","type":"product","link":"https:\/\/stage.poppersparadise.eu\/pl\/product\/republik-ppprs-sniffer-cap-small\/","title":{"rendered":"Republik Poppers Sniffer Cap Small"},"content":{"rendered":"<h4 class=\"font-bold text-body leading-[24px] pt-[12px] pb-[2px] [&amp;_a]:underline-offset-[6px] [&amp;_.underline]:underline-offset-[6px]\" dir=\"ltr\">Zwi\u0119ksz swoje do\u015bwiadczenie dzi\u0119ki adapterowi Republik Poppers<\/h4>\n<p class=\"text-body font-regular leading-[24px] pt-[9px] pb-[2px]\" dir=\"ltr\">Odkryj nowy poziom wygody i przyjemno\u015bci dzi\u0119ki nowemu adapterowi Republik Poppers. Zaprojektowany z my\u015bl\u0105 o komforcie i wygodzie, ten innowacyjny adapter zmienia spos\u00f3b korzystania z ulubionych popper\u00f3w, zapewniaj\u0105c p\u0142ynne i ekscytuj\u0105ce wra\u017cenia.<\/p>\n<h4 class=\"font-bold text-body leading-[24px] pt-[12px] pb-[2px] [&amp;_a]:underline-offset-[6px] [&amp;_.underline]:underline-offset-[6px]\" dir=\"ltr\">Wa\u017cne instrukcje u\u017cytkowania<\/h4>\n<ul class=\"pt-[9px] pb-[2px] pl-[24px] list-disc [&amp;_ul]:pt-[5px] pt-[5px]\">\n<li class=\"text-body font-regular leading-[24px] my-[5px] [&amp;&gt;ol]:!pt-0 [&amp;&gt;ol]:!pb-0 [&amp;&gt;ul]:!pt-0 [&amp;&gt;ul]:!pb-0\" value=\"1\">Butelk\u0119 nale\u017cy zawsze trzyma\u0107 pionowo i unika\u0107 wstrz\u0105sania.<\/li>\n<li class=\"text-body font-regular leading-[24px] my-[5px] [&amp;&gt;ol]:!pt-0 [&amp;&gt;ol]:!pb-0 [&amp;&gt;ul]:!pt-0 [&amp;&gt;ul]:!pb-0\" value=\"2\">Adapter nie zapobiega wyciekom ani parowaniu, ale zapewnia \u0142atwy dost\u0119p do popper\u00f3w.<\/li>\n<li class=\"text-body font-regular leading-[24px] my-[5px] [&amp;&gt;ol]:!pt-0 [&amp;&gt;ol]:!pb-0 [&amp;&gt;ul]:!pt-0 [&amp;&gt;ul]:!pb-0\" value=\"4\">Podczas u\u017cytkowania nale\u017cy uwa\u017ca\u0107, aby nie zablokowa\u0107 ma\u0142ego otworu wentylacyjnego u podstawy nasadki.<\/li>\n<li class=\"text-body font-regular leading-[24px] my-[5px] [&amp;&gt;ol]:!pt-0 [&amp;&gt;ol]:!pb-0 [&amp;&gt;ul]:!pt-0 [&amp;&gt;ul]:!pb-0\" value=\"5\">Po u\u017cyciu nale\u017cy wymieni\u0107 oryginaln\u0105 nasadk\u0119 i wyczy\u015bci\u0107 adapter ciep\u0142\u0105 wod\u0105, aby zachowa\u0107 jego \u017cywotno\u015b\u0107.<\/li>\n<\/ul>\n<h4 class=\"font-bold text-body leading-[24px] pt-[12px] pb-[2px] [&amp;_a]:underline-offset-[6px] [&amp;_.underline]:underline-offset-[6px]\" dir=\"ltr\">Wszechstronna kompatybilno\u015b\u0107<\/h4>\n<p class=\"text-body font-regular leading-[24px] pt-[9px] pb-[2px]\" dir=\"ltr\">Adapter Republik Poppers jest kompatybilny z szerok\u0105 gam\u0105 butelek, w tym:<\/p>\n<ul class=\"pt-[9px] pb-[2px] pl-[24px] list-disc [&amp;_ul]:pt-[5px] pt-[5px]\">\n<li class=\"text-body font-regular leading-[24px] my-[5px] [&amp;&gt;ol]:!pt-0 [&amp;&gt;ol]:!pb-0 [&amp;&gt;ul]:!pt-0 [&amp;&gt;ul]:!pb-0\" value=\"1\">Wszystkie ma\u0142e poppery<\/li>\n<li class=\"text-body font-regular leading-[24px] my-[5px] [&amp;&gt;ol]:!pt-0 [&amp;&gt;ol]:!pb-0 [&amp;&gt;ul]:!pt-0 [&amp;&gt;ul]:!pb-0\" value=\"2\">\u015aredniej wielko\u015bci poppery (z wyj\u0105tkiem linii Magnum)<\/li>\n<li class=\"text-body font-regular leading-[24px] my-[5px] [&amp;&gt;ol]:!pt-0 [&amp;&gt;ol]:!pb-0 [&amp;&gt;ul]:!pt-0 [&amp;&gt;ul]:!pb-0\" value=\"3\">Du\u017ce owalne poppery, takie jak Rush Ultra Strong, BareBuddy i Xtrash<\/li>\n<li class=\"text-body font-regular leading-[24px] my-[5px] [&amp;&gt;ol]:!pt-0 [&amp;&gt;ol]:!pb-0 [&amp;&gt;ul]:!pt-0 [&amp;&gt;ul]:!pb-0\" value=\"4\">D\u0142ugie butelki, takie jak Highrise Ultra Strong<\/li>\n<li class=\"text-body font-regular leading-[24px] my-[5px] [&amp;&gt;ol]:!pt-0 [&amp;&gt;ol]:!pb-0 [&amp;&gt;ul]:!pt-0 [&amp;&gt;ul]:!pb-0\" value=\"5\">Butelki aluminiowe, takie jak Iron Fist<\/li>\n<li class=\"text-body font-regular leading-[24px] my-[5px] [&amp;&gt;ol]:!pt-0 [&amp;&gt;ol]:!pb-0 [&amp;&gt;ul]:!pt-0 [&amp;&gt;ul]:!pb-0\" value=\"6\">Okr\u0105g\u0142e butelki XL, takie jak Radikal Rush i Amsterdam Revolution<\/li>\n<\/ul>\n<h4 class=\"font-bold text-body leading-[24px] pt-[12px] pb-[2px] [&amp;_a]:underline-offset-[6px] [&amp;_.underline]:underline-offset-[6px]\" dir=\"ltr\">Przekszta\u0142\u0107 swoje do\u015bwiadczenie<\/h4>\n<p class=\"text-body font-regular leading-[24px] pt-[9px] pb-[2px]\" dir=\"ltr\">Po\u017cegnaj si\u0119 z niepor\u0119cznymi nakr\u0119tkami i niechlujnymi wyciekami. Adapter Republik Poppers pozwala cieszy\u0107 si\u0119 bardziej wyrafinowanymi i mocniejszymi doznaniami. Podnie\u015b swoj\u0105 rutyn\u0119 i spraw, by ka\u017cda chwila by\u0142a warta zachodu dzi\u0119ki temu niezb\u0119dnemu akcesorium.<\/p>","protected":false},"excerpt":{"rendered":"<p>Odkryj nowy poziom wygody i zabawy dzi\u0119ki nowemu adapterowi Republik P*ppers. Zaprojektowany z my\u015bl\u0105 o komforcie i wygodzie, ten innowacyjny adapter zmienia spos\u00f3b korzystania z ulubionych p*ppers, zapewniaj\u0105c p\u0142ynne i ekscytuj\u0105ce wra\u017cenia.<\/p>","protected":false},"featured_media":10674,"comment_status":"open","ping_status":"closed","template":"","meta":[],"product_brand":[],"product_cat":[330,529],"product_tag":[527],"class_list":{"0":"post-10675","1":"product","2":"type-product","3":"status-publish","4":"has-post-thumbnail","6":"product_cat-accessoires","7":"product_cat-sniffers-small","8":"product_tag-smallsnffr","10":"first","11":"instock","12":"taxable","13":"shipping-taxable","14":"purchasable","15":"product-type-simple"},"_links":{"self":[{"href":"https:\/\/stage.poppersparadise.eu\/pl\/wp-json\/wp\/v2\/product\/10675","targetHints":{"allow":["GET"]}}],"collection":[{"href":"https:\/\/stage.poppersparadise.eu\/pl\/wp-json\/wp\/v2\/product"}],"about":[{"href":"https:\/\/stage.poppersparadise.eu\/pl\/wp-json\/wp\/v2\/types\/product"}],"replies":[{"embeddable":true,"href":"https:\/\/stage.poppersparadise.eu\/pl\/wp-json\/wp\/v2\/comments?post=10675"}],"wp:featuredmedia":[{"embeddable":true,"href":"https:\/\/stage.poppersparadise.eu\/pl\/wp-json\/wp\/v2\/media\/10674"}],"wp:attachment":[{"href":"https:\/\/stage.poppersparadise.eu\/pl\/wp-json\/wp\/v2\/media?parent=10675"}],"wp:term":[{"taxonomy":"product_brand","embeddable":true,"href":"https:\/\/stage.poppersparadise.eu\/pl\/wp-json\/wp\/v2\/product_brand?post=10675"},{"taxonomy":"product_cat","embeddable":true,"href":"https:\/\/stage.poppersparadise.eu\/pl\/wp-json\/wp\/v2\/product_cat?post=10675"},{"taxonomy":"product_tag","embeddable":true,"href":"https:\/\/stage.poppersparadise.eu\/pl\/wp-json\/wp\/v2\/product_tag?post=10675"}],"curies":[{"name":"wp","href":"https:\/\/api.w.org\/{rel}","templated":true}]}}