{"id":12050,"date":"2024-11-01T12:02:06","date_gmt":"2024-11-01T11:02:06","guid":{"rendered":"https:\/\/stage.poppersparadise.eu\/product\/silicone-premium-glijmiddel-play-harder-deeper\/"},"modified":"2025-09-11T13:18:32","modified_gmt":"2025-09-11T11:18:32","slug":"silikonowy-lubrykant-premium-graj-mocniej-i-glebiej","status":"publish","type":"product","link":"https:\/\/stage.poppersparadise.eu\/pl\/product\/silikonowy-lubrykant-premium-graj-mocniej-i-glebiej\/","title":{"rendered":"XTRM Silicone Premium Lubricant - Play Harder &amp; Deeper"},"content":{"rendered":"<h2 class=\"font-bold text-h3 leading-[36px] pt-[21px] pb-[2px] [&amp;_a]:underline-offset-[6px] [&amp;_.underline]:underline-offset-[6px]\" dir=\"ltr\">Wzmocnij swoje intymne doznania dzi\u0119ki silikonowemu lubrykantowi XTRM<\/h2>\n<p class=\"text-body font-regular leading-[24px] pt-[9px] pb-[2px]\" dir=\"ltr\">Poznaj nasz lubrykant silikonowy XTRM, starannie i innowacyjnie opracowany, aby poprawi\u0107 Twoje intymne chwile. <strong>Doskonale nadaje si\u0119 do stosunku analnego<\/strong> Zaprojektowany, aby przenie\u015b\u0107 osobist\u0105 zabaw\u0119 z dildami i zabawkami na wy\u017cszy poziom, ten lubrykant jest idealnym wyborem dla wyj\u0105tkowych dozna\u0144.<\/p>\n<p class=\"text-body font-regular leading-[24px] pt-[9px] pb-[2px]\" dir=\"ltr\">Nasza opracowana w Niemczech formu\u0142a zapewnia d\u0142ugotrwa\u0142\u0105, aksamitn\u0105 g\u0142adko\u015b\u0107 bez uczucia t\u0142usto\u015bci, zapewniaj\u0105c komfortowy i przyjemny po\u015blizg. Jest ekonomiczny, wymaga tylko niewielkiej ilo\u015bci dla maksymalnego efektu i gwarantuje satysfakcj\u0119 przy ka\u017cdym u\u017cyciu. Co wi\u0119cej, jest bezpieczny dla prezerwatyw, zapewniaj\u0105c dodatkowy spok\u00f3j ducha.<\/p>\n<h3 class=\"font-bold text-h4 leading-[30px] pt-[15px] pb-[2px] [&amp;_a]:underline-offset-[6px] [&amp;_.underline]:underline-offset-[6px]\" dir=\"ltr\">Specyfikacja produktu<\/h3>\n<ul class=\"pt-[9px] pb-[2px] pl-[24px] list-disc [&amp;_ul]:pt-[5px] pt-[5px]\">\n<li class=\"text-body font-regular leading-[24px] my-[5px] [&amp;&gt;ol]:!pt-0 [&amp;&gt;ol]:!pb-0 [&amp;&gt;ul]:!pt-0 [&amp;&gt;ul]:!pb-0\" value=\"1\"><b><strong class=\"font-bold\">Cel<\/strong><\/b>Zwi\u0119kszona przyjemno\u015b\u0107 i komfort podczas stosunku analnego i korzystania z zabawek<\/li>\n<li class=\"text-body font-regular leading-[24px] my-[5px] [&amp;&gt;ol]:!pt-0 [&amp;&gt;ol]:!pb-0 [&amp;&gt;ul]:!pt-0 [&amp;&gt;ul]:!pb-0\" value=\"2\"><b><strong class=\"font-bold\">Tekstura<\/strong><\/b>: Aksamitny, niet\u0142usty w dotyku<\/li>\n<li class=\"text-body font-regular leading-[24px] my-[5px] [&amp;&gt;ol]:!pt-0 [&amp;&gt;ol]:!pb-0 [&amp;&gt;ul]:!pt-0 [&amp;&gt;ul]:!pb-0\" value=\"4\"><b><strong class=\"font-bold\">Pochodzenie<\/strong><\/b>Wyprodukowany w Niemczech z wysokiej jako\u015bci formu\u0142\u0105 nawil\u017caj\u0105c\u0105<\/li>\n<li class=\"text-body font-regular leading-[24px] my-[5px] [&amp;&gt;ol]:!pt-0 [&amp;&gt;ol]:!pb-0 [&amp;&gt;ul]:!pt-0 [&amp;&gt;ul]:!pb-0\" value=\"5\"><b><strong class=\"font-bold\">Bezpiecze\u0144stwo<\/strong><\/b>: Bezpieczne prezerwatywy<\/li>\n<li class=\"text-body font-regular leading-[24px] my-[5px] [&amp;&gt;ol]:!pt-0 [&amp;&gt;ol]:!pb-0 [&amp;&gt;ul]:!pt-0 [&amp;&gt;ul]:!pb-0\" value=\"5\"><strong>Tre\u015b\u0107<\/strong>100 ml<\/li>\n<\/ul>\n\n\n<p><\/p>","protected":false},"excerpt":{"rendered":"<p>Odkryj silikonowy lubrykant XTRM dla aksamitnej, niet\u0142ustej przyjemno\u015bci. Idealny do u\u017cytku analnego i z zabawkami. Wyprodukowany w Niemczech, bezpieczny dla prezerwatyw.<\/p>","protected":false},"featured_media":12049,"comment_status":"open","ping_status":"closed","template":"","meta":[],"product_brand":[],"product_cat":[479],"product_tag":[],"class_list":{"0":"post-12050","1":"product","2":"type-product","3":"status-publish","4":"has-post-thumbnail","6":"product_cat-drogist","8":"first","9":"outofstock","10":"taxable","11":"shipping-taxable","12":"purchasable","13":"product-type-simple"},"_links":{"self":[{"href":"https:\/\/stage.poppersparadise.eu\/pl\/wp-json\/wp\/v2\/product\/12050","targetHints":{"allow":["GET"]}}],"collection":[{"href":"https:\/\/stage.poppersparadise.eu\/pl\/wp-json\/wp\/v2\/product"}],"about":[{"href":"https:\/\/stage.poppersparadise.eu\/pl\/wp-json\/wp\/v2\/types\/product"}],"replies":[{"embeddable":true,"href":"https:\/\/stage.poppersparadise.eu\/pl\/wp-json\/wp\/v2\/comments?post=12050"}],"wp:featuredmedia":[{"embeddable":true,"href":"https:\/\/stage.poppersparadise.eu\/pl\/wp-json\/wp\/v2\/media\/12049"}],"wp:attachment":[{"href":"https:\/\/stage.poppersparadise.eu\/pl\/wp-json\/wp\/v2\/media?parent=12050"}],"wp:term":[{"taxonomy":"product_brand","embeddable":true,"href":"https:\/\/stage.poppersparadise.eu\/pl\/wp-json\/wp\/v2\/product_brand?post=12050"},{"taxonomy":"product_cat","embeddable":true,"href":"https:\/\/stage.poppersparadise.eu\/pl\/wp-json\/wp\/v2\/product_cat?post=12050"},{"taxonomy":"product_tag","embeddable":true,"href":"https:\/\/stage.poppersparadise.eu\/pl\/wp-json\/wp\/v2\/product_tag?post=12050"}],"curies":[{"name":"wp","href":"https:\/\/api.w.org\/{rel}","templated":true}]}}