{"id":12105,"date":"2024-11-01T12:53:55","date_gmt":"2024-11-01T11:53:55","guid":{"rendered":"https:\/\/stage.poppersparadise.eu\/?post_type=product&#038;p=12105"},"modified":"2025-08-04T18:10:58","modified_gmt":"2025-08-04T16:10:58","slug":"aluminiowy-uchwyt-na-poppersy-xtrm","status":"publish","type":"product","link":"https:\/\/stage.poppersparadise.eu\/pl\/product\/aluminiowy-uchwyt-na-poppersy-xtrm\/","title":{"rendered":"XTRM Poppers Houder (Aluminium)"},"content":{"rendered":"<h2 class=\"font-bold text-h3 leading-[36px] pt-[21px] pb-[2px] [&amp;_a]:underline-offset-[6px] [&amp;_.underline]:underline-offset-[6px]\" dir=\"ltr\">Zrewolucjonizuj swoje doznania smakowe dzi\u0119ki uchwytowi XTRM<\/h2>\n<p class=\"text-body font-regular leading-[24px] pt-[9px] pb-[2px]\" dir=\"ltr\">Uchwyt XTRM to co\u015b wi\u0119cej ni\u017c tylko stojak; to arcydzie\u0142o in\u017cynierii, zaprojektowane do bezpiecznego trzymania popper\u00f3w w ka\u017cdych warunkach. To niezast\u0105pione akcesorium zapewnia, \u017ce popper lub kanister pozostaje na swoim miejscu, oferuj\u0105c niezr\u00f3wnan\u0105 stabilno\u015b\u0107.<\/p>\n<h3 class=\"font-bold text-h4 leading-[30px] pt-[15px] pb-[2px] [&amp;_a]:underline-offset-[6px] [&amp;_.underline]:underline-offset-[6px]\" dir=\"ltr\">Najwa\u017cniejsze cechy:<\/h3>\n<ul class=\"pt-[9px] pb-[2px] pl-[24px] list-disc [&amp;_ul]:pt-[5px] pt-[5px]\">\n<li class=\"text-body font-regular leading-[24px] my-[5px] [&amp;&gt;ol]:!pt-0 [&amp;&gt;ol]:!pb-0 [&amp;&gt;ul]:!pt-0 [&amp;&gt;ul]:!pb-0\" value=\"1\"><b><strong class=\"font-bold\">Bezpieczny uchwyt<\/strong><\/b>Utrzymuje poppery stabilnie i zapobiega rozlaniu i przewr\u00f3ceniu.<\/li>\n<li class=\"text-body font-regular leading-[24px] my-[5px] [&amp;&gt;ol]:!pt-0 [&amp;&gt;ol]:!pb-0 [&amp;&gt;ul]:!pt-0 [&amp;&gt;ul]:!pb-0\" value=\"2\"><b><strong class=\"font-bold\">Adaptowalna konstrukcja<\/strong><\/b>Bez trudu dopasowuje si\u0119 do r\u00f3\u017cnych kszta\u0142t\u00f3w butelek, zapewniaj\u0105c pewny chwyt.<\/li>\n<li class=\"text-body font-regular leading-[24px] my-[5px] [&amp;&gt;ol]:!pt-0 [&amp;&gt;ol]:!pb-0 [&amp;&gt;ul]:!pt-0 [&amp;&gt;ul]:!pb-0\" value=\"3\"><b><strong class=\"font-bold\">Wytrzyma\u0142a konstrukcja<\/strong><\/b>Zbudowany, aby wytrzyma\u0107 intensywne u\u017cytkowanie bez utraty stabilno\u015bci.<\/li>\n<li class=\"text-body font-regular leading-[24px] my-[5px] [&amp;&gt;ol]:!pt-0 [&amp;&gt;ol]:!pb-0 [&amp;&gt;ul]:!pt-0 [&amp;&gt;ul]:!pb-0\" value=\"4\"><b><strong class=\"font-bold\">Koncentracja na do\u015bwiadczeniu<\/strong><\/b>Zapewnia nieprzerwan\u0105 rado\u015b\u0107 z sensorycznej przygody.<\/li>\n<li class=\"text-body font-regular leading-[24px] my-[5px] [&amp;&gt;ol]:!pt-0 [&amp;&gt;ol]:!pb-0 [&amp;&gt;ul]:!pt-0 [&amp;&gt;ul]:!pb-0\" value=\"5\"><b><strong class=\"font-bold\">\u0141atwy w u\u017cyciu<\/strong><\/b>Zaprojektowany, aby pozosta\u0107 na butelce podczas u\u017cytkowania w celu \u0142atwego dost\u0119pu.<\/li>\n<li class=\"text-body font-regular leading-[24px] my-[5px] [&amp;&gt;ol]:!pt-0 [&amp;&gt;ol]:!pb-0 [&amp;&gt;ul]:!pt-0 [&amp;&gt;ul]:!pb-0\" value=\"6\"><b><strong class=\"font-bold\">Wszechstronne zastosowanie<\/strong><\/b>: Idealny zar\u00f3wno do u\u017cytku osobistego, jak i zawodowego.<\/li>\n<\/ul>\n<h3 class=\"font-bold text-h4 leading-[30px] pt-[15px] pb-[2px] [&amp;_a]:underline-offset-[6px] [&amp;_.underline]:underline-offset-[6px]\" dir=\"ltr\">Specyfikacja produktu:<\/h3>\n<ul class=\"pt-[9px] pb-[2px] pl-[24px] list-disc [&amp;_ul]:pt-[5px] pt-[5px]\">\n<li class=\"text-body font-regular leading-[24px] my-[5px] [&amp;&gt;ol]:!pt-0 [&amp;&gt;ol]:!pb-0 [&amp;&gt;ul]:!pt-0 [&amp;&gt;ul]:!pb-0\" value=\"1\">Nadaje si\u0119 do wszystkich butelek aluminiowych<\/li>\n<li class=\"text-body font-regular leading-[24px] my-[5px] [&amp;&gt;ol]:!pt-0 [&amp;&gt;ol]:!pb-0 [&amp;&gt;ul]:!pt-0 [&amp;&gt;ul]:!pb-0\" value=\"2\">Solidna jako\u015b\u0107 produkcji XTRM<\/li>\n<li class=\"text-body font-regular leading-[24px] my-[5px] [&amp;&gt;ol]:!pt-0 [&amp;&gt;ol]:!pb-0 [&amp;&gt;ul]:!pt-0 [&amp;&gt;ul]:!pb-0\" value=\"3\">Zaprojektowany z my\u015bl\u0105 o \u0142atwo\u015bci u\u017cytkowania i maksymalnej stabilno\u015bci<\/li>\n<\/ul>\n<p class=\"text-body font-regular leading-[24px] pt-[9px] pb-[2px]\" dir=\"ltr\">Ciesz si\u0119 intensywn\u0105 zabaw\u0105 bez rozpraszania uwagi. Stylowy i niezwykle praktyczny uchwyt XTRM gwarantuje, \u017ce butelka pozostanie na swoim miejscu bez wzgl\u0119du na to, jak zostanie umieszczona.<\/p>\n\n\n<p><\/p>","protected":false},"excerpt":{"rendered":"<p>Uchwyt XTRM umo\u017cliwia bezpieczne trzymanie popper\u00f3w. Trwa\u0142y, elastyczny i idealny na ka\u017cd\u0105 okazj\u0119.<\/p>","protected":false},"featured_media":12057,"comment_status":"open","ping_status":"closed","template":"","meta":[],"product_brand":[],"product_cat":[330,534],"product_tag":[],"class_list":{"0":"post-12105","1":"product","2":"type-product","3":"status-publish","4":"has-post-thumbnail","6":"product_cat-accessoires","7":"product_cat-poppers-houders","9":"first","10":"instock","11":"taxable","12":"shipping-taxable","13":"purchasable","14":"product-type-simple"},"_links":{"self":[{"href":"https:\/\/stage.poppersparadise.eu\/pl\/wp-json\/wp\/v2\/product\/12105","targetHints":{"allow":["GET"]}}],"collection":[{"href":"https:\/\/stage.poppersparadise.eu\/pl\/wp-json\/wp\/v2\/product"}],"about":[{"href":"https:\/\/stage.poppersparadise.eu\/pl\/wp-json\/wp\/v2\/types\/product"}],"replies":[{"embeddable":true,"href":"https:\/\/stage.poppersparadise.eu\/pl\/wp-json\/wp\/v2\/comments?post=12105"}],"wp:featuredmedia":[{"embeddable":true,"href":"https:\/\/stage.poppersparadise.eu\/pl\/wp-json\/wp\/v2\/media\/12057"}],"wp:attachment":[{"href":"https:\/\/stage.poppersparadise.eu\/pl\/wp-json\/wp\/v2\/media?parent=12105"}],"wp:term":[{"taxonomy":"product_brand","embeddable":true,"href":"https:\/\/stage.poppersparadise.eu\/pl\/wp-json\/wp\/v2\/product_brand?post=12105"},{"taxonomy":"product_cat","embeddable":true,"href":"https:\/\/stage.poppersparadise.eu\/pl\/wp-json\/wp\/v2\/product_cat?post=12105"},{"taxonomy":"product_tag","embeddable":true,"href":"https:\/\/stage.poppersparadise.eu\/pl\/wp-json\/wp\/v2\/product_tag?post=12105"}],"curies":[{"name":"wp","href":"https:\/\/api.w.org\/{rel}","templated":true}]}}