{"id":12968,"date":"2024-11-25T12:19:43","date_gmt":"2024-11-25T11:19:43","guid":{"rendered":"https:\/\/stage.poppersparadise.eu\/?post_type=product&#038;p=12968"},"modified":"2025-09-20T12:00:10","modified_gmt":"2025-09-20T10:00:10","slug":"fist-extra-pure-poppers-24ml","status":"publish","type":"product","link":"https:\/\/stage.poppersparadise.eu\/pl\/product\/fist-extra-pure-poppers-24ml\/","title":{"rendered":"Fist Extra Pure 24ml"},"content":{"rendered":"<h2 class=\"wp-block-heading\">Odkryj moc Fist Extra Pure Poppers 24ml<\/h2>\n\n\n\n<p>Do\u015bwiadcz intensywnych dozna\u0144 zapachowych z Fist Extra Pure Poppers 24ml. Ten pot\u0119\u017cny dyfuzor zapachowy z formu\u0142\u0105 zawieraj\u0105c\u0105 90% czystego azotynu propylu oferuje wyj\u0105tkowe i \u017cywe doznania zapachowe. Idealny dla os\u00f3b poszukuj\u0105cych wyj\u0105tkowej atmosfery i d\u0142ugotrwa\u0142ej dyfuzji zapachu.<\/p>\n\n\n\n<h3 class=\"wp-block-heading\">Zalety Fist Extra Pure Poppers<\/h3>\n\n\n\n<ul class=\"wp-block-list\">\n<li><strong>Intensywne doznania zapachowe<\/strong>Dzi\u0119ki pot\u0119\u017cnej formule zawieraj\u0105cej 90% czystego azotynu propylu, mo\u017cesz cieszy\u0107 si\u0119 niezr\u00f3wnan\u0105 intensywno\u015bci\u0105 zapachu.<\/li>\n\n\n\n<li><strong>Zachowanie jako\u015bci<\/strong>Pakowany w szklan\u0105 butelk\u0119, aby zapewni\u0107 jako\u015b\u0107 i moc.<\/li>\n\n\n\n<li><strong>Wszechstronne zastosowanie<\/strong>: Idealny do tworzenia ekscytuj\u0105cej atmosfery podczas specjalnych okazji.<\/li>\n<\/ul>\n\n\n\n<h3 class=\"wp-block-heading\">Bezpieczne u\u017cytkowanie<\/h3>\n\n\n\n<ul class=\"wp-block-list\">\n<li>Przechowywa\u0107 w ch\u0142odnym, ciemnym miejscu, z dala od \u017ar\u00f3de\u0142 \u015bwiat\u0142a i ciep\u0142a.<\/li>\n\n\n\n<li>Wysoce \u0142atwopalny; obchodzi\u0107 si\u0119 ostro\u017cnie.<\/li>\n\n\n\n<li>Zamkn\u0105\u0107 nasadk\u0119 po ka\u017cdym u\u017cyciu, aby zapobiec parowaniu.<\/li>\n<\/ul>\n\n\n\n<h3 class=\"wp-block-heading\">Wa\u017cne informacje<\/h3>\n\n\n\n<p>Ten produkt jest przeznaczony wy\u0142\u0105cznie do u\u017cytku jako dyfuzor zapachowy lub rozpuszczalnik czyszcz\u0105cy. Nie nadaje si\u0119 do spo\u017cycia przez ludzi ani do wdychania. Produkt nale\u017cy przechowywa\u0107 w ch\u0142odnym i ciemnym miejscu, a po u\u017cyciu szczelnie zamkn\u0105\u0107 butelk\u0119.<\/p>\n\n\n\n<h3 class=\"wp-block-heading\">Ostrze\u017cenia<\/h3>\n\n\n\n<ul class=\"wp-block-list\">\n<li>Wysoce \u0142atwopalna ciecz i pary (H225).<\/li>\n\n\n\n<li>Powoduje podra\u017cnienie sk\u00f3ry i oczu (H315\/H319).<\/li>\n\n\n\n<li>Dzia\u0142a toksycznie przez drogi oddechowe (H331).<\/li>\n\n\n\n<li>Brak lek\u00f3w.<\/li>\n\n\n\n<li>Stosowa\u0107 wy\u0142\u0105cznie zgodnie z zaleceniami.<\/li>\n<\/ul>\n\n\n\n<h3 class=\"wp-block-heading\">Przechowywanie<\/h3>\n\n\n\n<p>Przechowywa\u0107 w ch\u0142odnym i suchym miejscu. Przechowywa\u0107 w miejscu niedost\u0119pnym dla dzieci.<\/p>\n\n\n\n<h3 class=\"wp-block-heading\">Kraj pochodzenia<\/h3>\n\n\n\n<p>Francja<\/p>","protected":false},"excerpt":{"rendered":"<p><strong><br \/>KOMPATYBILNE AKCESORIA:<\/strong><\/p>\n<ul>\n<li><a href=\"https:\/\/stage.poppersparadise.eu\/pl\/kategoria-produktu\/akcesoria\/sniffery-duze\/\">Sniffers Large<\/a><\/li>\n<li><a href=\"https:\/\/stage.poppersparadise.eu\/pl\/product\/xtrm-poppers-holder-large\/\">XTRM Poppers Uchwyt du\u017cy<\/a><\/li>\n<li><a href=\"https:\/\/stage.poppersparadise.eu\/pl\/product\/xtrm-poppers-keeper-large-24ml\/\">XTRM Poppers Keeper Large<\/a><\/li>\n<\/ul>","protected":false},"featured_media":12969,"comment_status":"open","ping_status":"closed","template":"","meta":[],"product_brand":[741],"product_cat":[35],"product_tag":[],"class_list":{"0":"post-12968","1":"product","2":"type-product","3":"status-publish","4":"has-post-thumbnail","6":"product_brand-fist","7":"product_cat-grote-flesjes-poppers","9":"first","10":"instock","11":"taxable","12":"shipping-taxable","13":"purchasable","14":"product-type-simple"},"_links":{"self":[{"href":"https:\/\/stage.poppersparadise.eu\/pl\/wp-json\/wp\/v2\/product\/12968","targetHints":{"allow":["GET"]}}],"collection":[{"href":"https:\/\/stage.poppersparadise.eu\/pl\/wp-json\/wp\/v2\/product"}],"about":[{"href":"https:\/\/stage.poppersparadise.eu\/pl\/wp-json\/wp\/v2\/types\/product"}],"replies":[{"embeddable":true,"href":"https:\/\/stage.poppersparadise.eu\/pl\/wp-json\/wp\/v2\/comments?post=12968"}],"wp:featuredmedia":[{"embeddable":true,"href":"https:\/\/stage.poppersparadise.eu\/pl\/wp-json\/wp\/v2\/media\/12969"}],"wp:attachment":[{"href":"https:\/\/stage.poppersparadise.eu\/pl\/wp-json\/wp\/v2\/media?parent=12968"}],"wp:term":[{"taxonomy":"product_brand","embeddable":true,"href":"https:\/\/stage.poppersparadise.eu\/pl\/wp-json\/wp\/v2\/product_brand?post=12968"},{"taxonomy":"product_cat","embeddable":true,"href":"https:\/\/stage.poppersparadise.eu\/pl\/wp-json\/wp\/v2\/product_cat?post=12968"},{"taxonomy":"product_tag","embeddable":true,"href":"https:\/\/stage.poppersparadise.eu\/pl\/wp-json\/wp\/v2\/product_tag?post=12968"}],"curies":[{"name":"wp","href":"https:\/\/api.w.org\/{rel}","templated":true}]}}