{"id":13727,"date":"2025-02-05T13:03:59","date_gmt":"2025-02-05T12:03:59","guid":{"rendered":"https:\/\/stage.poppersparadise.eu\/?post_type=product&#038;p=13727"},"modified":"2025-08-18T15:53:34","modified_gmt":"2025-08-18T13:53:34","slug":"rush-amyl-poppers-2","status":"publish","type":"product","link":"https:\/\/stage.poppersparadise.eu\/pl\/product\/rush-amyl-poppers-2\/","title":{"rendered":"Rush Amyl 10ml"},"content":{"rendered":"<h2 class=\"wp-block-heading\">Do\u015bwiadcz wra\u017ce\u0144 z Rush Amyl poppers 10ml<\/h2>\n\n\n\n<p>Do\u0142\u0105cz do globalnej spo\u0142eczno\u015bci mi\u0142o\u015bnik\u00f3w popper\u00f3w z Rush Amyl 10ml. Wprowadzony na rynek w lutym 2025 roku, ten najnowszy popper PWD oferuje pot\u0119\u017cne i wyj\u0105tkowe doznania zapachowe, idealne do podkre\u015blenia intymnych chwil.<\/p>\n\n\n\n<h3 class=\"wp-block-heading\">Odblokuj moc zaawansowanej formu\u0142y<\/h3>\n\n\n\n<ul class=\"wp-block-list\">\n<li><strong>Wyj\u0105tkowe do\u015bwiadczenie<\/strong>Zaprojektowany specjalnie dla fan\u00f3w poppers\u00f3w, Rush Amyl 10ml oferuje wyj\u0105tkow\u0105 i niezapomnian\u0105 dyfuzj\u0119 zapachu.<\/li>\n\n\n\n<li><strong>Zwi\u0119kszona przyjemno\u015b\u0107<\/strong>: Osi\u0105gnij bardziej intensywne i intymne chwile dzi\u0119ki tej ulepszonej wersji.<\/li>\n<\/ul>\n\n\n\n<h3 class=\"wp-block-heading\">Innowacyjny i zr\u00f3wnowa\u017cony projekt<\/h3>\n\n\n\n<ul class=\"wp-block-list\">\n<li><strong>Wytrzyma\u0142a szklana butelka<\/strong>Zapewnia d\u0142ugotrwa\u0142\u0105 \u015bwie\u017co\u015b\u0107 i oferuje trwa\u0142\u0105 konstrukcj\u0119 dopasowan\u0105 do Twojego stylu \u017cycia.<\/li>\n\n\n\n<li><strong>Bezpieczna nasadka<\/strong>Zapobiega rozlewaniu i zapewnia \u0142atwo\u015b\u0107 u\u017cytkowania w r\u00f3\u017cnych sytuacjach.<\/li>\n<\/ul>\n\n\n\n<h3 class=\"wp-block-heading\">Wa\u017cne informacje<\/h3>\n\n\n\n<p>Ten produkt jest przeznaczony wy\u0142\u0105cznie do u\u017cytku jako dyfuzor zapachowy lub rozpuszczalnik czyszcz\u0105cy. Nie nadaje si\u0119 do spo\u017cycia przez ludzi ani do wdychania. Produkt nale\u017cy przechowywa\u0107 w ch\u0142odnym i ciemnym miejscu, a po u\u017cyciu szczelnie zamkn\u0105\u0107 butelk\u0119.<\/p>\n\n\n\n<h3 class=\"wp-block-heading\">Ostrze\u017cenia<\/h3>\n\n\n\n<ul class=\"wp-block-list\">\n<li>Wysoce \u0142atwopalna ciecz i pary (H225).<\/li>\n\n\n\n<li>Powoduje podra\u017cnienie sk\u00f3ry i oczu (H315\/H319).<\/li>\n\n\n\n<li>Dzia\u0142a toksycznie przez drogi oddechowe (H331).<\/li>\n\n\n\n<li>Brak lek\u00f3w.<\/li>\n\n\n\n<li>Stosowa\u0107 wy\u0142\u0105cznie zgodnie z zaleceniami.<\/li>\n<\/ul>\n\n\n\n<h3 class=\"wp-block-heading\">Przechowywanie<\/h3>\n\n\n\n<p>Przechowywa\u0107 w ch\u0142odnym i suchym miejscu. Przechowywa\u0107 w miejscu niedost\u0119pnym dla dzieci.<\/p>\n\n\n\n<h3 class=\"wp-block-heading\">Kraj pochodzenia<\/h3>\n\n\n\n<p>Francja<\/p>","protected":false},"excerpt":{"rendered":"<p><strong><br \/>KOMPATYBILNE AKCESORIA:<\/strong><\/p>\n<ul>\n<li><a href=\"https:\/\/stage.poppersparadise.eu\/pl\/kategoria-produktu\/akcesoria\/sniffery-male\/\">Sniffers Small<\/a><\/li>\n<li><a href=\"https:\/\/stage.poppersparadise.eu\/pl\/product\/xtrm-poppers-houder-zwart-small\/\">XTRM Poppers Uchwyt ma\u0142y<\/a><\/li>\n<li><a href=\"https:\/\/stage.poppersparadise.eu\/pl\/product\/xtrm-poppers-keeper-small-10ml\/\">XTRM Poppers Keeper Small<\/a><\/li>\n<\/ul>","protected":false},"featured_media":13728,"comment_status":"open","ping_status":"closed","template":"","meta":[],"product_brand":[751],"product_cat":[34],"product_tag":[],"class_list":{"0":"post-13727","1":"product","2":"type-product","3":"status-publish","4":"has-post-thumbnail","6":"product_brand-rush","7":"product_cat-kleine-flesjes-poppers","9":"first","10":"instock","11":"taxable","12":"shipping-taxable","13":"purchasable","14":"product-type-simple"},"_links":{"self":[{"href":"https:\/\/stage.poppersparadise.eu\/pl\/wp-json\/wp\/v2\/product\/13727","targetHints":{"allow":["GET"]}}],"collection":[{"href":"https:\/\/stage.poppersparadise.eu\/pl\/wp-json\/wp\/v2\/product"}],"about":[{"href":"https:\/\/stage.poppersparadise.eu\/pl\/wp-json\/wp\/v2\/types\/product"}],"replies":[{"embeddable":true,"href":"https:\/\/stage.poppersparadise.eu\/pl\/wp-json\/wp\/v2\/comments?post=13727"}],"wp:featuredmedia":[{"embeddable":true,"href":"https:\/\/stage.poppersparadise.eu\/pl\/wp-json\/wp\/v2\/media\/13728"}],"wp:attachment":[{"href":"https:\/\/stage.poppersparadise.eu\/pl\/wp-json\/wp\/v2\/media?parent=13727"}],"wp:term":[{"taxonomy":"product_brand","embeddable":true,"href":"https:\/\/stage.poppersparadise.eu\/pl\/wp-json\/wp\/v2\/product_brand?post=13727"},{"taxonomy":"product_cat","embeddable":true,"href":"https:\/\/stage.poppersparadise.eu\/pl\/wp-json\/wp\/v2\/product_cat?post=13727"},{"taxonomy":"product_tag","embeddable":true,"href":"https:\/\/stage.poppersparadise.eu\/pl\/wp-json\/wp\/v2\/product_tag?post=13727"}],"curies":[{"name":"wp","href":"https:\/\/api.w.org\/{rel}","templated":true}]}}