{"id":13787,"date":"2025-02-13T17:19:55","date_gmt":"2025-02-13T16:19:55","guid":{"rendered":"https:\/\/stage.poppersparadise.eu\/?post_type=product&#038;p=13787"},"modified":"2025-09-20T00:00:54","modified_gmt":"2025-09-19T22:00:54","slug":"super-rush-10-ml-z-adapterem","status":"publish","type":"product","link":"https:\/\/stage.poppersparadise.eu\/pl\/product\/super-rush-10-ml-z-adapterem\/","title":{"rendered":"Super Rush 10ml met Adapter"},"content":{"rendered":"<h2 class=\"wp-block-heading\">Discover Super Rush poppers 10 ml z adapterem<\/h2>\n\n\n\n<p>Super Rush poppers 10 ml z adapterem to wysokiej jako\u015bci dyfuzor zapachowy, kt\u00f3ry \u0142\u0105czy w sobie tradycj\u0119 i innowacyjno\u015b\u0107. Ta ekskluzywna premiera przenosi dziedzictwo legendarnego poppera PWD Super Rush na nowy poziom i jest dostarczana z bezp\u0142atnym, innowacyjnym dyfuzorem zapachowym dla zwi\u0119kszenia u\u017cyteczno\u015bci. Idealny zar\u00f3wno dla nowicjuszy, jak i do\u015bwiadczonych u\u017cytkownik\u00f3w, produkt ten oferuje wyj\u0105tkowe i d\u0142ugotrwa\u0142e doznania zapachowe.<\/p>\n\n\n\n<h3 class=\"wp-block-heading\">Dlaczego warto wybra\u0107 poppery Super Rush?<\/h3>\n\n\n\n<p>Poppers Super Rush zawiera azotyn izopropylu, kt\u00f3ry zapewnia szybk\u0105 i intensywn\u0105 dyfuzj\u0119 zapachu. Do\u0142\u0105czony dyfuzor zapachu sprawia, \u017ce u\u017cytkowanie jest \u0142atwe i bezproblemowe, pozwalaj\u0105c w pe\u0142ni cieszy\u0107 si\u0119 dyfuzj\u0105 zapachu. Ten produkt jest idealny dla tych, kt\u00f3rzy szukaj\u0105 najwy\u017cszej jako\u015bci wra\u017ce\u0144 z innowacyjnym akcentem.<\/p>\n\n\n\n<h3 class=\"wp-block-heading\">Praktyczna i innowacyjna konstrukcja<\/h3>\n\n\n\n<p>Butelka o pojemno\u015bci 10 ml jest kompaktowa i \u0142atwa w u\u017cyciu, a wysokiej jako\u015bci formu\u0142a zapewnia sta\u0142\u0105 dyfuzj\u0119 zapachu. Bezp\u0142atny dyfuzor zapachowy zapewnia dodatkow\u0105 wygod\u0119 i sprawia, \u017ce produkt ten jest idealny do r\u00f3\u017cnych zastosowa\u0144.<\/p>\n\n\n\n<h3 class=\"wp-block-heading\">Wa\u017cne informacje<\/h3>\n\n\n\n<p>Ten produkt jest przeznaczony wy\u0142\u0105cznie do u\u017cytku jako dyfuzor zapachowy lub rozpuszczalnik czyszcz\u0105cy. Nie nadaje si\u0119 do spo\u017cycia przez ludzi ani do wdychania. Produkt nale\u017cy przechowywa\u0107 w ch\u0142odnym i ciemnym miejscu, a po u\u017cyciu szczelnie zamkn\u0105\u0107 butelk\u0119.<\/p>\n\n\n\n<h3 class=\"wp-block-heading\">Ostrze\u017cenia<\/h3>\n\n\n\n<p>Wysoce \u0142atwopalna ciecz i pary (H225).<br>Powoduje podra\u017cnienie sk\u00f3ry i oczu (H315\/H319).<br>Dzia\u0142a toksycznie przez drogi oddechowe (H331).<br>Brak lek\u00f3w.<br>Stosowa\u0107 wy\u0142\u0105cznie zgodnie z zaleceniami.<\/p>\n\n\n\n<h3 class=\"wp-block-heading\">Przechowywanie<\/h3>\n\n\n\n<p>Przechowywa\u0107 w ch\u0142odnym i suchym miejscu. Przechowywa\u0107 w miejscu niedost\u0119pnym dla dzieci.<\/p>\n\n\n\n<h3 class=\"wp-block-heading\">Kraj pochodzenia<\/h3>\n\n\n\n<p>Francja<\/p>\n\n\n\n<p><\/p>","protected":false},"excerpt":{"rendered":"<p><strong><br \/>KOMPATYBILNE AKCESORIA:<\/strong><\/p>\n<ul>\n<li><a href=\"https:\/\/stage.poppersparadise.eu\/pl\/kategoria-produktu\/akcesoria\/sniffery-male\/\">Sniffers Small<\/a><\/li>\n<li><a href=\"https:\/\/stage.poppersparadise.eu\/pl\/product\/xtrm-poppers-houder-zwart-small\/\">XTRM Poppers Uchwyt ma\u0142y<\/a><\/li>\n<li><a href=\"https:\/\/stage.poppersparadise.eu\/pl\/product\/xtrm-poppers-keeper-small-10ml\/\">XTRM Poppers Keeper Small<\/a><\/li>\n<\/ul>","protected":false},"featured_media":13788,"comment_status":"open","ping_status":"closed","template":"","meta":[],"product_brand":[751],"product_cat":[34],"product_tag":[],"class_list":{"0":"post-13787","1":"product","2":"type-product","3":"status-publish","4":"has-post-thumbnail","6":"product_brand-rush","7":"product_cat-kleine-flesjes-poppers","9":"first","10":"instock","11":"taxable","12":"shipping-taxable","13":"purchasable","14":"product-type-simple"},"_links":{"self":[{"href":"https:\/\/stage.poppersparadise.eu\/pl\/wp-json\/wp\/v2\/product\/13787","targetHints":{"allow":["GET"]}}],"collection":[{"href":"https:\/\/stage.poppersparadise.eu\/pl\/wp-json\/wp\/v2\/product"}],"about":[{"href":"https:\/\/stage.poppersparadise.eu\/pl\/wp-json\/wp\/v2\/types\/product"}],"replies":[{"embeddable":true,"href":"https:\/\/stage.poppersparadise.eu\/pl\/wp-json\/wp\/v2\/comments?post=13787"}],"wp:featuredmedia":[{"embeddable":true,"href":"https:\/\/stage.poppersparadise.eu\/pl\/wp-json\/wp\/v2\/media\/13788"}],"wp:attachment":[{"href":"https:\/\/stage.poppersparadise.eu\/pl\/wp-json\/wp\/v2\/media?parent=13787"}],"wp:term":[{"taxonomy":"product_brand","embeddable":true,"href":"https:\/\/stage.poppersparadise.eu\/pl\/wp-json\/wp\/v2\/product_brand?post=13787"},{"taxonomy":"product_cat","embeddable":true,"href":"https:\/\/stage.poppersparadise.eu\/pl\/wp-json\/wp\/v2\/product_cat?post=13787"},{"taxonomy":"product_tag","embeddable":true,"href":"https:\/\/stage.poppersparadise.eu\/pl\/wp-json\/wp\/v2\/product_tag?post=13787"}],"curies":[{"name":"wp","href":"https:\/\/api.w.org\/{rel}","templated":true}]}}