{"id":13977,"date":"2025-02-17T20:30:02","date_gmt":"2025-02-17T19:30:02","guid":{"rendered":"https:\/\/stage.poppersparadise.eu\/?post_type=product&#038;p=13977"},"modified":"2025-09-02T18:20:22","modified_gmt":"2025-09-02T16:20:22","slug":"xtrm-alpha-fuck-poppers-25ml","status":"publish","type":"product","link":"https:\/\/stage.poppersparadise.eu\/pl\/product\/xtrm-alpha-fuck-poppers-25ml\/","title":{"rendered":"XTRM Alpha Fuck 25ml"},"content":{"rendered":"<h2 class=\"wp-block-heading\">Odkryj XTRM Alpha Fuck poppers 25 ml<\/h2>\n\n\n\n<p>XTRM Alpha Fuck poppers 25 ml to wysokiej jako\u015bci dyfuzor zapachowy, zaprojektowany specjalnie z my\u015bl\u0105 o d\u0142ugotrwa\u0142ym i sp\u00f3jnym zapachu. Dzi\u0119ki silnej formule azotynu pentylu, produkt ten oferuje najwy\u017cszej jako\u015bci dyfuzj\u0119 zapach\u00f3w, idealn\u0105 dla tych, kt\u00f3rzy szukaj\u0105 jako\u015bci i niezawodno\u015bci.<\/p>\n\n\n\n<h3 class=\"wp-block-heading\">Dlaczego warto wybra\u0107 XTRM Alpha Fuck Poppers?<\/h3>\n\n\n\n<p>XTRM Alpha Fuck poppers zosta\u0142 zaprojektowany z zaawansowan\u0105 formu\u0142\u0105 azotynu pentylu, kt\u00f3ra zapewnia d\u0142ugotrwa\u0142e i skuteczne rozpraszanie zapachu. Pojemna butelka 25 ml jest idealna dla cz\u0119stych u\u017cytkownik\u00f3w i oferuje najwy\u017cszej jako\u015bci doznania bez nieprzyjemnych aromat\u00f3w.<\/p>\n\n\n\n<h3 class=\"wp-block-heading\">Praktyczna i wszechstronna konstrukcja<\/h3>\n\n\n\n<p>Flakon o pojemno\u015bci 25 ml jest kompaktowy i \u0142atwy w u\u017cyciu, a jego silna formu\u0142a robi wra\u017cenie. Po\u0142\u0105cz go z ekskluzywnym SNFFR\u00ae dla optymalnej dyfuzji zapachu bez bezpo\u015bredniego kontaktu z aromatem.<\/p>\n\n\n\n<h3 class=\"wp-block-heading\">Wa\u017cne informacje<\/h3>\n\n\n\n<p>Ten produkt jest przeznaczony wy\u0142\u0105cznie do u\u017cytku jako dyfuzor zapachowy lub rozpuszczalnik czyszcz\u0105cy. Nie nadaje si\u0119 do spo\u017cycia przez ludzi ani do wdychania. Produkt nale\u017cy przechowywa\u0107 w ch\u0142odnym i ciemnym miejscu, a po u\u017cyciu szczelnie zamkn\u0105\u0107 butelk\u0119.<\/p>\n\n\n\n<h3 class=\"wp-block-heading\">Ostrze\u017cenia<\/h3>\n\n\n\n<p>Wysoce \u0142atwopalna ciecz i pary (H225).<br>Powoduje podra\u017cnienie sk\u00f3ry i oczu (H315\/H319).<br>Dzia\u0142a toksycznie przez drogi oddechowe (H331).<br>Brak lek\u00f3w.<br>Stosowa\u0107 wy\u0142\u0105cznie zgodnie z zaleceniami.<\/p>\n\n\n\n<h3 class=\"wp-block-heading\">Przechowywanie<\/h3>\n\n\n\n<p>Przechowywa\u0107 w ch\u0142odnym i suchym miejscu. Przechowywa\u0107 w miejscu niedost\u0119pnym dla dzieci.<\/p>\n\n\n\n<h3 class=\"wp-block-heading\">Kraj pochodzenia<\/h3>\n\n\n\n<p>Austria<\/p>\n\n\n\n<p><\/p>","protected":false},"excerpt":{"rendered":"<p><strong><br \/>KOMPATYBILNE AKCESORIA:<\/strong><\/p>\n<ul>\n<li><a href=\"https:\/\/stage.poppersparadise.eu\/pl\/kategoria-produktu\/akcesoria\/sniffery-male\/\">Sniffers Small<\/a><\/li>\n<li><a href=\"https:\/\/stage.poppersparadise.eu\/pl\/product\/owalny-uchwyt-na-poppersy-xtrm\/\">XTRM Poppers Uchwyt owalny<\/a><\/li>\n<li><a href=\"https:\/\/stage.poppersparadise.eu\/pl\/product\/xtrm-poppers-keeper-large-24ml\/\">XTRM Poppers Keeper Large<\/a><\/li>\n<\/ul>","protected":false},"featured_media":14686,"comment_status":"open","ping_status":"closed","template":"","meta":[],"product_brand":[752],"product_cat":[35],"product_tag":[],"class_list":{"0":"post-13977","1":"product","2":"type-product","3":"status-publish","4":"has-post-thumbnail","6":"product_brand-xtrm","7":"product_cat-grote-flesjes-poppers","9":"first","10":"instock","11":"taxable","12":"shipping-taxable","13":"purchasable","14":"product-type-simple"},"_links":{"self":[{"href":"https:\/\/stage.poppersparadise.eu\/pl\/wp-json\/wp\/v2\/product\/13977","targetHints":{"allow":["GET"]}}],"collection":[{"href":"https:\/\/stage.poppersparadise.eu\/pl\/wp-json\/wp\/v2\/product"}],"about":[{"href":"https:\/\/stage.poppersparadise.eu\/pl\/wp-json\/wp\/v2\/types\/product"}],"replies":[{"embeddable":true,"href":"https:\/\/stage.poppersparadise.eu\/pl\/wp-json\/wp\/v2\/comments?post=13977"}],"wp:featuredmedia":[{"embeddable":true,"href":"https:\/\/stage.poppersparadise.eu\/pl\/wp-json\/wp\/v2\/media\/14686"}],"wp:attachment":[{"href":"https:\/\/stage.poppersparadise.eu\/pl\/wp-json\/wp\/v2\/media?parent=13977"}],"wp:term":[{"taxonomy":"product_brand","embeddable":true,"href":"https:\/\/stage.poppersparadise.eu\/pl\/wp-json\/wp\/v2\/product_brand?post=13977"},{"taxonomy":"product_cat","embeddable":true,"href":"https:\/\/stage.poppersparadise.eu\/pl\/wp-json\/wp\/v2\/product_cat?post=13977"},{"taxonomy":"product_tag","embeddable":true,"href":"https:\/\/stage.poppersparadise.eu\/pl\/wp-json\/wp\/v2\/product_tag?post=13977"}],"curies":[{"name":"wp","href":"https:\/\/api.w.org\/{rel}","templated":true}]}}