{"id":14776,"date":"2025-02-28T15:49:54","date_gmt":"2025-02-28T14:49:54","guid":{"rendered":"https:\/\/stage.poppersparadise.eu\/?post_type=product&#038;p=14776"},"modified":"2025-08-16T12:14:18","modified_gmt":"2025-08-16T10:14:18","slug":"potrojnie-podnoszone-poppersy-3x25ml","status":"publish","type":"product","link":"https:\/\/stage.poppersparadise.eu\/pl\/product\/potrojnie-podnoszone-poppersy-3x25ml\/","title":{"rendered":"Triple Rise Up 25ml + Gratis XTRM SNFFR"},"content":{"rendered":"<h2 class=\"wp-block-heading\">Odkryj nasz potr\u00f3jny zestaw Rise Up Poppers 25ml + gratis XTRM SNFFR<\/h2>\n\n\n\n<p>Nie wiesz, kt\u00f3ry model Rise Up najbardziej Ci odpowiada? To Twoja szansa, aby wypr\u00f3bowa\u0107 je wszystkie! W tym ekskluzywnym zestawie otrzymasz trzy flakony o pojemno\u015bci 25 ml, a tak\u017ce bezp\u0142atny XTRM SNFFR o warto\u015bci 9,95 \u20ac. Idealny dla mi\u0142o\u015bnik\u00f3w, kt\u00f3rzy chc\u0105 odkry\u0107 wi\u0119cej i cieszy\u0107 si\u0119 intensywnymi doznaniami zapachowymi.<\/p>\n\n\n\n<h3 class=\"wp-block-heading\">Dlaczego warto wybra\u0107 nasze poppery?<\/h3>\n\n\n\n<ul class=\"wp-block-list\">\n<li><strong>Darmowy prezent<\/strong>Otrzymaj XTRM SNFFR o warto\u015bci 9,95 \u20ac wraz z zam\u00f3wieniem.<\/li>\n\n\n\n<li><strong>Wyj\u0105tkowo czyste formu\u0142y<\/strong>Dla intensywnych i wyj\u0105tkowych dozna\u0144 zapachowych.<\/li>\n\n\n\n<li><strong>Silne sk\u0142adniki<\/strong>Na bazie amylu i pentylu dla r\u00f3\u017cnych efekt\u00f3w.<\/li>\n\n\n\n<li><strong>Zni\u017cka dla pracownik\u00f3w<\/strong>: Zaoszcz\u0119d\u017a wi\u0119cej przy zakupie wielu zestaw\u00f3w.<\/li>\n\n\n\n<li><strong>Bogata zawarto\u015b\u0107<\/strong>3 szklane fiolki o pojemno\u015bci 25 ml.<\/li>\n<\/ul>\n\n\n\n<h3 class=\"wp-block-heading\">Jak to dzia\u0142a?<\/h3>\n\n\n\n<p>Wystarczy wybra\u0107 zestaw Triple Rise Up Poppers 25ml i doda\u0107 go do koszyka. Idealny do dzielenia si\u0119 lub delektowania si\u0119 nim w wyj\u0105tkowych chwilach.<\/p>\n\n\n\n<h3 class=\"wp-block-heading\">Wa\u017cne informacje<\/h3>\n\n\n\n<p>Tych produkt\u00f3w nale\u017cy u\u017cywa\u0107 wy\u0142\u0105cznie jako dyfuzor\u00f3w zapachowych lub rozpuszczalnik\u00f3w czyszcz\u0105cych. Nie nadaj\u0105 si\u0119 one do spo\u017cycia przez ludzi i nie nale\u017cy ich wdycha\u0107. Butelki nale\u017cy przechowywa\u0107 w ch\u0142odnym, ciemnym miejscu i szczelnie zamyka\u0107 po u\u017cyciu.<\/p>\n\n\n\n<h3 class=\"wp-block-heading\">Ostrze\u017cenia<\/h3>\n\n\n\n<ul class=\"wp-block-list\">\n<li>Wysoce \u0142atwopalna ciecz i pary (H225).<\/li>\n\n\n\n<li>Powoduje podra\u017cnienie sk\u00f3ry i oczu (H315\/H319).<\/li>\n\n\n\n<li>Dzia\u0142a toksycznie przez drogi oddechowe (H331).<\/li>\n\n\n\n<li>Stosowa\u0107 wy\u0142\u0105cznie zgodnie z zaleceniami.<\/li>\n<\/ul>\n\n\n\n<h3 class=\"wp-block-heading\">Przechowywanie<\/h3>\n\n\n\n<p>Przechowywa\u0107 w ch\u0142odnym i suchym miejscu. Przechowywa\u0107 w miejscu niedost\u0119pnym dla dzieci.<\/p>\n\n\n\n<h3 class=\"wp-block-heading\">Kraj pochodzenia<\/h3>\n\n\n\n<p>UE.<\/p>\n\n\n\n<p><\/p>","protected":false},"excerpt":{"rendered":"<p>Skorzystaj z tej tymczasowej promocji ju\u017c teraz<\/p>","protected":false},"featured_media":14778,"comment_status":"open","ping_status":"closed","template":"","meta":[],"product_brand":[750],"product_cat":[33],"product_tag":[],"class_list":{"0":"post-14776","1":"product","2":"type-product","3":"status-publish","4":"has-post-thumbnail","6":"product_brand-rise-up","7":"product_cat-party-packs","9":"first","10":"instock","11":"sale","12":"taxable","13":"shipping-taxable","14":"purchasable","15":"product-type-simple"},"_links":{"self":[{"href":"https:\/\/stage.poppersparadise.eu\/pl\/wp-json\/wp\/v2\/product\/14776","targetHints":{"allow":["GET"]}}],"collection":[{"href":"https:\/\/stage.poppersparadise.eu\/pl\/wp-json\/wp\/v2\/product"}],"about":[{"href":"https:\/\/stage.poppersparadise.eu\/pl\/wp-json\/wp\/v2\/types\/product"}],"replies":[{"embeddable":true,"href":"https:\/\/stage.poppersparadise.eu\/pl\/wp-json\/wp\/v2\/comments?post=14776"}],"wp:featuredmedia":[{"embeddable":true,"href":"https:\/\/stage.poppersparadise.eu\/pl\/wp-json\/wp\/v2\/media\/14778"}],"wp:attachment":[{"href":"https:\/\/stage.poppersparadise.eu\/pl\/wp-json\/wp\/v2\/media?parent=14776"}],"wp:term":[{"taxonomy":"product_brand","embeddable":true,"href":"https:\/\/stage.poppersparadise.eu\/pl\/wp-json\/wp\/v2\/product_brand?post=14776"},{"taxonomy":"product_cat","embeddable":true,"href":"https:\/\/stage.poppersparadise.eu\/pl\/wp-json\/wp\/v2\/product_cat?post=14776"},{"taxonomy":"product_tag","embeddable":true,"href":"https:\/\/stage.poppersparadise.eu\/pl\/wp-json\/wp\/v2\/product_tag?post=14776"}],"curies":[{"name":"wp","href":"https:\/\/api.w.org\/{rel}","templated":true}]}}