{"id":15507,"date":"2025-03-26T09:49:44","date_gmt":"2025-03-26T08:49:44","guid":{"rendered":"https:\/\/stage.poppersparadise.eu\/product\/black-label-poeder-glijmiddel-op-waterbasis-275-gr\/"},"modified":"2025-08-15T11:41:14","modified_gmt":"2025-08-15T09:41:14","slug":"fist-it-black-label-smar-w-proszku-na-bazie-wody-275-gr","status":"publish","type":"product","link":"https:\/\/stage.poppersparadise.eu\/pl\/product\/fist-it-black-label-smar-w-proszku-na-bazie-wody-275-gr\/","title":{"rendered":"Fist-It Black Label Smar w proszku na bazie wody - 275 gr"},"content":{"rendered":"<h2 class=\"font-bold text-h3 leading-[40px] pt-[21px] pb-[2px] [&amp;_a]:underline-offset-[6px] [&amp;_.underline]:underline-offset-[6px]\" dir=\"ltr\">Fist It Black Label Powder Lube Lubricant - 275 gr<\/h2>\n<p class=\"text-body font-regular leading-[24px] pt-[9px] pb-[2px]\" dir=\"ltr\">Poznaj swojego nowego faworyta dla najwy\u017cszej przyjemno\u015bci i komfortu. Lubrykant na bazie wody Fist-It Black Label Powder - 275 gr oferuje ca\u0142kowicie spersonalizowane doznania. Wystarczy doda\u0107 wod\u0119, aby uzyska\u0107 jedwabi\u015bcie g\u0142adki lubrykant, kt\u00f3ry idealnie odpowiada Twoim potrzebom. Idealny do przyjemno\u015bci solo lub ekscytuj\u0105cych chwil z partnerem!<\/p>\n<h3 class=\"font-bold text-h4 leading-[30px] pt-[15px] pb-[2px] [&amp;_a]:underline-offset-[6px] [&amp;_.underline]:underline-offset-[6px]\" dir=\"ltr\">Najwa\u017cniejsze cechy<\/h3>\n<ul class=\"pt-[9px] pb-[2px] pl-[24px] list-inside list-disc pt-[5px]\">\n<li class=\"text-body font-regular leading-[24px] my-[5px] [&amp;&gt;ol]:!pt-0 [&amp;&gt;ol]:!pb-0 [&amp;&gt;ul]:!pt-0 [&amp;&gt;ul]:!pb-0\" value=\"1\"><b><strong class=\"font-bold\">Samomieszaj\u0105cy si\u0119 smar<\/strong><\/b>: Po\u0142\u0105cz proszek z wod\u0105, aby uzyska\u0107 mi\u0119kk\u0105 konsystencj\u0119, kt\u00f3r\u0105 mo\u017cesz kontrolowa\u0107.<\/li>\n<li class=\"text-body font-regular leading-[24px] my-[5px] [&amp;&gt;ol]:!pt-0 [&amp;&gt;ol]:!pb-0 [&amp;&gt;ul]:!pt-0 [&amp;&gt;ul]:!pb-0\" value=\"2\"><b><strong class=\"font-bold\">Bez smaku i zapachu<\/strong><\/b>\u017badnych rozpraszaczy, wi\u0119c pasja jest w centrum uwagi.<\/li>\n<li class=\"text-body font-regular leading-[24px] my-[5px] [&amp;&gt;ol]:!pt-0 [&amp;&gt;ol]:!pb-0 [&amp;&gt;ul]:!pt-0 [&amp;&gt;ul]:!pb-0\" value=\"3\"><b><strong class=\"font-bold\">Wszechstronno\u015b\u0107 i wygoda<\/strong><\/b>Nadaje si\u0119 do r\u00f3\u017cnych intymnych gier i chwil.<\/li>\n<li class=\"text-body font-regular leading-[24px] my-[5px] [&amp;&gt;ol]:!pt-0 [&amp;&gt;ol]:!pb-0 [&amp;&gt;ul]:!pt-0 [&amp;&gt;ul]:!pb-0\" value=\"4\"><b><strong class=\"font-bold\">\u0141atwy do sp\u0142ukania<\/strong><\/b>Sprawia, \u017ce sprz\u0105tanie jest szybkie i \u0142atwe.<\/li>\n<li class=\"text-body font-regular leading-[24px] my-[5px] [&amp;&gt;ol]:!pt-0 [&amp;&gt;ol]:!pb-0 [&amp;&gt;ul]:!pt-0 [&amp;&gt;ul]:!pb-0\" value=\"5\"><b><strong class=\"font-bold\">Idealny do podr\u00f3\u017cy<\/strong><\/b>Wygodny do przenoszenia i mieszania w dowolnym miejscu.<\/li>\n<li class=\"text-body font-regular leading-[24px] my-[5px] [&amp;&gt;ol]:!pt-0 [&amp;&gt;ol]:!pb-0 [&amp;&gt;ul]:!pt-0 [&amp;&gt;ul]:!pb-0\" value=\"6\"><b><strong class=\"font-bold\">Sk\u0142adniki<\/strong><\/b>POLIAKRYLAN SODU<\/li>\n<\/ul>\n<p class=\"text-body font-regular leading-[24px] pt-[9px] pb-[2px]\" dir=\"ltr\">Uwolnij swoj\u0105 kreatywno\u015b\u0107 i ciesz si\u0119 spersonalizowan\u0105 tekstur\u0105, kt\u00f3ra sprawi, \u017ce ka\u017cda intymna chwila b\u0119dzie niezapomniana. The <b><strong class=\"font-bold\">Fist It Black Label Powder Lube<\/strong><\/b> jest po to, by ci\u0119 wspiera\u0107 bez wzgl\u0119du na to, jak grasz.<\/p>","protected":false},"excerpt":{"rendered":"<p>Fist Sprawia, \u017ce sesje fistingu lub fistingu s\u0105 \u0142atwiejsze, lepsze i bardziej intensywne. Nasza kolekcja oferuje r\u00f3\u017cne lubrykanty, w tym analne \u015brodki rozlu\u017aniaj\u0105ce, bardzo g\u0119ste, naturalne i znieczulaj\u0105ce. Ka\u017cdy lubrykant zosta\u0142 zaprojektowany w celu zwi\u0119kszenia dozna\u0144 i przyjemno\u015bci.<\/p>","protected":false},"featured_media":15506,"comment_status":"open","ping_status":"closed","template":"","meta":[],"product_brand":[],"product_cat":[479,671],"product_tag":[],"class_list":{"0":"post-15507","1":"product","2":"type-product","3":"status-publish","4":"has-post-thumbnail","6":"product_cat-drogist","7":"product_cat-glijmiddelen","9":"first","10":"instock","11":"taxable","12":"shipping-taxable","13":"purchasable","14":"product-type-simple"},"_links":{"self":[{"href":"https:\/\/stage.poppersparadise.eu\/pl\/wp-json\/wp\/v2\/product\/15507","targetHints":{"allow":["GET"]}}],"collection":[{"href":"https:\/\/stage.poppersparadise.eu\/pl\/wp-json\/wp\/v2\/product"}],"about":[{"href":"https:\/\/stage.poppersparadise.eu\/pl\/wp-json\/wp\/v2\/types\/product"}],"replies":[{"embeddable":true,"href":"https:\/\/stage.poppersparadise.eu\/pl\/wp-json\/wp\/v2\/comments?post=15507"}],"wp:featuredmedia":[{"embeddable":true,"href":"https:\/\/stage.poppersparadise.eu\/pl\/wp-json\/wp\/v2\/media\/15506"}],"wp:attachment":[{"href":"https:\/\/stage.poppersparadise.eu\/pl\/wp-json\/wp\/v2\/media?parent=15507"}],"wp:term":[{"taxonomy":"product_brand","embeddable":true,"href":"https:\/\/stage.poppersparadise.eu\/pl\/wp-json\/wp\/v2\/product_brand?post=15507"},{"taxonomy":"product_cat","embeddable":true,"href":"https:\/\/stage.poppersparadise.eu\/pl\/wp-json\/wp\/v2\/product_cat?post=15507"},{"taxonomy":"product_tag","embeddable":true,"href":"https:\/\/stage.poppersparadise.eu\/pl\/wp-json\/wp\/v2\/product_tag?post=15507"}],"curies":[{"name":"wp","href":"https:\/\/api.w.org\/{rel}","templated":true}]}}